{"id":89,"date":"2017-10-13T16:07:50","date_gmt":"2017-10-13T16:07:50","guid":{"rendered":"http:\/\/ecoconstructioncameroon.com\/?page_id=89"},"modified":"2025-01-24T04:07:23","modified_gmt":"2025-01-24T04:07:23","slug":"jobs","status":"publish","type":"page","link":"https:\/\/ecoconstructioncameroon.com\/fr\/jobs\/","title":{"rendered":"Emplois"},"content":{"rendered":"<p><\/p>\n<div class=\"boldgrid-section\" style=\"background-image: linear-gradient(to left, #c2e59c, #64b3f4);\" data-bg-color-1=\"#c2e59c\" data-bg-color-2=\"#64b3f4\" data-bg-direction=\"to left\">\n<div class=\"container-fluid\">\n<div class=\"row\">\n<div class=\"col-md-1 col-sm-12 col-xs-12 col-lg-1\"><\/div>\n<div class=\"col-md-5 col-sm-6 col-xs-10 align-column-center col-lg-5\">\n<div class=\"text-center bg-box-flush color1-border-color bg-box\" style=\"border: 10px solid; margin-right: -50px; z-index: 1; position: relative;\">\n<div class=\"row\">\n<div class=\"col-md-6 col-sm-6 col-xs-12 col-lg-6\">\n<div style=\"height: 100%; padding: 1.5em;\" class=\"color1-background-color color-1-text-contrast bg-background-color bg-box\">\n<h3><strong>nous embauchons<\/strong><\/h3>\n<h4>postulez en ligne<\/h4>\n<p style=\"margin-top: 50px;\"><a class=\"btn-color-2 btn btn-small-caps btn-pill btn-raised btn-regular\" href=\"http:\/\/ecoconstructioncameroon.com\/application-form-tech\/\"><strong>postulez&nbsp;<\/strong><\/a><\/p>\n<\/div>\n<\/div>\n<div class=\"col-md-6 col-sm-6 col-xs-12 align-column-center col-lg-6\">\n<div style=\"padding: 3em 3em 3em 1em;\" class=\"bg-box\">\n<p>Nous recrutons actuellement un large \u00e9ventail de techniciens dans tous les m\u00e9tiers du b\u00e2timent pour alimenter notre croissance :&nbsp; \u00e9lectriciens, plombiers, ma\u00e7ons, menuisiers, carreleurs, peintres, etc.<\/p>\n<\/div>\n<\/div>\n<\/div>\n<\/div>\n<\/div>\n<div class=\"col-md-1 col-sm-1 col-xs-2 color-neutral-background-color color-neutral-text-contrast bg-background-color col-lg-1\">\n<div><\/div>\n<\/div>\n<div class=\"col-md-5 col-sm-5 col-xs-12 color-neutral-background-color color-neutral-text-contrast bg-background-color col-lg-5\" style=\"padding: 3em;\">\n<div class=\"row\" style=\"margin-top: 50px; margin-bottom: 50px;\">\n<div class=\"col-md-1 col-sm-2 col-xs-2 col-lg-1\"><strong><i class=\"color1-color fa fa-laptop\" style=\"font-size: 25px;\" aria-hidden=\"true\"><span style=\"display: none;\">&nbsp;<\/span><\/i><\/strong><\/div>\n<div>\n<h3><strong>ING\u00c9NIEURS ET ARCHITECTS<\/strong><\/h3>\n<p class=\"\">Pour soutenir sa croissance, Eco Construction Cameroon recherche des architectes et ing\u00e9nieurs pour ses bureaux de Douala et Yaound\u00e9. Nos architectes et ing\u00e9nieurs sont charg\u00e9s de la conception des plans, de la pr\u00e9paration des devis, de l&rsquo;accompagnement des clients tout au long de leurs projets et de la gestion des projets.<\/p>\n<p>Les candidats doivent \u00eatre titulaires d&rsquo;un dipl\u00f4me universitaire dans une discipline connexe, avoir au moins un an d&rsquo;exp\u00e9rience et \u00eatre parfaitement bilingues, tant \u00e0 l&rsquo;oral qu&rsquo;\u00e0 l&rsquo;\u00e9crit.<\/p>\n<p class=\"\">Les candidats retenus \u00e0 l&rsquo;issue de la s\u00e9lection seront finale soumis \u00e0 un test \u00e0 distance (conception 2D\/3D), \u00e0 un entretien t\u00e9l\u00e9phonique et \u00e0 un entretien en personne.<br \/>\n<strong>Cliquez sur le bouton ci-dessous pour postuler en ligne.<\/strong><\/p>\n<\/div>\n<\/div>\n<div class=\"row\" style=\"margin-top: 50px; margin-bottom: 50px;\">\n<div class=\"col-md-10 col-sm-9 col-xs-10 col-lg-10\">\n<div>\n<p class=\"\" style=\"margin: 0px 0px 10px; color: #000000; text-align: center;\"><a class=\"btn-color-2 btn btn-small-caps btn-pill btn-raised btn-regular\" href=\"http:\/\/ecoconstructioncameroon.com\/application-form-pro\/\"><strong>postulez&nbsp;<\/strong><\/a><\/p>\n<\/div>\n<\/div>\n<\/div>\n<div class=\"row\" style=\"margin-top: 50px; margin-bottom: 50px;\">\n<div class=\"col-md-1 col-sm-2 col-xs-2 col-lg-1\"><strong><i class=\"color1-color fa fa-laptop\" style=\"font-size: 25px;\" aria-hidden=\"true\"><span style=\"display: none;\">&nbsp;<\/span><\/i><\/strong><\/div>\n<div>\n<p class=\"\" style=\"text-align: left;\"><strong>REPRESENTANTS SERVICE CLIENT<\/strong><br \/>\nEco Construction Cameroon recrute des <strong>repr\u00e9sentants de service client (RSC)<\/strong> pour son ses bureaux de Douala et Yaound\u00e9. Nos RSC sont responsables de la gamme compl\u00e8te des t\u00e2ches de service client, y compris le traitement des appels, la r\u00e9ponse aux demandes de renseignements des clients, l&rsquo;accompagnement des clients dans les diff\u00e9rentes phases de leurs projets et la facturation.<\/p>\n<p class=\"\" style=\"text-align: left;\">Les candidats doivent \u00eatre titulaires d&rsquo;un dipl\u00f4me universitaire dans n&rsquo;importe quelle discipline, \u00eatre parfaitement bilingues (\u00e0 l&rsquo;oral comme \u00e0 l&rsquo;\u00e9crit), faire preuve d&rsquo;excellentes comp\u00e9tences r\u00e9dactionnelles, \u00eatre \u00e0 l&rsquo;aise avec les chiffres et ma\u00eetriser les m\u00e9dias sociaux. Des comp\u00e9tences en conception de sites web seront un atout.<\/p>\n<p style=\"text-align: left;\">Les candidats s\u00e9lectionn\u00e9s devront passer des tests \u00e9crits et oraux en anglais, en fran\u00e7ais et en math\u00e9matiques de base, suivi d&rsquo;entretiens t\u00e9l\u00e9phonique et en personne.<\/p>\n<p class=\"\" style=\"margin: 0px 0px 10px; color: #000000; text-align: left;\"><strong>Remarque : Seuls les candidats qui sont tr\u00e8s \u00e0 l&rsquo;aise avec leur anglais et leur fran\u00e7ais parl\u00e9 et \u00e9crit peuvent postuler! Cliquez le bouton dessous.<\/strong><\/p>\n<\/div>\n<\/div>\n<div class=\"row\" style=\"margin-top: 50px; margin-bottom: 50px;\">\n<div class=\"col-md-10 col-sm-9 col-xs-10 col-lg-10\">\n<div>\n<p class=\"\" style=\"margin: 0px 0px 10px; color: #000000; text-align: center;\"><a class=\"btn-color-2 btn btn-small-caps btn-pill btn-raised btn-regular\" href=\"http:\/\/ecoconstructioncameroon.com\/application-form-pro\/\"><strong>postulez&nbsp;<\/strong><\/a><\/p>\n<\/div>\n<\/div>\n<\/div>\n<div class=\"row\" style=\"margin-top: 50px; margin-bottom: 50px;\">\n<div class=\"col-md-1 col-sm-2 col-xs-2 col-lg-1\"><strong><i class=\"color1-color fa fa-laptop\" style=\"font-size: 25px;\" aria-hidden=\"true\"><span style=\"display: none;\">&nbsp;<\/span><\/i><\/strong><\/div>\n<div>\n<p class=\"\" style=\"text-align: left;\"><strong>GESTIONNAIRE, MARKETING NUM\u00c9RIQUE<\/strong><br \/>\nNous recherchons un sp\u00e9cialiste du marketing num\u00e9rique pour g\u00e9rer notre pr\u00e9sence sur les m\u00e9dias sociaux \u00e0 travers de nombreuses plateformes, g\u00e9rer notre site web et tirer profit d&rsquo;autres moyens de marketing en ligne pour atteindre notre public cible, \u00e0 temps plein ou en freelance.<\/p>\n<p><strong>Profil recherch\u00e9<\/strong><br \/>\nFormation cibl\u00e9e sur le marketing num\u00e9rique, les m\u00e9dias sociaux ou le community management.<br \/>\nBonnes comp\u00e9tences en mati\u00e8re de r\u00e9daction et de storytelling.<br \/>\nExp\u00e9rience en conception de sites web<br \/>\nUne exp\u00e9rience en conception graphique et en production vid\u00e9o sera un atout.<br \/>\nMa\u00eetrise de l&rsquo;anglais et du fran\u00e7ais<\/p>\n<p class=\"\" style=\"margin: 0px 0px 10px; color: #000000; text-align: left;\"><strong>Remarque : Seuls les candidats qui sont tr\u00e8s \u00e0 l&rsquo;aise avec leur anglais et leur fran\u00e7ais parl\u00e9 et \u00e9crit peuvent postuler! Cliquez le bouton dessous.<\/strong><\/p>\n<\/div>\n<\/div>\n<div class=\"row\" style=\"margin-top: 50px; margin-bottom: 50px;\">\n<div class=\"col-md-10 col-sm-9 col-xs-10 col-lg-10\">\n<div>\n<p class=\"\" style=\"margin: 0px 0px 10px; color: #000000; text-align: center;\"><a class=\"btn-color-2 btn btn-small-caps btn-pill btn-raised btn-regular\" href=\"http:\/\/ecoconstructioncameroon.com\/application-form-pro\/\"><strong>postulez&nbsp;<\/strong><\/a><\/p>\n<\/div>\n<\/div>\n<\/div>\n<\/div>\n<\/div>\n<\/div>\n<\/div>\n<p><\/p>","protected":false},"excerpt":{"rendered":"<p>nous embauchons postulez en ligne postulez&nbsp; Nous recrutons actuellement un large \u00e9ventail de techniciens dans tous les m\u00e9tiers du b\u00e2timent pour alimenter notre croissance :&nbsp; \u00e9lectriciens, plombiers, ma\u00e7ons, menuisiers, carreleurs, peintres, etc. &nbsp; ING\u00c9NIEURS ET ARCHITECTS Pour soutenir sa croissance, Eco Construction Cameroon recherche des architectes et ing\u00e9nieurs pour ses bureaux de Douala et Yaound\u00e9. [&hellip;]<\/p>\n","protected":false},"author":1,"featured_media":0,"parent":0,"menu_order":0,"comment_status":"closed","ping_status":"closed","template":"","meta":{"bgseo_title":"","bgseo_description":"","bgseo_robots_index":"index","bgseo_robots_follow":"follow","om_disable_all_campaigns":false,"_monsterinsights_skip_tracking":false,"_monsterinsights_sitenote_active":false,"_monsterinsights_sitenote_note":"","_monsterinsights_sitenote_category":0,"footnotes":""},"aioseo_notices":[],"_links":{"self":[{"href":"https:\/\/ecoconstructioncameroon.com\/fr\/wp-json\/wp\/v2\/pages\/89"}],"collection":[{"href":"https:\/\/ecoconstructioncameroon.com\/fr\/wp-json\/wp\/v2\/pages"}],"about":[{"href":"https:\/\/ecoconstructioncameroon.com\/fr\/wp-json\/wp\/v2\/types\/page"}],"author":[{"embeddable":true,"href":"https:\/\/ecoconstructioncameroon.com\/fr\/wp-json\/wp\/v2\/users\/1"}],"replies":[{"embeddable":true,"href":"https:\/\/ecoconstructioncameroon.com\/fr\/wp-json\/wp\/v2\/comments?post=89"}],"version-history":[{"count":70,"href":"https:\/\/ecoconstructioncameroon.com\/fr\/wp-json\/wp\/v2\/pages\/89\/revisions"}],"predecessor-version":[{"id":8808,"href":"https:\/\/ecoconstructioncameroon.com\/fr\/wp-json\/wp\/v2\/pages\/89\/revisions\/8808"}],"wp:attachment":[{"href":"https:\/\/ecoconstructioncameroon.com\/fr\/wp-json\/wp\/v2\/media?parent=89"}],"curies":[{"name":"wp","href":"https:\/\/api.w.org\/{rel}","templated":true}]}}