{"id":8257,"date":"2022-02-02T02:11:57","date_gmt":"2022-02-02T02:11:57","guid":{"rendered":"http:\/\/ecoconstructioncameroon.com\/?page_id=8257"},"modified":"2024-03-27T19:21:23","modified_gmt":"2024-03-27T19:21:23","slug":"completed-projects","status":"publish","type":"page","link":"https:\/\/ecoconstructioncameroon.com\/fr\/completed-projects\/","title":{"rendered":"Projets termin\u00e9s"},"content":{"rendered":"<p><\/p>\n<div class=\"tmpl-gallery-5 boldgrid-section dynamic-gridblock\" style=\"background-image: linear-gradient(to left, #c2e59c, #64b3f4);\" data-bg-color-1=\"#c2e59c\" data-bg-color-2=\"#64b3f4\" data-bg-direction=\"to left\">\n<div class=\"container\">\n<div class=\"row\" style=\"padding-top: 60px; padding-bottom: 30px;\">\n<div class=\"col-md-12 col-sm-12 col-xs-12 col-lg-12\">\n<h2 class=\"h1 color1-color\" style=\"text-align: center;\"><strong>project termin\u00e9s<\/strong><\/h2>\n<p class=\"\" style=\"text-align: center; margin: 30px 0;\">Voici quelques-uns de nos projets termin\u00e9s<\/p>\n<\/div>\n<\/div>\n<div class=\"row\" style=\"padding-top: 20px; padding-bottom: 60px;\">\n<div class=\"col-md-4 col-sm-4 col-xs-12 col-lg-4\">\n<div style=\"margin-top: 15px;\" class=\"bg-box\">\n<p class=\"\"><a href=\"http:\/\/ecoconstructioncameroon.com\/fr\/edea-project-in-pictures\/\"><img loading=\"lazy\" decoding=\"async\" class=\"bg-img bg-img-bevel alignnone wp-image-7237 size-medium\" src=\"http:\/\/ecoconstructioncameroon.com\/wp-content\/uploads\/2020\/06\/20200429_165209-300x169.jpg\" alt=\"\" width=\"300\" height=\"169\" srcset=\"https:\/\/ecoconstructioncameroon.com\/wp-content\/uploads\/2020\/06\/20200429_165209-300x169.jpg 300w, https:\/\/ecoconstructioncameroon.com\/wp-content\/uploads\/2020\/06\/20200429_165209-768x432.jpg 768w, https:\/\/ecoconstructioncameroon.com\/wp-content\/uploads\/2020\/06\/20200429_165209-1024x576.jpg 1024w, https:\/\/ecoconstructioncameroon.com\/wp-content\/uploads\/2020\/06\/20200429_165209-250x141.jpg 250w, https:\/\/ecoconstructioncameroon.com\/wp-content\/uploads\/2020\/06\/20200429_165209-550x309.jpg 550w, https:\/\/ecoconstructioncameroon.com\/wp-content\/uploads\/2020\/06\/20200429_165209-800x450.jpg 800w, https:\/\/ecoconstructioncameroon.com\/wp-content\/uploads\/2020\/06\/20200429_165209-320x180.jpg 320w, https:\/\/ecoconstructioncameroon.com\/wp-content\/uploads\/2020\/06\/20200429_165209-533x300.jpg 533w, https:\/\/ecoconstructioncameroon.com\/wp-content\/uploads\/2020\/06\/20200429_165209-889x500.jpg 889w\" sizes=\"(max-width: 300px) 100vw, 300px\" \/><\/a><\/p>\n<h2 class=\"color1-color\" style=\"text-align: center;\">PROJET d&rsquo;\u00c9D\u00c9A<\/h2>\n<p class=\"\">Bungalow trois chambres dans le quartier Tibda d&rsquo;\u00c9d\u00e9a.<\/p>\n<\/div>\n<\/div>\n<div class=\"col-md-4 col-sm-4 col-xs-12 col-lg-4\">\n<div style=\"margin-top: 15px;\" class=\"bg-box\">\n<p class=\"\"><a href=\"http:\/\/ecoconstructioncameroon.com\/fr\/nyom-yaounde-project-gallery\/\"><img loading=\"lazy\" decoding=\"async\" class=\"bg-img bg-img-bevel alignnone wp-image-8144 size-medium\" src=\"http:\/\/ecoconstructioncameroon.com\/wp-content\/uploads\/2022\/02\/WhatsApp-Image-2021-10-10-at-9.55.09-PM-300x225.jpeg\" alt=\"\" width=\"300\" height=\"225\" srcset=\"https:\/\/ecoconstructioncameroon.com\/wp-content\/uploads\/2022\/02\/WhatsApp-Image-2021-10-10-at-9.55.09-PM-300x225.jpeg 300w, https:\/\/ecoconstructioncameroon.com\/wp-content\/uploads\/2022\/02\/WhatsApp-Image-2021-10-10-at-9.55.09-PM-1024x768.jpeg 1024w, https:\/\/ecoconstructioncameroon.com\/wp-content\/uploads\/2022\/02\/WhatsApp-Image-2021-10-10-at-9.55.09-PM-768x576.jpeg 768w, https:\/\/ecoconstructioncameroon.com\/wp-content\/uploads\/2022\/02\/WhatsApp-Image-2021-10-10-at-9.55.09-PM-1536x1152.jpeg 1536w, https:\/\/ecoconstructioncameroon.com\/wp-content\/uploads\/2022\/02\/WhatsApp-Image-2021-10-10-at-9.55.09-PM-250x188.jpeg 250w, https:\/\/ecoconstructioncameroon.com\/wp-content\/uploads\/2022\/02\/WhatsApp-Image-2021-10-10-at-9.55.09-PM-550x413.jpeg 550w, https:\/\/ecoconstructioncameroon.com\/wp-content\/uploads\/2022\/02\/WhatsApp-Image-2021-10-10-at-9.55.09-PM-800x600.jpeg 800w, https:\/\/ecoconstructioncameroon.com\/wp-content\/uploads\/2022\/02\/WhatsApp-Image-2021-10-10-at-9.55.09-PM-240x180.jpeg 240w, https:\/\/ecoconstructioncameroon.com\/wp-content\/uploads\/2022\/02\/WhatsApp-Image-2021-10-10-at-9.55.09-PM-400x300.jpeg 400w, https:\/\/ecoconstructioncameroon.com\/wp-content\/uploads\/2022\/02\/WhatsApp-Image-2021-10-10-at-9.55.09-PM-667x500.jpeg 667w, https:\/\/ecoconstructioncameroon.com\/wp-content\/uploads\/2022\/02\/WhatsApp-Image-2021-10-10-at-9.55.09-PM.jpeg 2016w\" sizes=\"(max-width: 300px) 100vw, 300px\" \/><\/a><\/p>\n<h2 class=\"color1-color\" style=\"text-align: center;\">PROJET DE NYOM<\/h2>\n<p class=\"\">Bungalow quatre chambres, finition haut de gamme \u00e0 Nyom, Yaounde.<\/p>\n<\/div>\n<\/div>\n<div class=\"col-md-4 col-sm-4 col-xs-12 col-lg-4\">\n<div style=\"margin-top: 15px;\" class=\"bg-box\">\n<p class=\"\"><a href=\"http:\/\/ecoconstructioncameroon.com\/fr\/yassa-project-gallery\/\"><img loading=\"lazy\" decoding=\"async\" class=\"bg-img bg-img-bevel alignnone wp-image-8089 size-medium\" src=\"http:\/\/ecoconstructioncameroon.com\/wp-content\/uploads\/2022\/02\/WhatsApp-Image-2021-12-23-at-2.25.11-PM-3-225x300.jpeg\" alt=\"\" width=\"225\" height=\"300\" srcset=\"https:\/\/ecoconstructioncameroon.com\/wp-content\/uploads\/2022\/02\/WhatsApp-Image-2021-12-23-at-2.25.11-PM-3-225x300.jpeg 225w, https:\/\/ecoconstructioncameroon.com\/wp-content\/uploads\/2022\/02\/WhatsApp-Image-2021-12-23-at-2.25.11-PM-3-768x1024.jpeg 768w, https:\/\/ecoconstructioncameroon.com\/wp-content\/uploads\/2022\/02\/WhatsApp-Image-2021-12-23-at-2.25.11-PM-3-1152x1536.jpeg 1152w, https:\/\/ecoconstructioncameroon.com\/wp-content\/uploads\/2022\/02\/WhatsApp-Image-2021-12-23-at-2.25.11-PM-3-250x333.jpeg 250w, https:\/\/ecoconstructioncameroon.com\/wp-content\/uploads\/2022\/02\/WhatsApp-Image-2021-12-23-at-2.25.11-PM-3-550x733.jpeg 550w, https:\/\/ecoconstructioncameroon.com\/wp-content\/uploads\/2022\/02\/WhatsApp-Image-2021-12-23-at-2.25.11-PM-3-800x1067.jpeg 800w, https:\/\/ecoconstructioncameroon.com\/wp-content\/uploads\/2022\/02\/WhatsApp-Image-2021-12-23-at-2.25.11-PM-3-135x180.jpeg 135w, https:\/\/ecoconstructioncameroon.com\/wp-content\/uploads\/2022\/02\/WhatsApp-Image-2021-12-23-at-2.25.11-PM-3-375x500.jpeg 375w, https:\/\/ecoconstructioncameroon.com\/wp-content\/uploads\/2022\/02\/WhatsApp-Image-2021-12-23-at-2.25.11-PM-3.jpeg 1200w\" sizes=\"(max-width: 225px) 100vw, 225px\" \/><\/a><\/p>\n<h2 class=\"color1-color\" style=\"text-align: center;\">&nbsp;PROJET DE<br \/>\nYASSA<\/h2>\n<p class=\"\">Duplex quatre chambres, finition standard, \u00e0 Yassa, Douala<\/p>\n<\/div>\n<\/div>\n<\/div>\n<\/div>\n<\/div>\n<div class=\"tmpl-gallery-5 boldgrid-section dynamic-gridblock\" style=\"background-image: linear-gradient(to left, #c2e59c, #64b3f4);\" data-bg-color-1=\"#c2e59c\" data-bg-color-2=\"#64b3f4\" data-bg-direction=\"to left\">\n<div class=\"container\">\n<div class=\"row\" style=\"padding-top: 20px; padding-bottom: 60px;\">\n<div class=\"col-md-4 col-sm-4 col-xs-12 col-lg-4\">\n<div style=\"margin-top: 15px;\" class=\"bg-box\">\n<p class=\"\"><a href=\"http:\/\/ecoconstructioncameroon.com\/non-glace-project-gallery\/\"><img loading=\"lazy\" decoding=\"async\" class=\"bg-img bg-img-bevel alignnone wp-image-8284 size-medium\" src=\"http:\/\/ecoconstructioncameroon.com\/wp-content\/uploads\/2022\/02\/WhatsApp-Image-2021-01-18-at-10.56.41-AM-300x180.jpeg\" alt=\"\" width=\"300\" height=\"180\" srcset=\"https:\/\/ecoconstructioncameroon.com\/wp-content\/uploads\/2022\/02\/WhatsApp-Image-2021-01-18-at-10.56.41-AM-300x180.jpeg 300w, https:\/\/ecoconstructioncameroon.com\/wp-content\/uploads\/2022\/02\/WhatsApp-Image-2021-01-18-at-10.56.41-AM-1024x614.jpeg 1024w, https:\/\/ecoconstructioncameroon.com\/wp-content\/uploads\/2022\/02\/WhatsApp-Image-2021-01-18-at-10.56.41-AM-768x461.jpeg 768w, https:\/\/ecoconstructioncameroon.com\/wp-content\/uploads\/2022\/02\/WhatsApp-Image-2021-01-18-at-10.56.41-AM-250x150.jpeg 250w, https:\/\/ecoconstructioncameroon.com\/wp-content\/uploads\/2022\/02\/WhatsApp-Image-2021-01-18-at-10.56.41-AM-550x330.jpeg 550w, https:\/\/ecoconstructioncameroon.com\/wp-content\/uploads\/2022\/02\/WhatsApp-Image-2021-01-18-at-10.56.41-AM-800x480.jpeg 800w, https:\/\/ecoconstructioncameroon.com\/wp-content\/uploads\/2022\/02\/WhatsApp-Image-2021-01-18-at-10.56.41-AM-500x300.jpeg 500w, https:\/\/ecoconstructioncameroon.com\/wp-content\/uploads\/2022\/02\/WhatsApp-Image-2021-01-18-at-10.56.41-AM-833x500.jpeg 833w, https:\/\/ecoconstructioncameroon.com\/wp-content\/uploads\/2022\/02\/WhatsApp-Image-2021-01-18-at-10.56.41-AM.jpeg 1080w\" sizes=\"(max-width: 300px) 100vw, 300px\" \/><\/a><\/p>\n<h2 class=\"color1-color\" style=\"text-align: center;\">PROJET DE NON-GLAC\u00c9 (DOUALA)&nbsp;<\/h2>\n<p class=\"\">R\u00e9novation compl\u00e8te d&rsquo;un bungalow 4 chambres construit dans les ann\u00e9es 80 pour le mettre aux normes d&rsquo;aujourd&rsquo;hui.<\/p>\n<\/div>\n<\/div>\n<div class=\"col-md-4 col-sm-4 col-xs-12 col-lg-4\">\n<div style=\"margin-top: 15px;\" class=\"bg-box\">\n<p class=\"\"><a href=\" http:\/\/ecoconstructioncameroon.com\/nkolmessi-projec\u2026-centre-province\/\"><img loading=\"lazy\" decoding=\"async\" class=\"bg-img bg-img-bevel alignnone wp-image-7598 size-medium\" src=\"http:\/\/ecoconstructioncameroon.com\/wp-content\/uploads\/2021\/01\/WhatsApp-Image-2021-01-02-at-11.48.58-PM-300x300.jpeg\" alt=\"\" width=\"300\" height=\"300\" srcset=\"https:\/\/ecoconstructioncameroon.com\/wp-content\/uploads\/2021\/01\/WhatsApp-Image-2021-01-02-at-11.48.58-PM-300x300.jpeg 300w, https:\/\/ecoconstructioncameroon.com\/wp-content\/uploads\/2021\/01\/WhatsApp-Image-2021-01-02-at-11.48.58-PM-150x150.jpeg 150w, https:\/\/ecoconstructioncameroon.com\/wp-content\/uploads\/2021\/01\/WhatsApp-Image-2021-01-02-at-11.48.58-PM-768x768.jpeg 768w, https:\/\/ecoconstructioncameroon.com\/wp-content\/uploads\/2021\/01\/WhatsApp-Image-2021-01-02-at-11.48.58-PM-1024x1024.jpeg 1024w, https:\/\/ecoconstructioncameroon.com\/wp-content\/uploads\/2021\/01\/WhatsApp-Image-2021-01-02-at-11.48.58-PM-48x48.jpeg 48w, https:\/\/ecoconstructioncameroon.com\/wp-content\/uploads\/2021\/01\/WhatsApp-Image-2021-01-02-at-11.48.58-PM-250x250.jpeg 250w, https:\/\/ecoconstructioncameroon.com\/wp-content\/uploads\/2021\/01\/WhatsApp-Image-2021-01-02-at-11.48.58-PM-550x550.jpeg 550w, https:\/\/ecoconstructioncameroon.com\/wp-content\/uploads\/2021\/01\/WhatsApp-Image-2021-01-02-at-11.48.58-PM-800x800.jpeg 800w, https:\/\/ecoconstructioncameroon.com\/wp-content\/uploads\/2021\/01\/WhatsApp-Image-2021-01-02-at-11.48.58-PM-180x180.jpeg 180w, https:\/\/ecoconstructioncameroon.com\/wp-content\/uploads\/2021\/01\/WhatsApp-Image-2021-01-02-at-11.48.58-PM-500x500.jpeg 500w, https:\/\/ecoconstructioncameroon.com\/wp-content\/uploads\/2021\/01\/WhatsApp-Image-2021-01-02-at-11.48.58-PM.jpeg 1080w\" sizes=\"(max-width: 300px) 100vw, 300px\" \/><\/a><\/p>\n<h2 class=\"color1-color\" style=\"text-align: center;\">projet de NKOLMESSI&nbsp;<\/h2>\n<p class=\"\">Bungalow deux chambres, finition standard \u00e0 Nkolmessi, \u00e0 40 km de Yaound\u00e9.&nbsp;<\/p>\n<\/div>\n<\/div>\n<div class=\"col-md-4 col-sm-4 col-xs-12 col-lg-4\">\n<div style=\"margin-top: 15px;\" class=\"bg-box\">\n<p class=\"\"><img loading=\"lazy\" decoding=\"async\" class=\"bg-img bg-img-bevel wp-image-8259\" src=\"http:\/\/ecoconstructioncameroon.com\/wp-content\/uploads\/2022\/02\/ixlibrb-0.3.5q80fmjpgcropentropycstinysrgbw400h250fitcrops8b5c619e57150de45800d342ec95643a.jpg\" width=\"400\" height=\"250\" srcset=\"https:\/\/ecoconstructioncameroon.com\/wp-content\/uploads\/2022\/02\/ixlibrb-0.3.5q80fmjpgcropentropycstinysrgbw400h250fitcrops8b5c619e57150de45800d342ec95643a.jpg 400w, https:\/\/ecoconstructioncameroon.com\/wp-content\/uploads\/2022\/02\/ixlibrb-0.3.5q80fmjpgcropentropycstinysrgbw400h250fitcrops8b5c619e57150de45800d342ec95643a-300x188.jpg 300w, https:\/\/ecoconstructioncameroon.com\/wp-content\/uploads\/2022\/02\/ixlibrb-0.3.5q80fmjpgcropentropycstinysrgbw400h250fitcrops8b5c619e57150de45800d342ec95643a-250x156.jpg 250w, https:\/\/ecoconstructioncameroon.com\/wp-content\/uploads\/2022\/02\/ixlibrb-0.3.5q80fmjpgcropentropycstinysrgbw400h250fitcrops8b5c619e57150de45800d342ec95643a-288x180.jpg 288w\" sizes=\"(max-width: 400px) 100vw, 400px\" \/><\/p>\n<h2 class=\"color1-color\">&#8230;<\/h2>\n<p class=\"\">&#8230;<\/p>\n<\/div>\n<\/div>\n<\/div>\n<\/div>\n<\/div>\n<div class=\"boldgrid-section\">\n<div class=\"container\">\n<div class=\"row\">\n<div class=\"col-md-12 col-xs-12 col-sm-12 col-lg-12\">\n<p>&nbsp;<\/p>\n<\/div>\n<\/div>\n<\/div>\n<\/div>\n<p><\/p>","protected":false},"excerpt":{"rendered":"<p>D\u00e9sol\u00e9, cet article est seulement disponible en English.<\/p>\n","protected":false},"author":1,"featured_media":0,"parent":0,"menu_order":0,"comment_status":"closed","ping_status":"closed","template":"","meta":{"bgseo_title":"","bgseo_description":"","bgseo_robots_index":"index","bgseo_robots_follow":"follow","om_disable_all_campaigns":false,"_monsterinsights_skip_tracking":false,"_monsterinsights_sitenote_active":false,"_monsterinsights_sitenote_note":"","_monsterinsights_sitenote_category":0,"footnotes":""},"aioseo_notices":[],"_links":{"self":[{"href":"https:\/\/ecoconstructioncameroon.com\/fr\/wp-json\/wp\/v2\/pages\/8257"}],"collection":[{"href":"https:\/\/ecoconstructioncameroon.com\/fr\/wp-json\/wp\/v2\/pages"}],"about":[{"href":"https:\/\/ecoconstructioncameroon.com\/fr\/wp-json\/wp\/v2\/types\/page"}],"author":[{"embeddable":true,"href":"https:\/\/ecoconstructioncameroon.com\/fr\/wp-json\/wp\/v2\/users\/1"}],"replies":[{"embeddable":true,"href":"https:\/\/ecoconstructioncameroon.com\/fr\/wp-json\/wp\/v2\/comments?post=8257"}],"version-history":[{"count":20,"href":"https:\/\/ecoconstructioncameroon.com\/fr\/wp-json\/wp\/v2\/pages\/8257\/revisions"}],"predecessor-version":[{"id":8746,"href":"https:\/\/ecoconstructioncameroon.com\/fr\/wp-json\/wp\/v2\/pages\/8257\/revisions\/8746"}],"wp:attachment":[{"href":"https:\/\/ecoconstructioncameroon.com\/fr\/wp-json\/wp\/v2\/media?parent=8257"}],"curies":[{"name":"wp","href":"https:\/\/api.w.org\/{rel}","templated":true}]}}