{"id":7770,"date":"2021-10-20T19:30:43","date_gmt":"2021-10-20T19:30:43","guid":{"rendered":"http:\/\/ecoconstructioncameroon.com\/?page_id=7770"},"modified":"2023-02-06T20:49:01","modified_gmt":"2023-02-06T20:49:01","slug":"4-bedroom-bungalows","status":"publish","type":"page","link":"https:\/\/ecoconstructioncameroon.com\/fr\/4-bedroom-bungalows\/","title":{"rendered":"Villas 4 chambres"},"content":{"rendered":"<p><\/p>\n<div class=\"boldgrid-section\">\n<div class=\"container-fluid\">\n<div class=\"row\">\n<div class=\"col-md-12 col-xs-12 col-sm-12 col-lg-12\">\n<div class=\"text-center bg-box bg-box-rounded color1-background-color color1-text-default\">\n<p class=\"color-1-text-contrast color1-background-color\" style=\"text-align: center;\">Nos villas 4 chambres offrent beaucoup d&rsquo;espace pour la grande famille camerounaise typique. Ils comprennent<br \/>\nune chambre principale spacieuse avec une salle de bain attenante, une cuisine, un salon, une salle \u00e0 manger et deux v\u00e9randas.<\/p>\n<\/div>\n<\/div>\n<\/div>\n<\/div>\n<\/div>\n<div class=\"boldgrid-section\" style=\"background-image: linear-gradient(to left, #eeeeee, #eeeeee);\" data-bg-color-1=\"#EEEEEE\" data-bg-color-2=\"#EEEEEE\" data-bg-direction=\"to left\">\n<div class=\"container\">\n<div class=\"row\" style=\"padding-bottom: 0px; background-image: linear-gradient(to left, #ffffff, #ffffff);\" data-bg-color-1=\"#FFFFFF\" data-bg-color-2=\"#FFFFFF\" data-bg-direction=\"to left\">\n<div class=\"col-md-12 col-xs-12 col-sm-12 align-column-center col-lg-12\" style=\"padding: 1.6em; border-radius: 15px; box-shadow: #cecece -26px -25px 24px -12px; border: 5.5px double #1e73be; background-image: linear-gradient(#4ca1af, #c4e0e5);\" data-bg-color-1=\"#4CA1AF\" data-bg-color-2=\"#C4E0E5\" data-bg-direction=\"to bottom\">\n<div class=\"\">\n<table style=\"height: 1330px; background-color: #7cb0d3;\" width=\"919\">\n<tbody>\n<tr style=\"height: 143.188px;\">\n<td style=\"height: 143.188px; width: 268.188px;\">\n<h3 class=\"\" style=\"text-align: center;\"><strong><span style=\"color: #ffffff;\">plan DE DISTRIBUTION<\/span><br \/>\n<span style=\"color: #000080;\">#4BA1<\/span><\/strong><\/h3>\n<p class=\"\" style=\"text-align: center;\">&nbsp;<\/p>\n<\/td>\n<td class=\"\" style=\"height: 143.188px; width: 302.219px;\">\n<h4 class=\"\" style=\"text-align: center;\"><span style=\"color: #ffffff;\">SuPERFICIE :<\/span><br \/>\n<span style=\"color: #000080;\"><strong>150m<sup>2<\/sup><\/strong><\/span><\/h4>\n<\/td>\n<td class=\"\" style=\"height: 143.188px; width: 536.406px;\" colspan=\"2\">\n<h4 class=\"\" style=\"text-align: center;\"><span style=\"color: #ffffff;\">Description :<\/span><br \/>\n<span style=\"color: #000080;\"><strong>4 CHAMBREs \u2666 2 SALLES DE BAIN \u2666 2 v\u00c9randas<\/strong><\/span><\/h4>\n<\/td>\n<\/tr>\n<tr style=\"height: 297.359px;\">\n<td class=\"\" style=\"height: 297.359px; width: 268.188px;\">\n<h3 class=\"\"><strong>&nbsp;<\/strong><\/h3>\n<h3 class=\"\" style=\"text-align: right;\"><span style=\"color: #ffffff;\"><strong>PRIX :<\/strong><\/span><\/h3>\n<p>&nbsp;<\/td>\n<td class=\"\" style=\"height: 297.359px; width: 302.219px;\">\n<h4 class=\"\" style=\"text-align: center;\"><strong><span style=\"color: #ffffff;\">Standard :<\/span> &nbsp;<\/strong><\/h4>\n<h4 class=\"\" style=\"text-align: center;\"><span style=\"color: #000080;\">AVEC LES BTS :<\/span><strong><span style=\"color: #000080;\"><br \/>\n18.00 million FCFA<br \/>\n<\/span><\/strong><span style=\"color: #000080;\">AVEC LES PARPAINGS :<\/span><strong><span style=\"color: #000080;\"><br \/>\n19.98 million fcfa<\/span><\/strong><\/h4>\n<h4 class=\"\" style=\"text-align: center;\"><strong><span style=\"color: #000080;\">&nbsp;<\/span><\/strong><\/h4>\n<\/td>\n<td class=\"\" style=\"height: 297.359px; width: 322.234px;\">\n<h4 class=\"\" style=\"text-align: center;\"><span style=\"color: #ffffff;\"><strong>HAUT DE GAMME :<\/strong><\/span><\/h4>\n<h4 class=\"\" style=\"text-align: center;\">AVEC LES BTS<span style=\"color: #000080;\"> :<\/span><strong><span style=\"color: #000080;\"><br \/>\n21.60 million FCFA<br \/>\n<\/span><\/strong><span style=\"color: #000080;\">AVEC LES PARPAINGS :<\/span><strong><span style=\"color: #000080;\"><br \/>\n23.98 million fcfa<\/span><\/strong><\/h4>\n<h4 class=\"\" style=\"text-align: center;\"><strong><span style=\"color: #000080;\">&nbsp;<\/span><\/strong><\/h4>\n<\/td>\n<td class=\"\" style=\"height: 297.359px; width: 214.172px;\">\n<h4 class=\"\" style=\"text-align: center;\"><span style=\"color: #ffffff;\"><strong>LuxE :<\/strong><\/span><\/h4>\n<h4 class=\"\" style=\"text-align: center;\"><span style=\"color: #000080;\">AVEC LES BTS :<\/span><strong><span style=\"color: #000080;\"><br \/>\n28.80 million FCFA<br \/>\n<\/span><\/strong><span style=\"color: #000080;\">AVEC LES PARPAINGS :<\/span><strong><span style=\"color: #000080;\"><br \/>\n31.17 million fcfa<\/span><\/strong><\/h4>\n<h4 class=\"\" style=\"text-align: center;\"><strong><span style=\"color: #000080;\">&nbsp;<\/span><\/strong><\/h4>\n<\/td>\n<\/tr>\n<tr style=\"height: 57.0312px;\">\n<td class=\"\" style=\"height: 57.0312px; width: 1106.81px;\" colspan=\"4\">\n<p class=\"\" style=\"text-align: center;\">Maison spacieuse pour grande famille. Toutes les chambres sont commod\u00e9ment<br \/>\nsitu\u00e9 dans la m\u00eame zone de la maison, ce qui permet une intimit\u00e9 accrue.<\/p>\n<\/td>\n<\/tr>\n<tr style=\"height: 341.969px;\">\n<td class=\"\" style=\"height: 341.969px; width: 1106.81px;\" colspan=\"4\" height=\"211.89759036145\">\n<p class=\"\">&nbsp;<\/p>\n<figure id=\"attachment_6073\" aria-describedby=\"caption-attachment-6073\" style=\"width: 300px\" class=\"wp-caption aligncenter\"><a href=\"http:\/\/ecoconstructioncameroon.com\/wp-content\/uploads\/2018\/11\/PLAN-4BA1.png\"><img loading=\"lazy\" decoding=\"async\" class=\"wp-image-6073 size-medium\" src=\"http:\/\/ecoconstructioncameroon.com\/wp-content\/uploads\/2018\/11\/PLAN-4BA1-300x232.png\" alt=\"\" width=\"300\" height=\"232\" srcset=\"https:\/\/ecoconstructioncameroon.com\/wp-content\/uploads\/2018\/11\/PLAN-4BA1-300x232.png 300w, https:\/\/ecoconstructioncameroon.com\/wp-content\/uploads\/2018\/11\/PLAN-4BA1-768x593.png 768w, https:\/\/ecoconstructioncameroon.com\/wp-content\/uploads\/2018\/11\/PLAN-4BA1-1024x791.png 1024w, https:\/\/ecoconstructioncameroon.com\/wp-content\/uploads\/2018\/11\/PLAN-4BA1-250x193.png 250w, https:\/\/ecoconstructioncameroon.com\/wp-content\/uploads\/2018\/11\/PLAN-4BA1-550x425.png 550w, https:\/\/ecoconstructioncameroon.com\/wp-content\/uploads\/2018\/11\/PLAN-4BA1-800x618.png 800w, https:\/\/ecoconstructioncameroon.com\/wp-content\/uploads\/2018\/11\/PLAN-4BA1-233x180.png 233w, https:\/\/ecoconstructioncameroon.com\/wp-content\/uploads\/2018\/11\/PLAN-4BA1-388x300.png 388w, https:\/\/ecoconstructioncameroon.com\/wp-content\/uploads\/2018\/11\/PLAN-4BA1-647x500.png 647w, https:\/\/ecoconstructioncameroon.com\/wp-content\/uploads\/2018\/11\/PLAN-4BA1.png 1056w\" sizes=\"(max-width: 300px) 100vw, 300px\" \/><\/a><figcaption id=\"caption-attachment-6073\" class=\"wp-caption-text\">&nbsp; &nbsp; &nbsp; &nbsp; &nbsp; &nbsp; Plan 4BA1 &#8211; Cliquez pour agrandir<\/figcaption><\/figure>\n<p style=\"text-align: center;\">&nbsp;<\/p>\n<\/td>\n<\/tr>\n<tr style=\"height: 33.5156px;\">\n<td style=\"height: 33.5156px; width: 570.406px;\" colspan=\"2\">\n<p style=\"text-align: center;\">Mod\u00e8le de luxe : Vues avant et arri\u00e8re<\/p>\n<\/td>\n<td style=\"height: 33.5156px; width: 536.406px;\" colspan=\"2\">\n<p class=\"\" style=\"text-align: center;\">Mod\u00e8le de luxe : Vues int\u00e9rieures<\/p>\n<\/td>\n<\/tr>\n<tr style=\"height: 268.516px;\">\n<td style=\"height: 268.516px; width: 570.406px;\" colspan=\"2\">\n<p class=\"\" style=\"text-align: center;\"><a href=\"http:\/\/ecoconstructioncameroon.com\/wp-content\/uploads\/2018\/08\/3BA3-Front-view.jpg\"><img loading=\"lazy\" decoding=\"async\" class=\"alignnone wp-image-7787 size-medium\" src=\"http:\/\/ecoconstructioncameroon.com\/wp-content\/uploads\/2021\/10\/Nyom-project-4BA1-7.jpg-300x225.jpeg\" alt=\"\" width=\"300\" height=\"225\" srcset=\"https:\/\/ecoconstructioncameroon.com\/wp-content\/uploads\/2021\/10\/Nyom-project-4BA1-7.jpg-300x225.jpeg 300w, https:\/\/ecoconstructioncameroon.com\/wp-content\/uploads\/2021\/10\/Nyom-project-4BA1-7.jpg-768x576.jpeg 768w, https:\/\/ecoconstructioncameroon.com\/wp-content\/uploads\/2021\/10\/Nyom-project-4BA1-7.jpg-1024x768.jpeg 1024w, https:\/\/ecoconstructioncameroon.com\/wp-content\/uploads\/2021\/10\/Nyom-project-4BA1-7.jpg-250x188.jpeg 250w, https:\/\/ecoconstructioncameroon.com\/wp-content\/uploads\/2021\/10\/Nyom-project-4BA1-7.jpg-550x413.jpeg 550w, https:\/\/ecoconstructioncameroon.com\/wp-content\/uploads\/2021\/10\/Nyom-project-4BA1-7.jpg-800x600.jpeg 800w, https:\/\/ecoconstructioncameroon.com\/wp-content\/uploads\/2021\/10\/Nyom-project-4BA1-7.jpg-240x180.jpeg 240w, https:\/\/ecoconstructioncameroon.com\/wp-content\/uploads\/2021\/10\/Nyom-project-4BA1-7.jpg-400x300.jpeg 400w, https:\/\/ecoconstructioncameroon.com\/wp-content\/uploads\/2021\/10\/Nyom-project-4BA1-7.jpg-667x500.jpeg 667w, https:\/\/ecoconstructioncameroon.com\/wp-content\/uploads\/2021\/10\/Nyom-project-4BA1-7.jpg.jpeg 2016w\" sizes=\"(max-width: 300px) 100vw, 300px\" \/><\/a><\/p>\n<p style=\"text-align: center;\">&nbsp;<\/p>\n<\/td>\n<td class=\"\" style=\"height: 268.516px; width: 536.406px;\" colspan=\"2\">\n<p class=\"\" style=\"text-align: center;\"><a href=\"http:\/\/ecoconstructioncameroon.com\/wp-content\/uploads\/2018\/08\/3BA3-Front-left-view.jpg\"><img loading=\"lazy\" decoding=\"async\" class=\"alignnone wp-image-7788 size-medium\" src=\"http:\/\/ecoconstructioncameroon.com\/wp-content\/uploads\/2021\/10\/WhatsApp-Image-2021-10-10-at-9.55.10-PM-1-300x225.jpeg\" alt=\"\" width=\"300\" height=\"225\" srcset=\"https:\/\/ecoconstructioncameroon.com\/wp-content\/uploads\/2021\/10\/WhatsApp-Image-2021-10-10-at-9.55.10-PM-1-300x225.jpeg 300w, https:\/\/ecoconstructioncameroon.com\/wp-content\/uploads\/2021\/10\/WhatsApp-Image-2021-10-10-at-9.55.10-PM-1-768x576.jpeg 768w, https:\/\/ecoconstructioncameroon.com\/wp-content\/uploads\/2021\/10\/WhatsApp-Image-2021-10-10-at-9.55.10-PM-1-1024x768.jpeg 1024w, https:\/\/ecoconstructioncameroon.com\/wp-content\/uploads\/2021\/10\/WhatsApp-Image-2021-10-10-at-9.55.10-PM-1-250x188.jpeg 250w, https:\/\/ecoconstructioncameroon.com\/wp-content\/uploads\/2021\/10\/WhatsApp-Image-2021-10-10-at-9.55.10-PM-1-550x413.jpeg 550w, https:\/\/ecoconstructioncameroon.com\/wp-content\/uploads\/2021\/10\/WhatsApp-Image-2021-10-10-at-9.55.10-PM-1-800x600.jpeg 800w, https:\/\/ecoconstructioncameroon.com\/wp-content\/uploads\/2021\/10\/WhatsApp-Image-2021-10-10-at-9.55.10-PM-1-240x180.jpeg 240w, https:\/\/ecoconstructioncameroon.com\/wp-content\/uploads\/2021\/10\/WhatsApp-Image-2021-10-10-at-9.55.10-PM-1-400x300.jpeg 400w, https:\/\/ecoconstructioncameroon.com\/wp-content\/uploads\/2021\/10\/WhatsApp-Image-2021-10-10-at-9.55.10-PM-1-667x500.jpeg 667w, https:\/\/ecoconstructioncameroon.com\/wp-content\/uploads\/2021\/10\/WhatsApp-Image-2021-10-10-at-9.55.10-PM-1.jpeg 2016w\" sizes=\"(max-width: 300px) 100vw, 300px\" \/><\/a><\/p>\n<\/td>\n<\/tr>\n<tr style=\"height: 310.5px;\">\n<td style=\"height: 310.5px; width: 570.406px;\" colspan=\"2\">\n<p class=\"\">&nbsp;<\/p>\n<p class=\"\" style=\"text-align: center;\"><a href=\"http:\/\/ecoconstructioncameroon.com\/wp-content\/uploads\/2018\/08\/3BA3-Left-view.jpg\"><img loading=\"lazy\" decoding=\"async\" class=\"alignnone wp-image-7773 size-medium\" src=\"http:\/\/ecoconstructioncameroon.com\/wp-content\/uploads\/2021\/10\/WhatsApp-Image-2021-10-10-at-9.55.09-PM-300x225.jpeg\" alt=\"\" width=\"300\" height=\"225\" srcset=\"https:\/\/ecoconstructioncameroon.com\/wp-content\/uploads\/2021\/10\/WhatsApp-Image-2021-10-10-at-9.55.09-PM-300x225.jpeg 300w, https:\/\/ecoconstructioncameroon.com\/wp-content\/uploads\/2021\/10\/WhatsApp-Image-2021-10-10-at-9.55.09-PM-768x576.jpeg 768w, https:\/\/ecoconstructioncameroon.com\/wp-content\/uploads\/2021\/10\/WhatsApp-Image-2021-10-10-at-9.55.09-PM-1024x768.jpeg 1024w, https:\/\/ecoconstructioncameroon.com\/wp-content\/uploads\/2021\/10\/WhatsApp-Image-2021-10-10-at-9.55.09-PM-250x188.jpeg 250w, https:\/\/ecoconstructioncameroon.com\/wp-content\/uploads\/2021\/10\/WhatsApp-Image-2021-10-10-at-9.55.09-PM-550x413.jpeg 550w, https:\/\/ecoconstructioncameroon.com\/wp-content\/uploads\/2021\/10\/WhatsApp-Image-2021-10-10-at-9.55.09-PM-800x600.jpeg 800w, https:\/\/ecoconstructioncameroon.com\/wp-content\/uploads\/2021\/10\/WhatsApp-Image-2021-10-10-at-9.55.09-PM-240x180.jpeg 240w, https:\/\/ecoconstructioncameroon.com\/wp-content\/uploads\/2021\/10\/WhatsApp-Image-2021-10-10-at-9.55.09-PM-400x300.jpeg 400w, https:\/\/ecoconstructioncameroon.com\/wp-content\/uploads\/2021\/10\/WhatsApp-Image-2021-10-10-at-9.55.09-PM-667x500.jpeg 667w, https:\/\/ecoconstructioncameroon.com\/wp-content\/uploads\/2021\/10\/WhatsApp-Image-2021-10-10-at-9.55.09-PM.jpeg 2016w\" sizes=\"(max-width: 300px) 100vw, 300px\" \/><\/a><\/p>\n<p>&nbsp;<\/td>\n<td style=\"height: 310.5px; width: 536.406px;\" colspan=\"2\">\n<p class=\"\" style=\"text-align: center;\"><a href=\"http:\/\/ecoconstructioncameroon.com\/wp-content\/uploads\/2018\/08\/3BA3-Left-side-view.jpg\"><img loading=\"lazy\" decoding=\"async\" class=\"alignnone wp-image-7786 size-medium\" src=\"http:\/\/ecoconstructioncameroon.com\/wp-content\/uploads\/2021\/10\/Nyom-project-4BA1-8.jpg-225x300.jpeg\" alt=\"\" width=\"225\" height=\"300\" srcset=\"https:\/\/ecoconstructioncameroon.com\/wp-content\/uploads\/2021\/10\/Nyom-project-4BA1-8.jpg-225x300.jpeg 225w, https:\/\/ecoconstructioncameroon.com\/wp-content\/uploads\/2021\/10\/Nyom-project-4BA1-8.jpg-768x1024.jpeg 768w, https:\/\/ecoconstructioncameroon.com\/wp-content\/uploads\/2021\/10\/Nyom-project-4BA1-8.jpg-250x333.jpeg 250w, https:\/\/ecoconstructioncameroon.com\/wp-content\/uploads\/2021\/10\/Nyom-project-4BA1-8.jpg-550x733.jpeg 550w, https:\/\/ecoconstructioncameroon.com\/wp-content\/uploads\/2021\/10\/Nyom-project-4BA1-8.jpg-800x1067.jpeg 800w, https:\/\/ecoconstructioncameroon.com\/wp-content\/uploads\/2021\/10\/Nyom-project-4BA1-8.jpg-135x180.jpeg 135w, https:\/\/ecoconstructioncameroon.com\/wp-content\/uploads\/2021\/10\/Nyom-project-4BA1-8.jpg-375x500.jpeg 375w, https:\/\/ecoconstructioncameroon.com\/wp-content\/uploads\/2021\/10\/Nyom-project-4BA1-8.jpg.jpeg 1512w\" sizes=\"(max-width: 225px) 100vw, 225px\" \/><\/a><\/p>\n<\/td>\n<\/tr>\n<\/tbody>\n<\/table>\n<\/div>\n<\/div>\n<\/div>\n<div class=\"row\">\n<div class=\"col-md-12 col-xs-12 col-sm-12 col-lg-12\">\n<p class=\"\" style=\"text-align: center;\"><a class=\"btn btn-3d btn-pill btn-color-1\" href=\"http:\/\/ecoconstructioncameroon.com\/reserve-your-house\/\">R\u00e9servez votre maison d\u00e8s maintenant <\/a><\/p>\n<\/div>\n<\/div>\n<\/div>\n<\/div>\n<div class=\"boldgrid-section\">\n<div class=\"container\">\n<div class=\"row\">\n<div class=\"col-md-12 col-xs-12 col-sm-12 col-lg-12\"><\/div>\n<\/div>\n<div class=\"row\" style=\"padding-bottom: 3px;\">\n<div class=\"col-md-12 col-xs-12 col-sm-12 align-column-center col-lg-12\" style=\"padding: 1.6em; border-radius: 15px; box-shadow: #cecece -26px -25px 24px -12px; border: 5.5px double #1e73be; background-color: #aad4aa; background-image: linear-gradient(#4ca1af, #c4e0e5);\" data-bg-color-1=\"#4CA1AF\" data-bg-color-2=\"#C4E0E5\" data-bg-direction=\"to bottom\">\n<table style=\"height: 520px; background-color: #7cb0d3;\" width=\"919\">\n<tbody>\n<tr>\n<td width=\"153\">\n<h3 style=\"text-align: right;\"><strong><span style=\"color: #ffffff;\">plan de distribution<\/span><br \/>\n<span style=\"color: #000080;\">#4BA2<\/span><\/strong><\/h3>\n<p style=\"text-align: center;\">&nbsp;<\/p>\n<\/td>\n<td width=\"219\">\n<h4 class=\"\" style=\"text-align: center;\"><strong><span style=\"color: #ffffff;\">Superficie :<\/span><\/strong><br \/>\n<span style=\"color: #000080;\"><strong>150m<sup>2<\/sup><\/strong><\/span><\/h4>\n<\/td>\n<td class=\"\" colspan=\"2\" width=\"354\">\n<h4 class=\"\" style=\"text-align: center;\"><strong><span style=\"color: #ffffff;\">Description :<\/span><\/strong><br \/>\n<span style=\"color: #000080;\"><strong>4 chambres \u2666 2 salles de bain \u2666 2 v\u00e9randas<\/strong><\/span><\/h4>\n<\/td>\n<\/tr>\n<tr>\n<td width=\"153\">\n<h3><strong>&nbsp;<\/strong><\/h3>\n<h3 style=\"text-align: right;\"><span style=\"color: #ffffff;\"><strong>PRIx :<\/strong><\/span><\/h3>\n<p>&nbsp;<\/td>\n<td width=\"219\">\n<h4 style=\"text-align: center;\"><strong><span style=\"color: #ffffff;\">Standard :<\/span> &nbsp;<\/strong><\/h4>\n<h4 class=\"\" style=\"text-align: center;\"><span style=\"color: #000080;\">AVEC LES BTS :<\/span><strong><span style=\"color: #000080;\"><br \/>\n18.00 million FCFA<br \/>\n<\/span><\/strong><span style=\"color: #000080;\">AVEC LES PARPAINGS :<\/span><strong><span style=\"color: #000080;\"><br \/>\n19.98 million fcfa<\/span><\/strong><\/h4>\n<\/td>\n<td width=\"195\">\n<h4 style=\"text-align: center;\"><span style=\"color: #ffffff;\"><strong>HAUT DE GAMME :<\/strong><\/span><\/h4>\n<h4 class=\"\" style=\"text-align: center;\">AVEC LES BTS<span style=\"color: #000080;\"> :<\/span><strong><span style=\"color: #000080;\"><br \/>\n21.60 million FCFA<br \/>\n<\/span><\/strong><span style=\"color: #000080;\">AVEC LES PARPAINGS :<\/span><strong><span style=\"color: #000080;\"><br \/>\n23.98 million fcfa<\/span><\/strong><\/h4>\n<\/td>\n<td width=\"159\">\n<h4 style=\"text-align: center;\"><span style=\"color: #ffffff;\"><strong>LuxE :<\/strong><\/span><\/h4>\n<h4 class=\"\" style=\"text-align: center;\"><span style=\"color: #000080;\">AVEC LES BTS :<\/span><strong><span style=\"color: #000080;\"><br \/>\n28.80 million FCFA<br \/>\n<\/span><\/strong><span style=\"color: #000080;\">AVEC LES PARPAINGS :<\/span><strong><span style=\"color: #000080;\"><br \/>\n31.17 million fcfa<\/span><\/strong><\/h4>\n<\/td>\n<\/tr>\n<tr>\n<td colspan=\"4\" width=\"726\">\n<p style=\"text-align: center;\">&nbsp;<\/p>\n<\/td>\n<\/tr>\n<tr>\n<td colspan=\"4\" width=\"726\">\n<p class=\"\">&nbsp;<\/p>\n<figure id=\"attachment_7796\" aria-describedby=\"caption-attachment-7796\" style=\"width: 300px\" class=\"wp-caption aligncenter\"><a href=\"http:\/\/ecoconstructioncameroon.com\/wp-content\/uploads\/2021\/10\/4BA2-1.png\"><img loading=\"lazy\" decoding=\"async\" class=\"wp-image-7796 size-medium\" src=\"http:\/\/ecoconstructioncameroon.com\/wp-content\/uploads\/2021\/10\/45_34_300_232.11009174312_4BA2-1-768x593.png\" alt=\"\" width=\"300\" height=\"232\" srcset=\"https:\/\/ecoconstructioncameroon.com\/wp-content\/uploads\/2021\/10\/45_34_300_232.11009174312_4BA2-1-768x593.png 300w, https:\/\/ecoconstructioncameroon.com\/wp-content\/uploads\/2021\/10\/4BA2-1-768x593.png 768w, https:\/\/ecoconstructioncameroon.com\/wp-content\/uploads\/2021\/10\/4BA2-1-1024x791.png 1024w, https:\/\/ecoconstructioncameroon.com\/wp-content\/uploads\/2021\/10\/4BA2-1-250x193.png 250w, https:\/\/ecoconstructioncameroon.com\/wp-content\/uploads\/2021\/10\/4BA2-1-550x425.png 550w, https:\/\/ecoconstructioncameroon.com\/wp-content\/uploads\/2021\/10\/4BA2-1-800x618.png 800w, https:\/\/ecoconstructioncameroon.com\/wp-content\/uploads\/2021\/10\/4BA2-1-233x180.png 233w, https:\/\/ecoconstructioncameroon.com\/wp-content\/uploads\/2021\/10\/4BA2-1-388x300.png 388w, https:\/\/ecoconstructioncameroon.com\/wp-content\/uploads\/2021\/10\/4BA2-1-647x500.png 647w, https:\/\/ecoconstructioncameroon.com\/wp-content\/uploads\/2021\/10\/4BA2-1.png 1056w\" sizes=\"(max-width: 300px) 100vw, 300px\" \/><\/a><figcaption id=\"caption-attachment-7796\" class=\"wp-caption-text\">&nbsp; &nbsp; &nbsp; &nbsp; &nbsp; &nbsp;Plan 4BA2 &#8211; Cliquez pour agrandir<\/figcaption><\/figure>\n<p style=\"text-align: center;\">&nbsp;<\/p>\n<\/td>\n<\/tr>\n<tr>\n<td class=\"\" colspan=\"2\" width=\"372\">\n<p class=\"\" style=\"text-align: center;\">MOD\u00c8LE DE LUXE<\/p>\n<\/td>\n<td colspan=\"2\" width=\"354\">\n<p class=\"\" style=\"text-align: center;\">MOD\u00c8LE HAUT DE GAMME<\/p>\n<\/td>\n<\/tr>\n<tr>\n<td colspan=\"2\" width=\"300\" height=\"225.138632163\">\n<p class=\"\" style=\"text-align: center;\"><a href=\"http:\/\/ecoconstructioncameroon.com\/wp-content\/uploads\/2017\/12\/4BA2-Front-right-view.jpeg\"><img loading=\"lazy\" decoding=\"async\" class=\"aligncenter wp-image-2425 size-medium\" src=\"http:\/\/ecoconstructioncameroon.com\/wp-content\/uploads\/2017\/12\/163_46_300_173.116438356_4BA2-Front-right-view-768x442.jpeg\" alt=\"\" width=\"300\" height=\"173\" srcset=\"https:\/\/ecoconstructioncameroon.com\/wp-content\/uploads\/2017\/12\/163_46_300_173.116438356_4BA2-Front-right-view-768x442.jpeg 300w, https:\/\/ecoconstructioncameroon.com\/wp-content\/uploads\/2017\/12\/4BA2-Front-right-view-768x442.jpeg 768w, https:\/\/ecoconstructioncameroon.com\/wp-content\/uploads\/2017\/12\/4BA2-Front-right-view-250x144.jpeg 250w, https:\/\/ecoconstructioncameroon.com\/wp-content\/uploads\/2017\/12\/4BA2-Front-right-view-550x317.jpeg 550w, https:\/\/ecoconstructioncameroon.com\/wp-content\/uploads\/2017\/12\/4BA2-Front-right-view-800x461.jpeg 800w, https:\/\/ecoconstructioncameroon.com\/wp-content\/uploads\/2017\/12\/4BA2-Front-right-view-313x180.jpeg 313w, https:\/\/ecoconstructioncameroon.com\/wp-content\/uploads\/2017\/12\/4BA2-Front-right-view-521x300.jpeg 521w, https:\/\/ecoconstructioncameroon.com\/wp-content\/uploads\/2017\/12\/4BA2-Front-right-view-868x500.jpeg 868w, https:\/\/ecoconstructioncameroon.com\/wp-content\/uploads\/2017\/12\/4BA2-Front-right-view.jpeg 1016w\" sizes=\"(max-width: 300px) 100vw, 300px\" \/><\/a> Vue avant<\/p>\n<\/td>\n<td colspan=\"2\" width=\"300\" height=\"224.847250509\">\n<p class=\"\" style=\"text-align: center;\"><a href=\"http:\/\/ecoconstructioncameroon.com\/wp-content\/uploads\/2018\/12\/4BA2-Front-right.jpg\"><img loading=\"lazy\" decoding=\"async\" class=\"aligncenter wp-image-6305 size-medium\" src=\"http:\/\/ecoconstructioncameroon.com\/wp-content\/uploads\/2018\/12\/9_0_300_172.8_4BA2-Front-right-768x432.jpg\" alt=\"\" width=\"300\" height=\"172\"><\/a>Vue avant<\/p>\n<\/td>\n<\/tr>\n<tr>\n<td colspan=\"2\" width=\"300\" height=\"225.159914712\">\n<p class=\"\" style=\"text-align: center;\"><a href=\"http:\/\/ecoconstructioncameroon.com\/wp-content\/uploads\/2017\/12\/4BA2-Top-front-view.jpeg\"><img loading=\"lazy\" decoding=\"async\" class=\"aligncenter wp-image-2428 size-medium\" src=\"http:\/\/ecoconstructioncameroon.com\/wp-content\/uploads\/2017\/12\/240_63_300_172.727272727_4BA2-Top-front-view-768x442.jpeg\" alt=\"\" width=\"300\" height=\"172\" srcset=\"https:\/\/ecoconstructioncameroon.com\/wp-content\/uploads\/2017\/12\/240_63_300_172.727272727_4BA2-Top-front-view-768x442.jpeg 300w, https:\/\/ecoconstructioncameroon.com\/wp-content\/uploads\/2017\/12\/4BA2-Top-front-view-768x442.jpeg 768w, https:\/\/ecoconstructioncameroon.com\/wp-content\/uploads\/2017\/12\/4BA2-Top-front-view-250x144.jpeg 250w, https:\/\/ecoconstructioncameroon.com\/wp-content\/uploads\/2017\/12\/4BA2-Top-front-view-550x317.jpeg 550w, https:\/\/ecoconstructioncameroon.com\/wp-content\/uploads\/2017\/12\/4BA2-Top-front-view-800x461.jpeg 800w, https:\/\/ecoconstructioncameroon.com\/wp-content\/uploads\/2017\/12\/4BA2-Top-front-view-313x180.jpeg 313w, https:\/\/ecoconstructioncameroon.com\/wp-content\/uploads\/2017\/12\/4BA2-Top-front-view-521x300.jpeg 521w, https:\/\/ecoconstructioncameroon.com\/wp-content\/uploads\/2017\/12\/4BA2-Top-front-view-868x500.jpeg 868w, https:\/\/ecoconstructioncameroon.com\/wp-content\/uploads\/2017\/12\/4BA2-Top-front-view.jpeg 1016w\" sizes=\"(max-width: 300px) 100vw, 300px\" \/><\/a> Vue de dessus<\/p>\n<\/td>\n<td colspan=\"2\" width=\"300\" height=\"225.12908778\">\n<p class=\"\" style=\"text-align: center;\"><a href=\"http:\/\/ecoconstructioncameroon.com\/wp-content\/uploads\/2018\/12\/4BA2-Rear.jpg\"><img loading=\"lazy\" decoding=\"async\" class=\"aligncenter wp-image-6301 size-medium\" src=\"http:\/\/ecoconstructioncameroon.com\/wp-content\/uploads\/2018\/12\/9_0_300_172.8_4BA2-Rear-768x432.jpg\" alt=\"\" width=\"300\" height=\"172\"><\/a> Vue arri\u00e8re<\/p>\n<\/td>\n<\/tr>\n<\/tbody>\n<\/table>\n<\/div>\n<\/div>\n<div class=\"row\">\n<div class=\"col-md-12 col-xs-12 col-sm-12 col-lg-12\">\n<p class=\"\" style=\"text-align: center;\"><a class=\"btn btn-3d btn-pill btn-color-1\" href=\"http:\/\/ecoconstructioncameroon.com\/reserve-your-house\/\">R\u00e9servez votre maison d\u00e8s maintenant <\/a><\/p>\n<\/div>\n<\/div>\n<\/div>\n<\/div>\n<p><\/p>","protected":false},"excerpt":{"rendered":"<p>Nos villas 4 chambres offrent beaucoup d&rsquo;espace pour la grande famille camerounaise typique. Ils comprennent une chambre principale spacieuse avec une salle de bain attenante, une cuisine, un salon, une salle \u00e0 manger et deux v\u00e9randas. plan DE DISTRIBUTION #4BA1 &nbsp; SuPERFICIE : 150m2 Description : 4 CHAMBREs \u2666 2 SALLES DE BAIN \u2666 2 [&hellip;]<\/p>\n","protected":false},"author":1,"featured_media":0,"parent":0,"menu_order":0,"comment_status":"closed","ping_status":"closed","template":"","meta":{"bgseo_title":"","bgseo_description":"","bgseo_robots_index":"index","bgseo_robots_follow":"follow","om_disable_all_campaigns":false,"_monsterinsights_skip_tracking":false,"_monsterinsights_sitenote_active":false,"_monsterinsights_sitenote_note":"","_monsterinsights_sitenote_category":0,"footnotes":""},"aioseo_notices":[],"_links":{"self":[{"href":"https:\/\/ecoconstructioncameroon.com\/fr\/wp-json\/wp\/v2\/pages\/7770"}],"collection":[{"href":"https:\/\/ecoconstructioncameroon.com\/fr\/wp-json\/wp\/v2\/pages"}],"about":[{"href":"https:\/\/ecoconstructioncameroon.com\/fr\/wp-json\/wp\/v2\/types\/page"}],"author":[{"embeddable":true,"href":"https:\/\/ecoconstructioncameroon.com\/fr\/wp-json\/wp\/v2\/users\/1"}],"replies":[{"embeddable":true,"href":"https:\/\/ecoconstructioncameroon.com\/fr\/wp-json\/wp\/v2\/comments?post=7770"}],"version-history":[{"count":25,"href":"https:\/\/ecoconstructioncameroon.com\/fr\/wp-json\/wp\/v2\/pages\/7770\/revisions"}],"predecessor-version":[{"id":8510,"href":"https:\/\/ecoconstructioncameroon.com\/fr\/wp-json\/wp\/v2\/pages\/7770\/revisions\/8510"}],"wp:attachment":[{"href":"https:\/\/ecoconstructioncameroon.com\/fr\/wp-json\/wp\/v2\/media?parent=7770"}],"curies":[{"name":"wp","href":"https:\/\/api.w.org\/{rel}","templated":true}]}}