{"id":7006,"date":"2017-12-01T00:58:13","date_gmt":"2017-12-01T00:58:13","guid":{"rendered":"http:\/\/ecoconstructioncameroon.com\/?page_id=2153"},"modified":"2023-02-14T15:30:49","modified_gmt":"2023-02-14T15:30:49","slug":"r2-apartment-block","status":"publish","type":"page","link":"https:\/\/ecoconstructioncameroon.com\/fr\/r2-apartment-block\/","title":{"rendered":"R+2 &#8211; Immeuble d&rsquo;appartements"},"content":{"rendered":"<p><\/p>\n<div class=\"boldgrid-section\" style=\"background-image: linear-gradient(#41d64b, #eeee22);\" data-bg-color-1=\"#41d64b\" data-bg-color-2=\"#eeee22\" data-bg-direction=\"to bottom\">\n<div class=\"container-fluid\">\n<div class=\"row\" style=\"background-color: #ffffff;\">\n<div class=\"col-md-12 col-xs-12 col-sm-12 col-lg-12\">\n<div class=\"bg-box bg-box-rounded color1-background-color color1-text-default\">\n<p class=\"\" style=\"text-align: center;\">Les immeubles d&rsquo;appartements sont parmi les investissements les plus s\u00fbrs et une source s\u00fbre de revenus. En m\u00eame temps, c&rsquo;est un projet de construction assez compliqu\u00e9 \u00e0 r\u00e9ussir. Un mauvais choix d&rsquo;entrepreneur peut facilement doubler les co\u00fbts de construction. Eco Construction est l\u00e0 pour vous donner la tranquillit\u00e9 d&rsquo;esprit.<\/p>\n<\/div>\n<\/div>\n<\/div>\n<\/div>\n<\/div>\n<div class=\"boldgrid-section\">\n<div class=\"container\">\n<div class=\"row\" style=\"padding-bottom: 0px; background-color: #81d742;\">\n<div class=\"col-md-12 col-xs-12 col-sm-12 align-column-center color-1-text-contrast color1-background-color col-lg-12\" style=\"padding: 1.6em; border-radius: 15px; box-shadow: #cecece -26px -25px 24px -12px; border: 5.5px double #1e73be;\">\n<div class=\"text-center\">\n<table style=\"height: 520px; border-style: double; background-color: #81d742; box-shadow: #81d742 0px 0px 0px 0px; padding: 0.5em; border-color: #81d742; border-radius: 6px; font-size: 12px;\" width=\"919\">\n<tbody>\n<tr>\n<td width=\"153\">\n<h3 style=\"text-align: right;\"><strong>plan de distribution<br \/>\n<span style=\"color: #000080;\">#R2A1<\/span><\/strong><\/h3>\n<p style=\"text-align: center;\">&nbsp;<\/p>\n<\/td>\n<td class=\"\" width=\"219\">\n<h4 style=\"text-align: center;\"><strong>Superficie totale :<\/strong><\/h4>\n<h4 class=\"\" style=\"font-size: 19px; border-width: 0px;\"><span style=\"color: #000080;\">720m<sup>2<\/sup><br \/>\n(240m<sup>2&nbsp;<\/sup>par niveau)<\/span><\/h4>\n<\/td>\n<td colspan=\"2\" width=\"354\">\n<h4 style=\"text-align: center;\"><strong>Description:<\/strong><\/h4>\n<h4 class=\"\" style=\"text-transform: lowercase; font-size: 19px; color: #ffffff; border-width: 0px;\"><span class=\"tlid-translation translation\" lang=\"en\" style=\"color: #000080;\"><span title=\"\">1 APPARTEMENT DE 2 CHAMBRES<br \/>\n10 STUDIOS<br \/>\n1 gar\u00e7onni\u00e8re (CHAMBRE+SALLE DE BAIN)<br \/>\n<span class=\"\" title=\"\">12 aPpartEments AU TOTAL<\/span><br \/>\n<span class=\"\" title=\"\">(4 pAr NIVEAU)<\/span><\/span><\/span><\/h4>\n<\/td>\n<\/tr>\n<tr>\n<td width=\"153\">\n<h3><strong>&nbsp;<\/strong><\/h3>\n<h3 style=\"text-align: right;\"><strong>PRIX :<\/strong><\/h3>\n<p>&nbsp;<\/td>\n<td width=\"219\">\n<h4 class=\"\" style=\"text-align: center; border-width: 0px;\"><strong>Standard :<\/strong><br \/>\n<span style=\"color: #000080;\">avec bts :<\/span><strong><span style=\"color: #000080;\"><br \/>\n93,60 millions FCFA<br \/>\n<\/span><\/strong><span style=\"color: #000080;\">avec parpaings :<\/span><strong><span style=\"color: #000080;\"><br \/>\n98,28 millions fcfa<br \/>\n<\/span><\/strong><\/h4>\n<\/td>\n<td width=\"195\">\n<h4 class=\"\" style=\"text-align: center; border-width: 0px;\"><strong>HAUT DE GAMME :<\/strong><br \/>\n<span style=\"color: #000080;\">avec bts :<\/span><strong><span style=\"color: #000080;\"><br \/>\n112,32 millions FCFA<br \/>\n<\/span><\/strong><span style=\"color: #000080;\">avec parpaings :<\/span><strong><span style=\"color: #000080;\"><br \/>\n117,94 millions fcfa<\/span><\/strong><\/h4>\n<\/td>\n<td width=\"159\">\n<h4 class=\"\"><strong>luxE :<\/strong><\/h4>\n<h4 class=\"\" style=\"color: #011d36; border-width: 0px;\">avec bts :<strong><br \/>\n146,02 millions FCFA<br \/>\n<\/strong>avec parpaings :<strong><br \/>\n153,32 millions fcfa<br \/>\n<\/strong><\/h4>\n<\/td>\n<\/tr>\n<tr>\n<td colspan=\"4\" width=\"726\">\n<p class=\"\" style=\"text-align: center; border-width: 0px;\">Cette propri\u00e9t\u00e9 \u00e0 revenus a tout ce dont vous avez besoin comme investissement. Les appartements studio<br \/>\nsont en forte demande dans toutes les villes du Cameroun, donc la location ne sera jamais un probl\u00e8me.<\/p>\n<\/td>\n<\/tr>\n<tr>\n<td colspan=\"4\" width=\"300\" height=\"232.522796353\">RDC:<\/p>\n<p class=\"\" style=\"border-width: 0px;\"><a href=\"http:\/\/ecoconstructioncameroon.com\/wp-content\/uploads\/2019\/12\/R2-11-appartments-RDC-page-001.jpg\"><img loading=\"lazy\" decoding=\"async\" class=\"alignnone wp-image-6933 size-medium\" src=\"http:\/\/ecoconstructioncameroon.com\/wp-content\/uploads\/2019\/12\/R2-11-appartments-RDC-page-001-300x214.jpg\" alt=\"\" width=\"300\" height=\"214\" srcset=\"https:\/\/ecoconstructioncameroon.com\/wp-content\/uploads\/2019\/12\/R2-11-appartments-RDC-page-001-300x214.jpg 300w, https:\/\/ecoconstructioncameroon.com\/wp-content\/uploads\/2019\/12\/R2-11-appartments-RDC-page-001-768x548.jpg 768w, https:\/\/ecoconstructioncameroon.com\/wp-content\/uploads\/2019\/12\/R2-11-appartments-RDC-page-001-1024x731.jpg 1024w, https:\/\/ecoconstructioncameroon.com\/wp-content\/uploads\/2019\/12\/R2-11-appartments-RDC-page-001-250x179.jpg 250w, https:\/\/ecoconstructioncameroon.com\/wp-content\/uploads\/2019\/12\/R2-11-appartments-RDC-page-001-550x393.jpg 550w, https:\/\/ecoconstructioncameroon.com\/wp-content\/uploads\/2019\/12\/R2-11-appartments-RDC-page-001-800x571.jpg 800w, https:\/\/ecoconstructioncameroon.com\/wp-content\/uploads\/2019\/12\/R2-11-appartments-RDC-page-001-252x180.jpg 252w, https:\/\/ecoconstructioncameroon.com\/wp-content\/uploads\/2019\/12\/R2-11-appartments-RDC-page-001-420x300.jpg 420w, https:\/\/ecoconstructioncameroon.com\/wp-content\/uploads\/2019\/12\/R2-11-appartments-RDC-page-001-700x500.jpg 700w, https:\/\/ecoconstructioncameroon.com\/wp-content\/uploads\/2019\/12\/R2-11-appartments-RDC-page-001-210x150.jpg 210w, https:\/\/ecoconstructioncameroon.com\/wp-content\/uploads\/2019\/12\/R2-11-appartments-RDC-page-001-400x285.jpg 400w, https:\/\/ecoconstructioncameroon.com\/wp-content\/uploads\/2019\/12\/R2-11-appartments-RDC-page-001.jpg 1500w\" sizes=\"(max-width: 300px) 100vw, 300px\" \/><\/a><\/p>\n<p>2\u00e8me et 3\u00e8me niveaux :<\/p>\n<p class=\"\"><a href=\"http:\/\/ecoconstructioncameroon.com\/wp-content\/uploads\/2019\/12\/R2-11-appartments-Etages-1-et-2-page-001.jpg\"><img loading=\"lazy\" decoding=\"async\" class=\"alignnone wp-image-6932 size-medium\" src=\"http:\/\/ecoconstructioncameroon.com\/wp-content\/uploads\/2019\/12\/R2-11-appartments-Etages-1-et-2-page-001-300x208.jpg\" alt=\"\" width=\"300\" height=\"208\" srcset=\"https:\/\/ecoconstructioncameroon.com\/wp-content\/uploads\/2019\/12\/R2-11-appartments-Etages-1-et-2-page-001-300x208.jpg 300w, https:\/\/ecoconstructioncameroon.com\/wp-content\/uploads\/2019\/12\/R2-11-appartments-Etages-1-et-2-page-001-768x534.jpg 768w, https:\/\/ecoconstructioncameroon.com\/wp-content\/uploads\/2019\/12\/R2-11-appartments-Etages-1-et-2-page-001-1024x712.jpg 1024w, https:\/\/ecoconstructioncameroon.com\/wp-content\/uploads\/2019\/12\/R2-11-appartments-Etages-1-et-2-page-001-250x174.jpg 250w, https:\/\/ecoconstructioncameroon.com\/wp-content\/uploads\/2019\/12\/R2-11-appartments-Etages-1-et-2-page-001-550x382.jpg 550w, https:\/\/ecoconstructioncameroon.com\/wp-content\/uploads\/2019\/12\/R2-11-appartments-Etages-1-et-2-page-001-800x556.jpg 800w, https:\/\/ecoconstructioncameroon.com\/wp-content\/uploads\/2019\/12\/R2-11-appartments-Etages-1-et-2-page-001-259x180.jpg 259w, https:\/\/ecoconstructioncameroon.com\/wp-content\/uploads\/2019\/12\/R2-11-appartments-Etages-1-et-2-page-001-432x300.jpg 432w, https:\/\/ecoconstructioncameroon.com\/wp-content\/uploads\/2019\/12\/R2-11-appartments-Etages-1-et-2-page-001-720x500.jpg 720w, https:\/\/ecoconstructioncameroon.com\/wp-content\/uploads\/2019\/12\/R2-11-appartments-Etages-1-et-2-page-001.jpg 1432w\" sizes=\"(max-width: 300px) 100vw, 300px\" \/><\/a><\/p>\n<p style=\"text-align: center;\">&nbsp;<\/p>\n<\/td>\n<\/tr>\n<tr>\n<td colspan=\"2\" width=\"372\">\n<p style=\"text-align: center;\">MOD\u00c8LE HAUT DE GAMME PR\u00c9SENT\u00c9<\/p>\n<\/td>\n<td colspan=\"2\" width=\"354\">\n<p style=\"text-align: center;\">MOD\u00c8LE HAUT DE GAMME PR\u00c9SENT\u00c9<\/p>\n<\/td>\n<\/tr>\n<tr>\n<td colspan=\"2\" width=\"372\">\n<p class=\"\"><a href=\"http:\/\/ecoconstructioncameroon.com\/wp-content\/uploads\/2019\/12\/R2-11-appartments-3D-1.jpeg\"><img loading=\"lazy\" decoding=\"async\" class=\"alignnone wp-image-6930 size-medium\" src=\"http:\/\/ecoconstructioncameroon.com\/wp-content\/uploads\/2019\/12\/R2-11-appartments-3D-1-300x169.jpeg\" alt=\"\" width=\"300\" height=\"169\" srcset=\"https:\/\/ecoconstructioncameroon.com\/wp-content\/uploads\/2019\/12\/R2-11-appartments-3D-1-300x169.jpeg 300w, https:\/\/ecoconstructioncameroon.com\/wp-content\/uploads\/2019\/12\/R2-11-appartments-3D-1-768x432.jpeg 768w, https:\/\/ecoconstructioncameroon.com\/wp-content\/uploads\/2019\/12\/R2-11-appartments-3D-1-250x141.jpeg 250w, https:\/\/ecoconstructioncameroon.com\/wp-content\/uploads\/2019\/12\/R2-11-appartments-3D-1-550x309.jpeg 550w, https:\/\/ecoconstructioncameroon.com\/wp-content\/uploads\/2019\/12\/R2-11-appartments-3D-1-800x450.jpeg 800w, https:\/\/ecoconstructioncameroon.com\/wp-content\/uploads\/2019\/12\/R2-11-appartments-3D-1-320x180.jpeg 320w, https:\/\/ecoconstructioncameroon.com\/wp-content\/uploads\/2019\/12\/R2-11-appartments-3D-1-533x300.jpeg 533w, https:\/\/ecoconstructioncameroon.com\/wp-content\/uploads\/2019\/12\/R2-11-appartments-3D-1-889x500.jpeg 889w, https:\/\/ecoconstructioncameroon.com\/wp-content\/uploads\/2019\/12\/R2-11-appartments-3D-1.jpeg 960w\" sizes=\"(max-width: 300px) 100vw, 300px\" \/><\/a><\/p>\n<p style=\"text-align: center;\">&nbsp;<\/p>\n<\/td>\n<td colspan=\"2\" width=\"300\" height=\"168.885672938\"><a href=\"http:\/\/ecoconstructioncameroon.com\/wp-content\/uploads\/2019\/12\/R2-11-appartments-3D-2.jpeg\"><img loading=\"lazy\" decoding=\"async\" class=\"alignnone wp-image-6931 size-medium\" src=\"http:\/\/ecoconstructioncameroon.com\/wp-content\/uploads\/2019\/12\/R2-11-appartments-3D-2-300x169.jpeg\" alt=\"\" width=\"300\" height=\"169\" srcset=\"https:\/\/ecoconstructioncameroon.com\/wp-content\/uploads\/2019\/12\/R2-11-appartments-3D-2-300x169.jpeg 300w, https:\/\/ecoconstructioncameroon.com\/wp-content\/uploads\/2019\/12\/R2-11-appartments-3D-2-768x432.jpeg 768w, https:\/\/ecoconstructioncameroon.com\/wp-content\/uploads\/2019\/12\/R2-11-appartments-3D-2-250x141.jpeg 250w, https:\/\/ecoconstructioncameroon.com\/wp-content\/uploads\/2019\/12\/R2-11-appartments-3D-2-550x309.jpeg 550w, https:\/\/ecoconstructioncameroon.com\/wp-content\/uploads\/2019\/12\/R2-11-appartments-3D-2-800x450.jpeg 800w, https:\/\/ecoconstructioncameroon.com\/wp-content\/uploads\/2019\/12\/R2-11-appartments-3D-2-320x180.jpeg 320w, https:\/\/ecoconstructioncameroon.com\/wp-content\/uploads\/2019\/12\/R2-11-appartments-3D-2-533x300.jpeg 533w, https:\/\/ecoconstructioncameroon.com\/wp-content\/uploads\/2019\/12\/R2-11-appartments-3D-2-889x500.jpeg 889w, https:\/\/ecoconstructioncameroon.com\/wp-content\/uploads\/2019\/12\/R2-11-appartments-3D-2.jpeg 960w\" sizes=\"(max-width: 300px) 100vw, 300px\" \/><\/a><\/td>\n<\/tr>\n<tr>\n<td class=\"\" colspan=\"2\" width=\"300\" height=\"172.950819672\">&nbsp;<\/p>\n<p>&nbsp;<\/td>\n<td colspan=\"2\" width=\"354\">&nbsp;<\/p>\n<p>&nbsp;<\/td>\n<\/tr>\n<\/tbody>\n<\/table>\n<\/div>\n<\/div>\n<\/div>\n<div class=\"row\">\n<div class=\"col-md-12 col-xs-12 col-sm-12 col-lg-12\">\n<div class=\"text-center\">\n<p class=\"\" style=\"text-align: center;\"><a class=\"btn btn-raised btn-pill btn-color-2\" href=\"http:\/\/ecoconstructioncameroon.com\/fr\/reserve-your-house\/\">R\u00e9servez votre maison <\/a><\/p>\n<\/div>\n<\/div>\n<\/div>\n<\/div>\n<\/div>\n<div class=\"boldgrid-section\">\n<div class=\"container-fluid\">\n<div class=\"row\">\n<div class=\"col-md-12 col-xs-12 col-sm-12 col-lg-12\"><\/div>\n<\/div>\n<\/div>\n<\/div>\n<div class=\"boldgrid-section\">\n<div class=\"container-fluid\">\n<div class=\"row\">\n<div class=\"col-md-12 col-xs-12 col-sm-12 col-lg-12\"><\/div>\n<\/div>\n<\/div>\n<\/div>\n<div class=\"boldgrid-section\">\n<div class=\"container-fluid\">\n<div class=\"row\">\n<div class=\"col-md-12 col-xs-12 col-sm-12 col-lg-12\"><\/div>\n<\/div>\n<\/div>\n<\/div>\n<p><\/p>","protected":false},"excerpt":{"rendered":"<p>Les immeubles d&rsquo;appartements sont parmi les investissements les plus s\u00fbrs et une source s\u00fbre de revenus. En m\u00eame temps, c&rsquo;est un projet de construction assez compliqu\u00e9 \u00e0 r\u00e9ussir. Un mauvais choix d&rsquo;entrepreneur peut facilement doubler les co\u00fbts de construction. Eco Construction est l\u00e0 pour vous donner la tranquillit\u00e9 d&rsquo;esprit. plan de distribution #R2A1 &nbsp; Superficie [&hellip;]<\/p>\n","protected":false},"author":1,"featured_media":0,"parent":0,"menu_order":0,"comment_status":"closed","ping_status":"closed","template":"","meta":{"bgseo_title":"","bgseo_description":"","bgseo_robots_index":"index","bgseo_robots_follow":"follow","om_disable_all_campaigns":false,"_monsterinsights_skip_tracking":false,"_monsterinsights_sitenote_active":false,"_monsterinsights_sitenote_note":"","_monsterinsights_sitenote_category":0,"footnotes":""},"aioseo_notices":[],"_links":{"self":[{"href":"https:\/\/ecoconstructioncameroon.com\/fr\/wp-json\/wp\/v2\/pages\/7006"}],"collection":[{"href":"https:\/\/ecoconstructioncameroon.com\/fr\/wp-json\/wp\/v2\/pages"}],"about":[{"href":"https:\/\/ecoconstructioncameroon.com\/fr\/wp-json\/wp\/v2\/types\/page"}],"author":[{"embeddable":true,"href":"https:\/\/ecoconstructioncameroon.com\/fr\/wp-json\/wp\/v2\/users\/1"}],"replies":[{"embeddable":true,"href":"https:\/\/ecoconstructioncameroon.com\/fr\/wp-json\/wp\/v2\/comments?post=7006"}],"version-history":[{"count":14,"href":"https:\/\/ecoconstructioncameroon.com\/fr\/wp-json\/wp\/v2\/pages\/7006\/revisions"}],"predecessor-version":[{"id":8522,"href":"https:\/\/ecoconstructioncameroon.com\/fr\/wp-json\/wp\/v2\/pages\/7006\/revisions\/8522"}],"wp:attachment":[{"href":"https:\/\/ecoconstructioncameroon.com\/fr\/wp-json\/wp\/v2\/media?parent=7006"}],"curies":[{"name":"wp","href":"https:\/\/api.w.org\/{rel}","templated":true}]}}