{"id":70,"date":"2017-10-13T15:47:48","date_gmt":"2017-10-13T15:47:48","guid":{"rendered":"http:\/\/ecoconstructioncameroon.com\/?page_id=70"},"modified":"2018-12-30T20:11:45","modified_gmt":"2018-12-30T20:11:45","slug":"vision-mission-values","status":"publish","type":"page","link":"https:\/\/ecoconstructioncameroon.com\/fr\/vision-mission-values\/","title":{"rendered":"Vision, Mission, Valeurs"},"content":{"rendered":"<p><\/p>\n<div class=\"boldgrid-section\" style=\"background-image: linear-gradient(to left, #c2e59c, #64b3f4);\" data-bg-direction=\"to left\" data-bg-color-2=\"#64b3f4\" data-bg-color-1=\"#c2e59c\">\n<div class=\"container\">\n<div class=\"row\" style=\"padding-top: 40px;\">\n<div class=\"col-md-12 col-sm-12 col-xs-12 text-center\">\n<h2 class=\"\"><\/h2>\n<\/div>\n<\/div>\n<div class=\"row\" style=\"padding-top: 20px; padding-bottom: 20px;\">\n<div class=\"col-md-1 col-sm-1 col-xs-12\"><\/div>\n<div class=\"col-md-2 col-sm-4 col-xs-12 text-center align-column-center\">\n<h3 class=\"mod-reset\"><strong>VISION<\/strong><\/h3>\n<\/div>\n<div class=\"col-md-8 col-sm-6 col-xs-12\">\n<div class=\"color-neutral-background-color color-neutral-text-contrast bg-background-color bg-box\">\n<p class=\"\">Eco Construction est le catalyseur \u00e0 travers lequel chaque Camerounais peut avoir acc\u00e8s \u00e0 un logement moderne, d\u00e9cent et abordable.<\/p>\n<\/div>\n<\/div>\n<div class=\"col-md-1 col-sm-1 col-xs-12\"><\/div>\n<\/div>\n<div class=\"row\" style=\"padding-top: 20px; padding-bottom: 20px;\">\n<div class=\"col-md-1 col-sm-1 col-xs-12\"><\/div>\n<div class=\"col-md-2 col-sm-4 col-xs-12 text-center align-column-center\">\n<h3 class=\"mod-reset\"><strong>MISSION<\/strong><\/h3>\n<\/div>\n<div class=\"col-md-8 col-sm-6 col-xs-12\">\n<div class=\"color-neutral-background-color color-neutral-text-contrast bg-background-color bg-box\">\n<p class=\"\">Nous envisageons de rendre accessible les logements modernes en :<\/p>\n<ul class=\"\">\n<li>sensibilisant la population sur les avantages de l&rsquo;utilisation de la terre dans la construction.<\/li>\n<li>construisant des logements modernes et abordables \u00e0 l&rsquo;aide de mat\u00e9riels locaux.<\/li>\n<li>fournissant du financement, dans la mesure du possible, afin d&rsquo;accro\u00eetre l&rsquo;acc\u00e8s \u00e0 ces logements.<\/li>\n<li>menant \u00e0 bien nos projets en un temps record pour que les clients profitent de leurs investissements le plus t\u00f4t possible.<\/li>\n<\/ul>\n<\/div>\n<\/div>\n<div class=\"col-md-1 col-sm-1 col-xs-12\"><\/div>\n<\/div>\n<div class=\"row\" style=\"padding-top: 20px; padding-bottom: 20px;\">\n<div class=\"col-md-1 col-sm-1 col-xs-12\"><\/div>\n<div class=\"col-md-2 col-sm-4 col-xs-12 text-center align-column-center\">\n<h3 class=\"mod-reset\"><strong>VALeUrS<\/strong><\/h3>\n<\/div>\n<div class=\"col-md-8 col-sm-6 col-xs-12\">\n<div class=\"color-neutral-background-color color-neutral-text-contrast bg-background-color bg-box\">\n<p>Nos valeurs\u00a0refl\u00e8tent qui\u00a0nous sommes\u00a0et ce\u00a0que nous repr\u00e9sentons en tant que soci\u00e9t\u00e9.<\/p>\n<ul class=\"\">\n<li><strong>Honn\u00eatet\u00e9 :<\/strong> Nous d\u00e9montrons une honn\u00eatet\u00e9 totale dans tout ce que nous entreprenons. Nous ne promettons que ce que nous pouvons livrer. Notre parole vaut son pesant d&rsquo;or.<\/li>\n<li><strong>Respect :<\/strong> Dans nos interactions quotidiennes, nous t\u00e9moignons du plus grand respect \u00e0 toutes nos parties prenantes et, en particulier, \u00e0 nos clients. En cons\u00e9quence, nous ne les prenons pas pour acquis: nous les tenons constamment inform\u00e9s et appr\u00e9cions leur opinion..<\/li>\n<li><strong>Diligence :<\/strong> Nous r\u00e9alisons nos projets avec soin, attention et le souci du d\u00e9tail pour assurer la satisfaction totale du client.<\/li>\n<li><strong>Transparence :<\/strong> Notre totale transparence dans tout ce que nous faisons garantit qu&rsquo;\u00e0 tout moment, le client comprend ce que nous faisons et pourquoi.<\/li>\n<li><strong>Int\u00e9grit\u00e9 :<\/strong> Nous gagnons la confiance de tous nos clients, fournisseurs et employ\u00e9s gr\u00e2ce \u00e0 l&rsquo;int\u00e9grit\u00e9 que nous d\u00e9montrons dans tout ce que nous entreprenons.<\/li>\n<li><strong>Travail d&rsquo;\u00e9quipe :\u00a0<\/strong>Le travail d&rsquo;\u00e9quipe que nous favorisons chez nos employ\u00e9s assure une coh\u00e9sion qui g\u00e9n\u00e8re de la qualit\u00e9 pour le client et de la valeur pour notre marque d&rsquo;entreprise.<\/li>\n<\/ul>\n<\/div>\n<\/div>\n<div class=\"col-md-1 col-sm-1 col-xs-12\"><\/div>\n<\/div>\n<\/div>\n<\/div>\n<div class=\"boldgrid-section\">\n<div class=\"container\">\n<div class=\"row\"><\/div>\n<\/div>\n<\/div>\n<p><\/p>","protected":false},"excerpt":{"rendered":"<p>VISION Eco Construction est le catalyseur \u00e0 travers lequel chaque Camerounais peut avoir acc\u00e8s \u00e0 un logement moderne, d\u00e9cent et abordable. MISSION Nous envisageons de rendre accessible les logements modernes en : sensibilisant la population sur les avantages de l&rsquo;utilisation de la terre dans la construction. construisant des logements modernes et abordables \u00e0 l&rsquo;aide de [&hellip;]<\/p>\n","protected":false},"author":1,"featured_media":0,"parent":0,"menu_order":0,"comment_status":"closed","ping_status":"closed","template":"","meta":{"bgseo_title":"vision, mission, valeurs  Eco Construction est le catalyseur \u00e0 travers","bgseo_description":"vision, mission, valeurs\r\nEco Construction est le catalyseur \u00e0 travers lequel chaque Camerounais peut avoir acc\u00e8s \u00e0 un logement moderne, d\u00e9cent et abordable.","bgseo_robots_index":"index","bgseo_robots_follow":"follow","om_disable_all_campaigns":false,"_monsterinsights_skip_tracking":false,"_monsterinsights_sitenote_active":false,"_monsterinsights_sitenote_note":"","_monsterinsights_sitenote_category":0,"footnotes":""},"aioseo_notices":[],"_links":{"self":[{"href":"https:\/\/ecoconstructioncameroon.com\/fr\/wp-json\/wp\/v2\/pages\/70"}],"collection":[{"href":"https:\/\/ecoconstructioncameroon.com\/fr\/wp-json\/wp\/v2\/pages"}],"about":[{"href":"https:\/\/ecoconstructioncameroon.com\/fr\/wp-json\/wp\/v2\/types\/page"}],"author":[{"embeddable":true,"href":"https:\/\/ecoconstructioncameroon.com\/fr\/wp-json\/wp\/v2\/users\/1"}],"replies":[{"embeddable":true,"href":"https:\/\/ecoconstructioncameroon.com\/fr\/wp-json\/wp\/v2\/comments?post=70"}],"version-history":[{"count":35,"href":"https:\/\/ecoconstructioncameroon.com\/fr\/wp-json\/wp\/v2\/pages\/70\/revisions"}],"predecessor-version":[{"id":6325,"href":"https:\/\/ecoconstructioncameroon.com\/fr\/wp-json\/wp\/v2\/pages\/70\/revisions\/6325"}],"wp:attachment":[{"href":"https:\/\/ecoconstructioncameroon.com\/fr\/wp-json\/wp\/v2\/media?parent=70"}],"curies":[{"name":"wp","href":"https:\/\/api.w.org\/{rel}","templated":true}]}}