{"id":68,"date":"2017-10-13T15:47:48","date_gmt":"2017-10-13T15:47:48","guid":{"rendered":"http:\/\/ecoconstructioncameroon.com\/?page_id=68"},"modified":"2018-04-05T23:52:35","modified_gmt":"2018-04-05T23:52:35","slug":"strategy","status":"publish","type":"page","link":"https:\/\/ecoconstructioncameroon.com\/fr\/strategy\/","title":{"rendered":"Notre strat\u00e9gie"},"content":{"rendered":"<p><\/p>\n<div class=\"boldgrid-section\">\n<div class=\"container-fluid\">\n<div class=\"row\">\n<div class=\"col-md-1 col-sm-12 col-xs-12\"><\/div>\n<div class=\"col-md-5 col-sm-6 col-xs-10 align-column-center\">\n<div class=\"bg-box-flush color3-border-color bg-box\" style=\"border: 10px solid; margin-right: -50px; z-index: 1; position: relative;\">\n<div class=\"row\">\n<div class=\"col-md-6 col-sm-6 col-xs-12\">\n<div class=\"color3-background-color color-3-text-contrast bg-background-color bg-box\" style=\"height: 100%; padding: 1.5em;\">\n<h3>&nbsp;<\/h3>\n<h3 style=\"font-size: 33px;\">notre strat\u00e9gie<\/h3>\n<h4>&nbsp;<\/h4>\n<p style=\"margin-top: 50px;\">&nbsp;<\/p>\n<\/div>\n<\/div>\n<div class=\"col-md-6 col-sm-6 col-xs-12 align-column-center\">\n<div class=\"bg-box\" style=\"padding: 3em 3em 3em 1em;\">\n<h3>NOTRE STRAT\u00c9GIE D&rsquo;ENTREPRISE rePOSE sur 4 pilierS :<\/h3>\n<p>.<\/p>\n<\/div>\n<\/div>\n<\/div>\n<\/div>\n<\/div>\n<div class=\"col-md-1 col-sm-1 col-xs-2 color1-background-color color-1-text-contrast bg-background-color\"><\/div>\n<div class=\"col-md-5 col-sm-5 col-xs-12 color1-background-color color-1-text-contrast bg-background-color\" style=\"padding: 3em;\">\n<div class=\"row\" style=\"margin-top: 50px; margin-bottom: 50px;\">\n<div class=\"col-md-1 col-sm-2 col-xs-2\">\n<div><i class=\"color3-color fa fa-handshake-o\" aria-hidden=\"true\" style=\"font-size: 25px;\"><span style=\"display: none;\">&nbsp;<\/span><\/i><\/div>\n<\/div>\n<div class=\"col-md-10 col-sm-9 col-xs-10\">\n<div>\n<h3 style=\"margin-top: 0px; margin-bottom: 15px;\">1. la qualit\u00e9 avant tout<\/h3>\n<p>Nos maisons sont caract\u00e9ris\u00e9es par l\u2019harmonie parfaite de :<\/p>\n<ul>\n<li>mati\u00e8res premi\u00e8res de qualit\u00e9 sup\u00e9rieure,<\/li>\n<li>produits de finition haut de gamme, s\u00e9lectionn\u00e9s avec soin,<\/li>\n<li>techniciens exp\u00e9riment\u00e9s et bien form\u00e9s.<\/li>\n<\/ul>\n<p>Tous sont soumis \u00e0 un processus de production finement r\u00e9gl\u00e9 pour garantir des maisons de qualit\u00e9 sup\u00e9rieure capables de r\u00e9sister \u00e0 l&rsquo;\u00e9preuve du temps.<\/p>\n<\/div>\n<\/div>\n<div class=\"col-md-1 col-sm-1 col-xs-12\"><\/div>\n<\/div>\n<div class=\"row\" style=\"margin-top: 50px; margin-bottom: 50px;\">\n<div class=\"col-md-1 col-sm-2 col-xs-2\">\n<div><i class=\"color3-color fa fa-shopping-cart\" aria-hidden=\"true\" style=\"font-size: 25px;\"><span style=\"display: none;\">&nbsp;<\/span><\/i><\/div>\n<\/div>\n<div class=\"col-md-10 col-sm-9 col-xs-10\">\n<div>\n<h3 style=\"margin-top: 0px; margin-bottom: 15px;\">2. produits abordables<\/h3>\n<p>Nos maisons restent abordables car nous maintenons nos co\u00fbts bas gr\u00e2ce \u00e0 un certain nombre de moyens :<\/p>\n<ul>\n<li>L&rsquo;approvisionnement direct des mati\u00e8res premi\u00e8res : nous obtenons notre bois directement de la for\u00eat, sans interm\u00e9diaires.<\/li>\n<li>Nous achetons les produits locaux en vrac, garantissant ainsi les meilleurs prix.<\/li>\n<li>Nous importons les autres produits non fabriqu\u00e9s localement, directement des fabricants.<\/li>\n<\/ul>\n<p>Grace \u00e0 ces \u00e9conomies, nous pouvons offrir des maisons \u00e0 moindre co\u00fbt.<\/p>\n<\/div>\n<\/div>\n<\/div>\n<div class=\"row\" style=\"margin-top: 50px; margin-bottom: 50px;\">\n<div class=\"col-md-1 col-sm-2 col-xs-2\">\n<div><i class=\"color3-color fa fa-bullseye\" aria-hidden=\"true\" style=\"font-size: 25px;\"><span style=\"display: none;\">&nbsp;<\/span><\/i><\/div>\n<\/div>\n<div class=\"col-md-10 col-sm-9 col-xs-10\">\n<div>\n<h3 style=\"margin-top: 0px; margin-bottom: 15px;\">3. satisfaction et fid\u00e9lisation de la client\u00e8le<\/h3>\n<p>Nous visons \u00e0 garder nos clients satisfaits et enthousiasm\u00e9s par la qualit\u00e9 des maisons obtenues \u00e0 nos prix all\u00e9chants. Nos clients heureux ach\u00e8tent d&rsquo;autres produits accessoires et finissent par nous r\u00e9f\u00e9rer d&rsquo;autres clients.<\/p>\n<\/div>\n<\/div>\n<div class=\"col-md-1 col-sm-1 col-xs-12\"><\/div>\n<\/div>\n<div class=\"row\" style=\"margin-top: 50px; margin-bottom: 50px;\">\n<div class=\"col-md-1 col-sm-2 col-xs-2\">\n<div><i class=\"color3-color fa fa-clone\" aria-hidden=\"true\" style=\"font-size: 25px;\"><span style=\"display: none;\">&nbsp;<\/span><\/i><\/div>\n<\/div>\n<div class=\"col-md-10 col-sm-9 col-xs-10\">\n<div>\n<h3 style=\"margin-top: 0px; margin-bottom: 15px;\">4. expansion r\u00e9gionale<\/h3>\n<p>Nous visons \u00e0 reproduire cette strat\u00e9gie avec succ\u00e8s en \u00e9tendant nos tentacules \u00e0 d&rsquo;autres pays de la sous-r\u00e9gion et au-del\u00e0..<\/p>\n<\/div>\n<\/div>\n<div class=\"col-md-1 col-sm-1 col-xs-12\"><\/div>\n<\/div>\n<\/div>\n<\/div>\n<\/div>\n<\/div>\n<p><\/p>","protected":false},"excerpt":{"rendered":"<p>&nbsp; notre strat\u00e9gie &nbsp; &nbsp; NOTRE STRAT\u00c9GIE D&rsquo;ENTREPRISE rePOSE sur 4 pilierS : . &nbsp; 1. la qualit\u00e9 avant tout Nos maisons sont caract\u00e9ris\u00e9es par l\u2019harmonie parfaite de : mati\u00e8res premi\u00e8res de qualit\u00e9 sup\u00e9rieure, produits de finition haut de gamme, s\u00e9lectionn\u00e9s avec soin, techniciens exp\u00e9riment\u00e9s et bien form\u00e9s. Tous sont soumis \u00e0 un processus de [&hellip;]<\/p>\n","protected":false},"author":1,"featured_media":0,"parent":0,"menu_order":0,"comment_status":"closed","ping_status":"closed","template":"","meta":{"bgseo_title":"","bgseo_description":"","bgseo_robots_index":"index","bgseo_robots_follow":"follow","om_disable_all_campaigns":false,"_monsterinsights_skip_tracking":false,"_monsterinsights_sitenote_active":false,"_monsterinsights_sitenote_note":"","_monsterinsights_sitenote_category":0,"footnotes":""},"aioseo_notices":[],"_links":{"self":[{"href":"https:\/\/ecoconstructioncameroon.com\/fr\/wp-json\/wp\/v2\/pages\/68"}],"collection":[{"href":"https:\/\/ecoconstructioncameroon.com\/fr\/wp-json\/wp\/v2\/pages"}],"about":[{"href":"https:\/\/ecoconstructioncameroon.com\/fr\/wp-json\/wp\/v2\/types\/page"}],"author":[{"embeddable":true,"href":"https:\/\/ecoconstructioncameroon.com\/fr\/wp-json\/wp\/v2\/users\/1"}],"replies":[{"embeddable":true,"href":"https:\/\/ecoconstructioncameroon.com\/fr\/wp-json\/wp\/v2\/comments?post=68"}],"version-history":[{"count":37,"href":"https:\/\/ecoconstructioncameroon.com\/fr\/wp-json\/wp\/v2\/pages\/68\/revisions"}],"predecessor-version":[{"id":5484,"href":"https:\/\/ecoconstructioncameroon.com\/fr\/wp-json\/wp\/v2\/pages\/68\/revisions\/5484"}],"wp:attachment":[{"href":"https:\/\/ecoconstructioncameroon.com\/fr\/wp-json\/wp\/v2\/media?parent=68"}],"curies":[{"name":"wp","href":"https:\/\/api.w.org\/{rel}","templated":true}]}}