{"id":6506,"date":"2019-02-03T12:08:52","date_gmt":"2019-02-03T12:08:52","guid":{"rendered":"http:\/\/ecoconstructioncameroon.com\/?page_id=6506"},"modified":"2020-06-11T22:02:12","modified_gmt":"2020-06-11T22:02:12","slug":"newsletters-2","status":"publish","type":"page","link":"https:\/\/ecoconstructioncameroon.com\/fr\/newsletters-2\/","title":{"rendered":"Infolettres"},"content":{"rendered":"<p><\/p>\n<div class=\"color1-background-color color-1-text-contrast bg-background-color tmpl-pricing_tables-7 boldgrid-section dynamic-gridblock\">\n<div class=\"container\">\n<div class=\"row\" style=\"padding-top: 0px;\">\n<div class=\"col-md-12 col-xs-12 col-sm-12\" style=\"text-align: center;\">\n<h2 class=\"\"><span style=\"color: #000080;\"><b>INFOLETTRE bimestriel <\/b><\/span>de eco construction<\/h2>\n<p class=\"\">Cliquez un mois\/des mois ci-dessous pour visionner l&rsquo;infolettre correspondant.<br \/>\nN&rsquo;oubliez pas de vous inscrire \u00e0 notre liste de diffusion ci-dessous.<\/p>\n<\/div>\n<\/div>\n<div class=\"row\" style=\"padding-top: 19px; padding-bottom: 50px;\">\n<div class=\"col-md-3 col-sm-6 col-xs-12 text-center\">\n<div class=\"bg-box-flush color1-background-color color-1-text-contrast bg-background-color bg-box\">\n<div class=\"row\">\n<div class=\"col-md-12 col-xs-12 col-sm-12\">\n<div class=\"color2-background-color color-2-text-contrast bg-background-color bg-box\" style=\"padding: 0.2em 1em;\">\n<h3 style=\"margin: 15px 0;\"><strong>2018<\/strong><\/h3>\n<\/div>\n<\/div>\n<\/div>\n<p class=\"\"><i class=\"fa-fw fa fa-envelope-open-o\" style=\"font-size: 17px;\" aria-hidden=\"true\"><span style=\"display: none;\">&nbsp;<\/span><\/i>&nbsp; <a href=\"http:\/\/mailchi.mp\/b863940808b5\/infolettre-doctobre-october-newsletter\">Octobre<\/a><\/p>\n<p class=\"\"><i class=\"fa-fw fa fa-map-o\" style=\"font-size: 17px;\" aria-hidden=\"true\"><span style=\"display: none;\">&nbsp;<\/span><\/i>&nbsp; <a href=\"http:\/\/mailchi.mp\/ecbbc9398763\/infolettre-de-novembre-2018-nov-2018-newsletter\">Novembre<\/a><\/p>\n<p><i class=\"fa-fw fa fa-folder-open-o\" style=\"font-size: 17px;\" aria-hidden=\"true\"><span style=\"display: none;\">&nbsp;<\/span><\/i>&nbsp; <a href=\"http:\/\/mailchi.mp\/6ed6a1bbb06f\/december-2018-newsletter-infolettre-de-dcembre-2018\">D\u00e9cembre<\/a><\/p>\n<p class=\"\"><a class=\"btn-block btn-color-2 btn btn-small-caps btn-raised btn-large btn-\" href=\"#\" shape=\"\"><strong>2018<\/strong><\/a><\/p>\n<\/div>\n<\/div>\n<div class=\"col-md-3 col-sm-6 col-xs-12 text-center\">\n<div class=\"bg-box-flush color1-background-color color-1-text-contrast bg-background-color bg-box\">\n<div class=\"row\">\n<div class=\"col-md-12 col-xs-12 col-sm-12\">\n<div class=\"color2-background-color color-2-text-contrast bg-background-color bg-box\" style=\"padding: 0.2em 1em;\">\n<h3 style=\"margin: 15px 0;\"><strong>2019<\/strong><\/h3>\n<\/div>\n<\/div>\n<\/div>\n<p class=\"\"><i class=\"fa-fw fa fa-envelope-open-o\" style=\"font-size: 17px;\" aria-hidden=\"true\"><span style=\"display: none;\">&nbsp;<\/span><\/i> <a href=\"https:\/\/mailchi.mp\/b927a8f4d72e\/infolettre-de-janvier-2019-january-2019-newsletter-125475\">Janvier<\/a><\/p>\n<p class=\"\"><i class=\"fa-fw fa fa-map-o\" style=\"font-size: 17px;\" aria-hidden=\"true\"><span style=\"display: none;\">&nbsp;<\/span><\/i><a href=\"https:\/\/mailchi.mp\/50d3a3b463a2\/infolettre-de-fv-2019-feb-2019newsletter\"> F\u00e9vrier<\/a><\/p>\n<p class=\"\"><i class=\"fa-fw fa fa-map-o\" style=\"font-size: 17px;\" aria-hidden=\"true\"><span style=\"display: none;\">&nbsp;<\/span><\/i>&nbsp;<a href=\"https:\/\/mailchi.mp\/fa19f0e83a50\/infolettre-de-mars-2019-march-2019-newsletter\">Mars<\/a><\/p>\n<p class=\"\"><i class=\"fa-fw fa fa-cubes\" style=\"font-size: 17px;\" aria-hidden=\"true\"><span style=\"display: none;\">&nbsp;<\/span><\/i><a href=\"https:\/\/mailchi.mp\/1655cd8ad386\/infolettre-davril-2019-april-2019-newsletter\"> Avril<\/a><\/p>\n<p class=\"\"><i class=\"fa-fw fa fa-folder-open-o\" style=\"font-size: 17px;\" aria-hidden=\"true\"><span style=\"display: none;\">&nbsp;<\/span><\/i>&nbsp;<a href=\"https:\/\/mailchi.mp\/8d05d0b850b8\/infolettre-de-mai-juin-2019-may-june-2019-newsletter\">Mai\/Juin<\/a><\/p>\n<p class=\"\"><a href=\"https:\/\/mailchi.mp\/fda469b417ba\/eco-construction-infolettre-de-juilletaot-julyaugust-newsletter\"><i class=\"fa-fw fa fa-map-o\" style=\"font-size: 17px;\" aria-hidden=\"true\"><span style=\"display: none;\">&nbsp;<\/span><\/i>&nbsp;Juillet\/Ao\u00fbt<\/a><\/p>\n<p class=\"\"><a href=\"https:\/\/mailchi.mp\/fda469b417ba\/eco-construction-infolettre-de-juilletaot-julyaugust-newsletter\"><i class=\"fa-fw fa fa-map-o\" aria-hidden=\"true\"><\/i>&nbsp; <\/a><a href=\"http:\/\/mailchi.mp\/7974ba04e6f7\/infolettre-de-sept-oct-2019-newsletter\">Septembre\/Octobre<\/a>&nbsp;<\/p>\n<p class=\"\"><a href=\"http:\/\/mailchi.mp\/1fdca418ce52\/infolettre-de-nov-dec-2019-newsletter\"><i class=\"fa-fw fa fa-map-o\" aria-hidden=\"true\"><\/i>&nbsp;Novembre\/D\u00e9cembre<\/a>&nbsp;<\/p>\n<p class=\"\"><strong><a class=\"btn-block btn-color-2 btn btn-small-caps btn-raised btn-large btn-\" style=\"margin-top: 30px;\" href=\"#\" shape=\"\">2019<\/a><\/strong><\/p>\n<\/div>\n<\/div>\n<div class=\"col-md-3 col-sm-6 col-xs-12 text-center\">\n<div class=\"bg-box-flush color1-background-color color-1-text-contrast bg-background-color bg-box\">\n<div class=\"row\">\n<div class=\"col-md-12 col-xs-12 col-sm-12\">\n<div class=\"color2-background-color color-2-text-contrast bg-background-color bg-box\" style=\"padding: 0.2em 1em;\">\n<h3 style=\"margin: 15px 0;\"><strong>2020<\/strong><\/h3>\n<\/div>\n<\/div>\n<\/div>\n<p class=\"\"><a href=\"https:\/\/mailchi.mp\/fda469b417ba\/eco-construction-infolettre-de-juilletaot-julyaugust-newsletter\"><i class=\"fa-fw fa fa-map-o\" aria-hidden=\"true\"><\/i>&nbsp; <\/a>&nbsp;<a href=\"http:\/\/mailchi.mp\/8d873f4d6d36\/eco-construction-infolettre-de-janvier-fevrier-jan-feb-newsletter-4803125\">Janvier\/F\u00e9vri<span style=\"color: #ffffff;\">er<\/span><\/a><\/p>\n<p class=\"\"><i class=\"fa-fw fa fa-folder-open-o\" style=\"font-size: 17px;\" aria-hidden=\"true\"><span style=\"display: none;\">&nbsp;<\/span><\/i>&nbsp;&nbsp;&nbsp;Mars\/Avril<\/p>\n<p class=\"\">&nbsp;<i class=\"fa-fw fa fa-map-o\" aria-hidden=\"true\"><\/i>&nbsp; &nbsp;Mai\/Juin<\/p>\n<p class=\"\"><i class=\"fa-fw fa fa-envelope-open-o\" style=\"font-size: 17px;\" aria-hidden=\"true\"><span style=\"display: none;\">&nbsp;<\/span><\/i><\/p>\n<p class=\"\"><i class=\"fa-fw fa fa-map-o\" style=\"font-size: 17px;\" aria-hidden=\"true\"><br \/>\n<span style=\"display: none;\">&nbsp;<\/span><\/i><\/p>\n<p class=\"\"><i class=\"fa-fw fa fa-cubes\" style=\"font-size: 17px;\" aria-hidden=\"true\"><br \/>\n<span style=\"display: none;\">&nbsp;<\/span><\/i><\/p>\n<p class=\"\"><i class=\"fa-fw fa fa-download\" style=\"font-size: 17px;\" aria-hidden=\"true\"><span style=\"display: none;\">&nbsp;<\/span><\/i><\/p>\n<p class=\"\"><i class=\"fa-fw fa fa-folder-open-o\" style=\"font-size: 17px;\" aria-hidden=\"true\"><span style=\"display: none;\">&nbsp;<\/span><\/i><\/p>\n<p class=\"\"><i class=\"fa-fw fa fa-globe\" style=\"font-size: 17px;\" aria-hidden=\"true\"><span style=\"display: none;\">&nbsp;<\/span><\/i><\/p>\n<\/div>\n<\/div>\n<div class=\"col-md-3 col-sm-6 col-xs-12 text-center\">\n<div class=\"bg-box-flush color1-background-color color-1-text-contrast bg-background-color bg-box\">\n<div class=\"row\">\n<div class=\"col-md-12 col-xs-12 col-sm-12\">\n<div class=\"color2-background-color color-2-text-contrast bg-background-color bg-box\" style=\"padding: 0.2em 1em;\">\n<h3 style=\"margin: 15px 0;\">&nbsp;<\/h3>\n<\/div>\n<\/div>\n<\/div>\n<p class=\"\"><i class=\"fa-fw fa fa-envelope-open-o\" style=\"font-size: 17px;\" aria-hidden=\"true\"><span style=\"display: none;\">&nbsp;<\/span><\/i><\/p>\n<p class=\"\"><i class=\"fa-fw fa fa-envelope-open-o\" style=\"font-size: 17px;\" aria-hidden=\"true\"><span style=\"display: none;\">&nbsp;<\/span><\/i><\/p>\n<p class=\"\"><i class=\"fa-fw fa fa-envelope-open-o\" style=\"font-size: 17px;\" aria-hidden=\"true\"><span style=\"display: none;\">&nbsp;<\/span><\/i><\/p>\n<p><i class=\"fa-fw fa fa-map-o\" style=\"font-size: 17px;\" aria-hidden=\"true\"><span style=\"display: none;\">&nbsp;<\/span><\/i><\/p>\n<p><i class=\"fa-fw fa fa-map-o\" style=\"font-size: 17px;\" aria-hidden=\"true\"><span style=\"display: none;\">&nbsp;<\/span><\/i><\/p>\n<p class=\"\"><i class=\"fa-fw fa fa-cubes\" style=\"font-size: 17px;\" aria-hidden=\"true\"><span style=\"display: none;\">&nbsp;<\/span><\/i><\/p>\n<p class=\"\"><i class=\"fa-fw fa fa-download\" style=\"font-size: 17px;\" aria-hidden=\"true\"><span style=\"display: none;\">&nbsp;<\/span><\/i><\/p>\n<p><i class=\"fa-fw fa fa-folder-open-o\" style=\"font-size: 17px;\" aria-hidden=\"true\"><span style=\"display: none;\">&nbsp;<\/span><\/i><\/p>\n<p class=\"\"><i class=\"fa-fw fa fa-folder-open-o\" style=\"font-size: 17px;\" aria-hidden=\"true\"><span style=\"display: none;\">&nbsp;<\/span><\/i><\/p>\n<p class=\"\"><i class=\"fa-fw fa fa-folder-open-o\" style=\"font-size: 17px;\" aria-hidden=\"true\"><span style=\"display: none;\">&nbsp;<\/span><\/i><\/p>\n<p class=\"\"><i class=\"fa-fw fa fa-globe\" style=\"font-size: 17px;\" aria-hidden=\"true\"><span style=\"display: none;\">&nbsp;<\/span><\/i><\/p>\n<p>&nbsp;<\/p>\n<\/div>\n<\/div>\n<\/div>\n<div class=\"row\" style=\"padding-bottom: 0px;\">\n<div class=\"col-md-12 col-xs-12 col-sm-12\" style=\"text-align: center;\">\n<p class=\"mod-reset\">&nbsp;<\/p>\n<p><!-- Begin Mailchimp Signup Form --><\/p>\n<div id=\"mc_embed_signup\">\n<form id=\"mc-embedded-subscribe-form\" class=\"validate\" action=\"https:\/\/ecoconstructioncameroon.us19.list-manage.com\/subscribe\/post?u=d1eb8308a58c781272c972ddd&amp;id=bf5bc11c23\" method=\"post\" name=\"mc-embedded-subscribe-form\" novalidate=\"\" target=\"_blank\">\n<div id=\"mc_embed_signup_scroll\"><label for=\"mce-EMAIL\">Abonnez-vous \u00e0 notre listre de diffusion<\/label><br \/>\n<input id=\"mce-EMAIL\" class=\"email\" name=\"EMAIL\" required=\"\" type=\"email\" value=\"\" placeholder=\"email address\"><br \/>\n<!-- real people should not fill this in and expect good things - do not remove this or risk form bot signups-->&nbsp;&nbsp;<\/p>\n<div aria-hidden=\"true\" style=\"position: absolute; left: -5000px;\"><input tabindex=\"-1\" name=\"b_d1eb8308a58c781272c972ddd_bf5bc11c23\" type=\"text\" value=\"\"><\/div>\n<div class=\"clear\"><input id=\"mc-embedded-subscribe\" class=\"button\" name=\"subscribe\" type=\"submit\" value=\"Subscribe\"><\/div>\n<\/div>\n<\/form>\n<\/div>\n<p><!--End mc_embed_signup--><\/p>\n<\/div>\n<\/div>\n<\/div>\n<\/div>\n<div class=\"boldgrid-section\">\n<div class=\"container\">\n<div class=\"row\">\n<div class=\"col-md-12 col-xs-12 col-sm-12\"><\/div>\n<\/div>\n<\/div>\n<\/div>\n<p><\/p>","protected":false},"excerpt":{"rendered":"<p>INFOLETTRE bimestriel de eco construction Cliquez un mois\/des mois ci-dessous pour visionner l&rsquo;infolettre correspondant. N&rsquo;oubliez pas de vous inscrire \u00e0 notre liste de diffusion ci-dessous. 2018 &nbsp;&nbsp; Octobre &nbsp;&nbsp; Novembre &nbsp;&nbsp; D\u00e9cembre 2018 2019 &nbsp; Janvier &nbsp; F\u00e9vrier &nbsp;&nbsp;Mars &nbsp; Avril &nbsp;&nbsp;Mai\/Juin &nbsp;&nbsp;Juillet\/Ao\u00fbt &nbsp; Septembre\/Octobre&nbsp; &nbsp;Novembre\/D\u00e9cembre&nbsp; 2019 2020 &nbsp; &nbsp;Janvier\/F\u00e9vrier &nbsp;&nbsp;&nbsp;&nbsp;Mars\/Avril &nbsp;&nbsp; &nbsp;Mai\/Juin &nbsp; &nbsp; [&hellip;]<\/p>\n","protected":false},"author":1,"featured_media":0,"parent":0,"menu_order":0,"comment_status":"closed","ping_status":"closed","template":"","meta":{"bgseo_title":"","bgseo_description":"","bgseo_robots_index":"index","bgseo_robots_follow":"follow","om_disable_all_campaigns":false,"_monsterinsights_skip_tracking":false,"_monsterinsights_sitenote_active":false,"_monsterinsights_sitenote_note":"","_monsterinsights_sitenote_category":0,"footnotes":""},"aioseo_notices":[],"_links":{"self":[{"href":"https:\/\/ecoconstructioncameroon.com\/fr\/wp-json\/wp\/v2\/pages\/6506"}],"collection":[{"href":"https:\/\/ecoconstructioncameroon.com\/fr\/wp-json\/wp\/v2\/pages"}],"about":[{"href":"https:\/\/ecoconstructioncameroon.com\/fr\/wp-json\/wp\/v2\/types\/page"}],"author":[{"embeddable":true,"href":"https:\/\/ecoconstructioncameroon.com\/fr\/wp-json\/wp\/v2\/users\/1"}],"replies":[{"embeddable":true,"href":"https:\/\/ecoconstructioncameroon.com\/fr\/wp-json\/wp\/v2\/comments?post=6506"}],"version-history":[{"count":21,"href":"https:\/\/ecoconstructioncameroon.com\/fr\/wp-json\/wp\/v2\/pages\/6506\/revisions"}],"predecessor-version":[{"id":7396,"href":"https:\/\/ecoconstructioncameroon.com\/fr\/wp-json\/wp\/v2\/pages\/6506\/revisions\/7396"}],"wp:attachment":[{"href":"https:\/\/ecoconstructioncameroon.com\/fr\/wp-json\/wp\/v2\/media?parent=6506"}],"curies":[{"name":"wp","href":"https:\/\/api.w.org\/{rel}","templated":true}]}}