{"id":6408,"date":"2019-01-01T21:55:39","date_gmt":"2019-01-01T21:55:39","guid":{"rendered":"http:\/\/ecoconstructioncameroon.com\/?page_id=6408"},"modified":"2019-01-01T23:08:17","modified_gmt":"2019-01-01T23:08:17","slug":"report-payment","status":"publish","type":"page","link":"https:\/\/ecoconstructioncameroon.com\/fr\/prix\/report-payment\/","title":{"rendered":"Signaler un paiement"},"content":{"rendered":"<p>Utilisez ce formulaire pour nous informer d&rsquo;un paiement fait par virement bancaire, par d\u00e9p\u00f4t direct \u00e0 un succursale our par virement bancaire sur Internet. Il n&rsquo;est pas n\u00e9cessaire de nous informer si votre paiement \u00e9tait fait \u00e0 partir de notre site Internet.<\/p>","protected":false},"excerpt":{"rendered":"<p>Utilisez ce formulaire pour nous informer d&rsquo;un paiement fait par virement bancaire, par d\u00e9p\u00f4t direct \u00e0 un succursale our par virement bancaire sur Internet. Il n&rsquo;est pas n\u00e9cessaire de nous informer si votre paiement \u00e9tait fait \u00e0 partir de notre site Internet.<\/p>\n","protected":false},"author":1,"featured_media":0,"parent":1979,"menu_order":0,"comment_status":"closed","ping_status":"closed","template":"","meta":{"bgseo_title":"","bgseo_description":"","bgseo_robots_index":"index","bgseo_robots_follow":"follow","om_disable_all_campaigns":false,"_monsterinsights_skip_tracking":false,"_monsterinsights_sitenote_active":false,"_monsterinsights_sitenote_note":"","_monsterinsights_sitenote_category":0,"footnotes":""},"aioseo_notices":[],"_links":{"self":[{"href":"https:\/\/ecoconstructioncameroon.com\/fr\/wp-json\/wp\/v2\/pages\/6408"}],"collection":[{"href":"https:\/\/ecoconstructioncameroon.com\/fr\/wp-json\/wp\/v2\/pages"}],"about":[{"href":"https:\/\/ecoconstructioncameroon.com\/fr\/wp-json\/wp\/v2\/types\/page"}],"author":[{"embeddable":true,"href":"https:\/\/ecoconstructioncameroon.com\/fr\/wp-json\/wp\/v2\/users\/1"}],"replies":[{"embeddable":true,"href":"https:\/\/ecoconstructioncameroon.com\/fr\/wp-json\/wp\/v2\/comments?post=6408"}],"version-history":[{"count":6,"href":"https:\/\/ecoconstructioncameroon.com\/fr\/wp-json\/wp\/v2\/pages\/6408\/revisions"}],"predecessor-version":[{"id":6416,"href":"https:\/\/ecoconstructioncameroon.com\/fr\/wp-json\/wp\/v2\/pages\/6408\/revisions\/6416"}],"up":[{"embeddable":true,"href":"https:\/\/ecoconstructioncameroon.com\/fr\/wp-json\/wp\/v2\/pages\/1979"}],"wp:attachment":[{"href":"https:\/\/ecoconstructioncameroon.com\/fr\/wp-json\/wp\/v2\/media?parent=6408"}],"curies":[{"name":"wp","href":"https:\/\/api.w.org\/{rel}","templated":true}]}}