{"id":6357,"date":"2017-12-01T00:58:13","date_gmt":"2017-12-01T00:58:13","guid":{"rendered":"http:\/\/ecoconstructioncameroon.com\/?page_id=2153"},"modified":"2023-02-06T21:01:08","modified_gmt":"2023-02-06T21:01:08","slug":"2-bedroom-bungalows-2","status":"publish","type":"page","link":"https:\/\/ecoconstructioncameroon.com\/fr\/2-bedroom-bungalows-2\/","title":{"rendered":"Plain pieds c\u00f4te-\u00e0-c\u00f4te, 2&#215;2 chambres"},"content":{"rendered":"<p><\/p>\n<div class=\"boldgrid-section\" style=\"background-image: linear-gradient(#41d64b, #eeee22);\" data-bg-color-1=\"#41d64b\" data-bg-color-2=\"#eeee22\" data-bg-direction=\"to bottom\">\n<div class=\"container-fluid\">\n<div class=\"row\" style=\"background-color: #ffffff;\">\n<div class=\"col-md-12 col-xs-12 col-sm-12 col-lg-12\">\n<div class=\"bg-box bg-box-rounded color1-background-color color1-text-default\">\n<p class=\"\" style=\"text-align: center;\">Nos maisons plain pieds jumel\u00e9s de 2 \u00d7 2 chambres sont destin\u00e9s \u00e0 l&rsquo;individu qui souhaite g\u00e9n\u00e9rer des revenus en louant une ou les deux unit\u00e9s. Nous proposons 2 mod\u00e8les: l\u2019une avec 1 salles de bain et 1 v\u00e9randa, l\u2019autre avec 2 salles de bains et 2 v\u00e9randas, dont une avec salle de bains dans la chambre principale..<\/p>\n<\/div>\n<\/div>\n<\/div>\n<\/div>\n<\/div>\n<div class=\"boldgrid-section\">\n<div class=\"container\">\n<div class=\"row\" style=\"padding-bottom: 18px; background-color: #81d742;\">\n<div class=\"col-md-12 col-xs-12 col-sm-12 align-column-center color-1-text-contrast color1-background-color col-lg-12\" style=\"padding: 1.6em; border-radius: 15px; box-shadow: #cecece -26px -25px 24px -12px; border: 5.5px double #1e73be;\">\n<div class=\"text-center\">\n<table style=\"height: 1096px; border-style: double; background-color: #81d742; box-shadow: #81d742 0px 0px 0px 0px; padding: 0.5em; border-color: #81d742; border-radius: 6px;\" width=\"919\">\n<tbody>\n<tr style=\"height: 116.914px;\">\n<td style=\"height: 116px; width: 276.621px;\">\n<h3 style=\"text-align: right;\"><strong>plan DE DISTRIBUTION<br \/>\n<span style=\"color: #000080;\">#D2B1<\/span><\/strong><\/h3>\n<p style=\"text-align: center;\">&nbsp;<\/p>\n<\/td>\n<td style=\"height: 116px; width: 387.891px;\">\n<h4 style=\"text-align: center;\"><strong>SuPErfIcIe TOTALE :<\/strong><br \/>\n<span style=\"color: #000080;\"><strong>180m<\/strong><\/span><span style=\"color: #000080;\"><strong><sup>2<\/sup><\/strong><\/span><span style=\"color: #000080;\"><strong><br \/>\n(90m<\/strong><\/span><span style=\"color: #000080;\"><strong><sup>2&nbsp;<\/sup><\/strong><\/span><span style=\"color: #000080;\"><strong>par unit\u00e9)<\/strong><\/span><\/h4>\n<\/td>\n<td class=\"\" style=\"height: 116px; width: 443.066px;\" colspan=\"2\">\n<h4 class=\"\" style=\"text-align: center;\"><strong>Description :<\/strong><br \/>\n<span style=\"color: #000080;\"><strong>2 CHAMBREs \u2666 1 SALLE DE BAIN \u2666 1 v\u00c9randa<br \/>\npAr unit\u00c9<\/strong><\/span><\/h4>\n<\/td>\n<\/tr>\n<tr style=\"height: 168.828px;\">\n<td style=\"height: 168px; width: 276.621px;\">\n<h3><strong>&nbsp;<\/strong><\/h3>\n<h3 style=\"text-align: right;\"><strong>PRIX :<\/strong><\/h3>\n<p>&nbsp;<\/td>\n<td style=\"height: 168px; width: 387.891px;\">\n<h4 class=\"\" style=\"text-align: center;\"><strong>Standard :<\/strong><br \/>\n<span style=\"color: #000080;\">avec les bts<\/span><strong><span style=\"color: #000080;\"><br \/>\n21,60 million FCFA<br \/>\n<\/span><\/strong><\/h4>\n<h4 class=\"\" style=\"text-align: center;\"><span style=\"color: #000080;\">avec les parpaings<\/span><strong><span style=\"color: #000080;\"><br \/>\n23,98 million FCFA<\/span><\/strong><\/h4>\n<h4 class=\"\" style=\"text-align: center;\"><strong><span style=\"color: #000080;\">&nbsp;<\/span><\/strong><\/h4>\n<\/td>\n<td style=\"height: 168px; width: 276.621px;\">\n<h4 class=\"\" style=\"text-align: center;\"><strong>HAUT DE GAMME :<\/strong><br \/>\n<span style=\"color: #000080;\">avec les bts<\/span><strong><span style=\"color: #000080;\"><br \/>\n25,92 million FCFA<br \/>\n<\/span><\/strong><\/h4>\n<h4 class=\"\" style=\"text-align: center;\"><span style=\"color: #000080;\">avec les parpaings<\/span><strong><span style=\"color: #000080;\"><br \/>\n28,77 million FCFA<\/span><\/strong><\/h4>\n<h4 class=\"\" style=\"text-align: center;\"><strong><span style=\"color: #000080;\">&nbsp;<\/span><\/strong><\/h4>\n<\/td>\n<td style=\"height: 168px; width: 166.445px;\">\n<h4 class=\"\" style=\"text-align: center;\"><strong>luxe :<\/strong><\/h4>\n<h4 class=\"\" style=\"text-align: center;\"><span style=\"color: #000080;\">avec les bts<\/span><strong><span style=\"color: #000080;\"><br \/>\n33,70 million FCFA<br \/>\n<\/span><\/strong><\/h4>\n<h4 class=\"\" style=\"text-align: center;\"><span style=\"color: #000080;\">avec les parpaings<\/span><strong><span style=\"color: #000080;\"><br \/>\n37,40 million FCFA<\/span><\/strong><\/h4>\n<h4 class=\"\" style=\"text-align: center;\"><strong><span style=\"color: #000080;\">&nbsp;<\/span><\/strong><\/h4>\n<\/td>\n<\/tr>\n<tr style=\"height: 57.0312px;\">\n<td style=\"height: 57px; width: 1107.58px;\" colspan=\"4\">\n<p class=\"\" style=\"text-align: center;\">Ce plan est id\u00e9al pour quelqu&rsquo;un qui veut louer les deux unit\u00e9s. Les appartements de 2 chambres<br \/>\n\u00e0 coucher sont en forte demande dans les grands centres urbains du Cameroun..<\/p>\n<\/td>\n<\/tr>\n<tr style=\"height: 289.023px;\">\n<td style=\"height: 289px; width: 1107.58px;\" colspan=\"4\" height=\"232.522796353\">\n<p class=\"\">&nbsp;<\/p>\n<p class=\"\"><a href=\"http:\/\/ecoconstructioncameroon.com\/wp-content\/uploads\/2021\/10\/D2B1-fre-1.jpg\"><img loading=\"lazy\" decoding=\"async\" class=\"alignnone wp-image-7752 size-medium\" src=\"http:\/\/ecoconstructioncameroon.com\/wp-content\/uploads\/2021\/10\/42_29_300_212.04644412192_D2B1-fre-1-768x543.jpg\" alt=\"\" width=\"300\" height=\"212\" srcset=\"https:\/\/ecoconstructioncameroon.com\/wp-content\/uploads\/2021\/10\/42_29_300_212.04644412192_D2B1-fre-1-768x543.jpg 300w, https:\/\/ecoconstructioncameroon.com\/wp-content\/uploads\/2021\/10\/D2B1-fre-1-768x543.jpg 768w, https:\/\/ecoconstructioncameroon.com\/wp-content\/uploads\/2021\/10\/D2B1-fre-1-1024x724.jpg 1024w, https:\/\/ecoconstructioncameroon.com\/wp-content\/uploads\/2021\/10\/D2B1-fre-1-250x177.jpg 250w, https:\/\/ecoconstructioncameroon.com\/wp-content\/uploads\/2021\/10\/D2B1-fre-1-550x389.jpg 550w, https:\/\/ecoconstructioncameroon.com\/wp-content\/uploads\/2021\/10\/D2B1-fre-1-800x565.jpg 800w, https:\/\/ecoconstructioncameroon.com\/wp-content\/uploads\/2021\/10\/D2B1-fre-1-255x180.jpg 255w, https:\/\/ecoconstructioncameroon.com\/wp-content\/uploads\/2021\/10\/D2B1-fre-1-424x300.jpg 424w, https:\/\/ecoconstructioncameroon.com\/wp-content\/uploads\/2021\/10\/D2B1-fre-1-707x500.jpg 707w\" sizes=\"(max-width: 300px) 100vw, 300px\" \/><\/a><\/p>\n<p class=\"\" style=\"text-align: center;\">&nbsp;<\/p>\n<\/td>\n<\/tr>\n<tr style=\"height: 33.5156px;\">\n<td style=\"height: 33px; width: 664.512px;\" colspan=\"2\">\n<p class=\"\" style=\"text-align: center;\">MOD\u00c8LE HAUT DE GAMME PR\u00c9SENT\u00c9<\/p>\n<\/td>\n<td style=\"height: 33px; width: 443.066px;\" colspan=\"2\">\n<p class=\"\" style=\"text-align: center;\">MOD\u00c8LE HAUT DE GAMME PR\u00c9SENT\u00c9<\/p>\n<\/td>\n<\/tr>\n<tr style=\"height: 216.504px;\">\n<td style=\"height: 216px; width: 664.512px;\" colspan=\"2\"><a href=\"http:\/\/ecoconstructioncameroon.com\/wp-content\/uploads\/2017\/12\/D2B1-Front-view.jpeg\"><img loading=\"lazy\" decoding=\"async\" class=\"alignnone wp-image-2490 size-medium\" src=\"http:\/\/ecoconstructioncameroon.com\/wp-content\/uploads\/2017\/12\/D2B1-Front-view-300x173.jpeg\" alt=\"\" width=\"300\" height=\"173\" srcset=\"https:\/\/ecoconstructioncameroon.com\/wp-content\/uploads\/2017\/12\/D2B1-Front-view-300x173.jpeg 300w, https:\/\/ecoconstructioncameroon.com\/wp-content\/uploads\/2017\/12\/D2B1-Front-view-768x442.jpeg 768w, https:\/\/ecoconstructioncameroon.com\/wp-content\/uploads\/2017\/12\/D2B1-Front-view-250x144.jpeg 250w, https:\/\/ecoconstructioncameroon.com\/wp-content\/uploads\/2017\/12\/D2B1-Front-view-550x317.jpeg 550w, https:\/\/ecoconstructioncameroon.com\/wp-content\/uploads\/2017\/12\/D2B1-Front-view-800x461.jpeg 800w, https:\/\/ecoconstructioncameroon.com\/wp-content\/uploads\/2017\/12\/D2B1-Front-view-313x180.jpeg 313w, https:\/\/ecoconstructioncameroon.com\/wp-content\/uploads\/2017\/12\/D2B1-Front-view-521x300.jpeg 521w, https:\/\/ecoconstructioncameroon.com\/wp-content\/uploads\/2017\/12\/D2B1-Front-view-868x500.jpeg 868w, https:\/\/ecoconstructioncameroon.com\/wp-content\/uploads\/2017\/12\/D2B1-Front-view.jpeg 1016w\" sizes=\"(max-width: 300px) 100vw, 300px\" \/><\/a><\/p>\n<p style=\"text-align: center;\">Vue de face<\/p>\n<\/td>\n<td style=\"height: 216px; width: 443.066px;\" colspan=\"2\" height=\"168.885672938\">\n<p class=\"\"><a href=\"http:\/\/ecoconstructioncameroon.com\/wp-content\/uploads\/2017\/12\/D2B1-Front-right-view.jpeg\"><img loading=\"lazy\" decoding=\"async\" class=\"alignnone wp-image-2489 size-medium\" src=\"http:\/\/ecoconstructioncameroon.com\/wp-content\/uploads\/2017\/12\/D2B1-Front-right-view-300x173.jpeg\" alt=\"\" width=\"300\" height=\"173\" srcset=\"https:\/\/ecoconstructioncameroon.com\/wp-content\/uploads\/2017\/12\/D2B1-Front-right-view-300x173.jpeg 300w, https:\/\/ecoconstructioncameroon.com\/wp-content\/uploads\/2017\/12\/D2B1-Front-right-view-768x442.jpeg 768w, https:\/\/ecoconstructioncameroon.com\/wp-content\/uploads\/2017\/12\/D2B1-Front-right-view-250x144.jpeg 250w, https:\/\/ecoconstructioncameroon.com\/wp-content\/uploads\/2017\/12\/D2B1-Front-right-view-550x317.jpeg 550w, https:\/\/ecoconstructioncameroon.com\/wp-content\/uploads\/2017\/12\/D2B1-Front-right-view-800x461.jpeg 800w, https:\/\/ecoconstructioncameroon.com\/wp-content\/uploads\/2017\/12\/D2B1-Front-right-view-313x180.jpeg 313w, https:\/\/ecoconstructioncameroon.com\/wp-content\/uploads\/2017\/12\/D2B1-Front-right-view-521x300.jpeg 521w, https:\/\/ecoconstructioncameroon.com\/wp-content\/uploads\/2017\/12\/D2B1-Front-right-view-868x500.jpeg 868w, https:\/\/ecoconstructioncameroon.com\/wp-content\/uploads\/2017\/12\/D2B1-Front-right-view.jpeg 1016w\" sizes=\"(max-width: 300px) 100vw, 300px\" \/><\/a><\/p>\n<p>Vue gauche<\/td>\n<\/tr>\n<tr style=\"height: 217.129px;\">\n<td style=\"height: 217px; width: 664.512px;\" colspan=\"2\" height=\"172.950819672\"><a href=\"http:\/\/ecoconstructioncameroon.com\/wp-content\/uploads\/2017\/12\/D2B1-Top-front-view.jpeg\"><img loading=\"lazy\" decoding=\"async\" class=\"alignnone wp-image-2492 size-medium\" style=\"font-weight: bold; font-family: inherit; font-size: inherit;\" src=\"http:\/\/ecoconstructioncameroon.com\/wp-content\/uploads\/2017\/12\/D2B1-Top-front-view-300x173.jpeg\" alt=\"\" width=\"300\" height=\"173\" srcset=\"https:\/\/ecoconstructioncameroon.com\/wp-content\/uploads\/2017\/12\/D2B1-Top-front-view-300x173.jpeg 300w, https:\/\/ecoconstructioncameroon.com\/wp-content\/uploads\/2017\/12\/D2B1-Top-front-view-768x442.jpeg 768w, https:\/\/ecoconstructioncameroon.com\/wp-content\/uploads\/2017\/12\/D2B1-Top-front-view-250x144.jpeg 250w, https:\/\/ecoconstructioncameroon.com\/wp-content\/uploads\/2017\/12\/D2B1-Top-front-view-550x317.jpeg 550w, https:\/\/ecoconstructioncameroon.com\/wp-content\/uploads\/2017\/12\/D2B1-Top-front-view-800x461.jpeg 800w, https:\/\/ecoconstructioncameroon.com\/wp-content\/uploads\/2017\/12\/D2B1-Top-front-view-313x180.jpeg 313w, https:\/\/ecoconstructioncameroon.com\/wp-content\/uploads\/2017\/12\/D2B1-Top-front-view-521x300.jpeg 521w, https:\/\/ecoconstructioncameroon.com\/wp-content\/uploads\/2017\/12\/D2B1-Top-front-view-868x500.jpeg 868w, https:\/\/ecoconstructioncameroon.com\/wp-content\/uploads\/2017\/12\/D2B1-Top-front-view.jpeg 1016w\" sizes=\"(max-width: 300px) 100vw, 300px\" \/><\/a><\/p>\n<p>Vue a\u00e9rienne<\/td>\n<td style=\"height: 217px; width: 443.066px;\" colspan=\"2\">\n<p class=\"\"><a href=\"http:\/\/ecoconstructioncameroon.com\/wp-content\/uploads\/2017\/12\/D2B1-Rear-left-view.jpeg\"><img loading=\"lazy\" decoding=\"async\" class=\"alignnone wp-image-2491 size-medium\" src=\"http:\/\/ecoconstructioncameroon.com\/wp-content\/uploads\/2017\/12\/D2B1-Rear-left-view-300x173.jpeg\" alt=\"\" width=\"300\" height=\"173\" srcset=\"https:\/\/ecoconstructioncameroon.com\/wp-content\/uploads\/2017\/12\/D2B1-Rear-left-view-300x173.jpeg 300w, https:\/\/ecoconstructioncameroon.com\/wp-content\/uploads\/2017\/12\/D2B1-Rear-left-view-768x442.jpeg 768w, https:\/\/ecoconstructioncameroon.com\/wp-content\/uploads\/2017\/12\/D2B1-Rear-left-view-250x144.jpeg 250w, https:\/\/ecoconstructioncameroon.com\/wp-content\/uploads\/2017\/12\/D2B1-Rear-left-view-550x317.jpeg 550w, https:\/\/ecoconstructioncameroon.com\/wp-content\/uploads\/2017\/12\/D2B1-Rear-left-view-800x461.jpeg 800w, https:\/\/ecoconstructioncameroon.com\/wp-content\/uploads\/2017\/12\/D2B1-Rear-left-view-313x180.jpeg 313w, https:\/\/ecoconstructioncameroon.com\/wp-content\/uploads\/2017\/12\/D2B1-Rear-left-view-521x300.jpeg 521w, https:\/\/ecoconstructioncameroon.com\/wp-content\/uploads\/2017\/12\/D2B1-Rear-left-view-868x500.jpeg 868w, https:\/\/ecoconstructioncameroon.com\/wp-content\/uploads\/2017\/12\/D2B1-Rear-left-view.jpeg 1016w\" sizes=\"(max-width: 300px) 100vw, 300px\" \/><\/a><\/p>\n<p>Vue arri\u00e8re<\/td>\n<\/tr>\n<\/tbody>\n<\/table>\n<\/div>\n<\/div>\n<\/div>\n<div class=\"row\">\n<div class=\"col-md-12 col-xs-12 col-sm-12 col-lg-12\">\n<div class=\"text-center\">\n<p class=\"\" style=\"text-align: center;\"><a class=\"btn btn-raised btn-pill btn-color-2\" href=\"http:\/\/ecoconstructioncameroon.com\/fr\/reserve-your-house\/\">R\u00e9servez votre maison d\u00e8s aujourd&rsquo;hui<\/a><\/p>\n<\/div>\n<\/div>\n<\/div>\n<\/div>\n<\/div>\n<div class=\"boldgrid-section\">\n<div class=\"container\">\n<div class=\"row\" style=\"padding-bottom: 18px; background-color: #81d742;\">\n<div class=\"col-md-12 col-xs-12 col-sm-12 align-column-center color-1-text-contrast color1-background-color col-lg-12\" style=\"padding: 1.6em; border-radius: 15px; box-shadow: #cecece -26px -25px 24px -12px; border: 5.5px double #1e73be;\">\n<div class=\"text-center\">\n<table style=\"height: 520px; border-style: double; background-color: #81d742; box-shadow: #81d742 0px 0px 0px 0px; padding: 0.5em; border-color: #81d742; border-radius: 6px;\" width=\"919\">\n<tbody>\n<tr>\n<td width=\"153\">\n<h3 style=\"text-align: right;\"><strong>plan de distribution<br \/>\n<span style=\"color: #000080;\">#D2B2<\/span><\/strong><\/h3>\n<p style=\"text-align: center;\">&nbsp;<\/p>\n<\/td>\n<td width=\"219\">\n<h4 class=\"\" style=\"text-align: center;\"><strong>Superficie totale :<\/strong><\/h4>\n<h4 style=\"text-align: center;\"><span style=\"color: #000080;\"><strong>183m<\/strong><\/span><span style=\"color: #000080;\"><strong><sup>2<\/sup><\/strong><\/span><span style=\"color: #000080;\"><strong><br \/>\n(91.5m<\/strong><\/span><span style=\"color: #000080;\"><strong><sup>2&nbsp;<\/sup><\/strong><\/span><span style=\"color: #000080;\"><strong>par unit\u00e9)<\/strong><\/span><\/h4>\n<\/td>\n<td class=\"\" colspan=\"2\" width=\"354\">\n<h4 class=\"\" style=\"text-align: center;\"><strong>Description :<\/strong><br \/>\n<span style=\"color: #000080;\"><strong>2 chambres \u2666 2 salles de bain<br \/>\n\u2666 2 v\u00e9randas par unit\u00e9<\/strong><\/span><\/h4>\n<\/td>\n<\/tr>\n<tr>\n<td width=\"153\">\n<h3><strong>&nbsp;<\/strong><\/h3>\n<h3 style=\"text-align: right;\"><strong>PRIx :<\/strong><\/h3>\n<p>&nbsp;<\/td>\n<td width=\"219\">\n<h4 class=\"\" style=\"text-align: center;\"><strong>Standard :<\/strong><\/h4>\n<h4 class=\"\" style=\"text-align: center;\"><span style=\"color: #000080;\">avec les bts<\/span><strong><span style=\"color: #000080;\"><br \/>\n21,60 million FCFA<br \/>\n<\/span><\/strong><\/h4>\n<h4 class=\"\" style=\"text-align: center;\"><span style=\"color: #000080;\">avec les parpaings<\/span><strong><span style=\"color: #000080;\"><br \/>\n23,98 million FCFA<\/span><\/strong><\/h4>\n<\/td>\n<td width=\"195\">\n<h4 class=\"\" style=\"text-align: center;\"><strong>HAUT DE GAMME :<\/strong><\/h4>\n<h4 class=\"\" style=\"text-align: center;\"><span style=\"color: #000080;\">avec les bts<\/span><strong><span style=\"color: #000080;\"><br \/>\n25,92 million FCFA<br \/>\n<\/span><\/strong><\/h4>\n<h4 class=\"\" style=\"text-align: center;\"><span style=\"color: #000080;\">avec les parpaings<\/span><strong><span style=\"color: #000080;\"><br \/>\n28,77 million FCFA<\/span><\/strong><\/h4>\n<\/td>\n<td width=\"159\">\n<h4 class=\"\" style=\"text-align: center;\"><strong>luxe :<\/strong><\/h4>\n<h4 class=\"\" style=\"text-align: center;\"><span style=\"color: #000080;\">avec les bts<\/span><strong><span style=\"color: #000080;\"><br \/>\n33,70 million FCFA<br \/>\n<\/span><\/strong><\/h4>\n<h4 class=\"\" style=\"text-align: center;\"><span style=\"color: #000080;\">avec les parpaings<\/span><strong><span style=\"color: #000080;\"><br \/>\n37,40 million FCFA<\/span><\/strong><\/h4>\n<\/td>\n<\/tr>\n<tr>\n<td class=\"\" colspan=\"4\" width=\"726\">\n<p class=\"\" style=\"text-align: center;\">Ce plan conviendrait pour un propri\u00e9taire qui souhaite occuper l\u2019un des logements et louer l\u2019autre.<br \/>\nLes 2 salles de bains, y compris celle qui se trouve dans la chambre principale,<br \/>\ngarantissent des prix plus \u00e9lev\u00e9s.<\/p>\n<\/td>\n<\/tr>\n<tr>\n<td colspan=\"4\" width=\"726\">\n<p class=\"\">&nbsp;<\/p>\n<p class=\"\" style=\"text-align: center;\"><a href=\"http:\/\/ecoconstructioncameroon.com\/wp-content\/uploads\/2017\/12\/D2B2-fre-1.jpg\"><img loading=\"lazy\" decoding=\"async\" class=\"alignnone wp-image-2488 size-medium\" src=\"http:\/\/ecoconstructioncameroon.com\/wp-content\/uploads\/2017\/12\/D2B2-fre-1-300x212.jpg\" alt=\"\" width=\"300\" height=\"212\" srcset=\"https:\/\/ecoconstructioncameroon.com\/wp-content\/uploads\/2017\/12\/39_27_300_212.06896551724_D2B2-fre-1-768x543.jpg 300w, https:\/\/ecoconstructioncameroon.com\/wp-content\/uploads\/2017\/12\/D2B2-fre-1-768x543.jpg 768w, https:\/\/ecoconstructioncameroon.com\/wp-content\/uploads\/2017\/12\/D2B2-fre-1-1024x724.jpg 1024w, https:\/\/ecoconstructioncameroon.com\/wp-content\/uploads\/2017\/12\/D2B2-fre-1-250x177.jpg 250w, https:\/\/ecoconstructioncameroon.com\/wp-content\/uploads\/2017\/12\/D2B2-fre-1-550x389.jpg 550w, https:\/\/ecoconstructioncameroon.com\/wp-content\/uploads\/2017\/12\/D2B2-fre-1-800x565.jpg 800w, https:\/\/ecoconstructioncameroon.com\/wp-content\/uploads\/2017\/12\/D2B2-fre-1-255x180.jpg 255w, https:\/\/ecoconstructioncameroon.com\/wp-content\/uploads\/2017\/12\/D2B2-fre-1-424x300.jpg 424w, https:\/\/ecoconstructioncameroon.com\/wp-content\/uploads\/2017\/12\/D2B2-fre-1-707x500.jpg 707w\" sizes=\"(max-width: 300px) 100vw, 300px\" \/><\/a><\/p>\n<p>&nbsp;<\/td>\n<\/tr>\n<tr>\n<td colspan=\"2\" width=\"372\">\n<p style=\"text-align: center;\">MOD\u00c8LE STANDARD PR\u00c9SENT\u00c9<\/p>\n<\/td>\n<td colspan=\"2\" width=\"354\">\n<p style=\"text-align: center;\">MOD\u00c8LE STANDARD PR\u00c9SENT\u00c9<\/p>\n<\/td>\n<\/tr>\n<tr>\n<td colspan=\"2\" width=\"372\">\n<p class=\"\"><a href=\"http:\/\/ecoconstructioncameroon.com\/wp-content\/uploads\/2017\/12\/D2B2-Front-view.jpeg\"><img loading=\"lazy\" decoding=\"async\" class=\"alignnone wp-image-2494 size-medium\" src=\"http:\/\/ecoconstructioncameroon.com\/wp-content\/uploads\/2017\/12\/D2B2-Front-view-300x173.jpeg\" alt=\"\" width=\"300\" height=\"173\" srcset=\"https:\/\/ecoconstructioncameroon.com\/wp-content\/uploads\/2017\/12\/D2B2-Front-view-300x173.jpeg 300w, https:\/\/ecoconstructioncameroon.com\/wp-content\/uploads\/2017\/12\/D2B2-Front-view-768x442.jpeg 768w, https:\/\/ecoconstructioncameroon.com\/wp-content\/uploads\/2017\/12\/D2B2-Front-view-250x144.jpeg 250w, https:\/\/ecoconstructioncameroon.com\/wp-content\/uploads\/2017\/12\/D2B2-Front-view-550x317.jpeg 550w, https:\/\/ecoconstructioncameroon.com\/wp-content\/uploads\/2017\/12\/D2B2-Front-view-800x461.jpeg 800w, https:\/\/ecoconstructioncameroon.com\/wp-content\/uploads\/2017\/12\/D2B2-Front-view-313x180.jpeg 313w, https:\/\/ecoconstructioncameroon.com\/wp-content\/uploads\/2017\/12\/D2B2-Front-view-521x300.jpeg 521w, https:\/\/ecoconstructioncameroon.com\/wp-content\/uploads\/2017\/12\/D2B2-Front-view-868x500.jpeg 868w, https:\/\/ecoconstructioncameroon.com\/wp-content\/uploads\/2017\/12\/D2B2-Front-view.jpeg 1016w\" sizes=\"(max-width: 300px) 100vw, 300px\" \/><\/a><\/p>\n<p style=\"text-align: center;\">Vue de face<\/p>\n<\/td>\n<td colspan=\"2\" width=\"300\" height=\"168.885672938\">\n<p class=\"\"><a href=\"http:\/\/ecoconstructioncameroon.com\/wp-content\/uploads\/2017\/12\/D2B2-Front-right-view.jpeg\"><img loading=\"lazy\" decoding=\"async\" class=\"alignnone wp-image-2493 size-medium\" src=\"http:\/\/ecoconstructioncameroon.com\/wp-content\/uploads\/2017\/12\/D2B2-Front-right-view-300x173.jpeg\" alt=\"\" width=\"300\" height=\"173\" srcset=\"https:\/\/ecoconstructioncameroon.com\/wp-content\/uploads\/2017\/12\/D2B2-Front-right-view-300x173.jpeg 300w, https:\/\/ecoconstructioncameroon.com\/wp-content\/uploads\/2017\/12\/D2B2-Front-right-view-768x442.jpeg 768w, https:\/\/ecoconstructioncameroon.com\/wp-content\/uploads\/2017\/12\/D2B2-Front-right-view-250x144.jpeg 250w, https:\/\/ecoconstructioncameroon.com\/wp-content\/uploads\/2017\/12\/D2B2-Front-right-view-550x317.jpeg 550w, https:\/\/ecoconstructioncameroon.com\/wp-content\/uploads\/2017\/12\/D2B2-Front-right-view-800x461.jpeg 800w, https:\/\/ecoconstructioncameroon.com\/wp-content\/uploads\/2017\/12\/D2B2-Front-right-view-313x180.jpeg 313w, https:\/\/ecoconstructioncameroon.com\/wp-content\/uploads\/2017\/12\/D2B2-Front-right-view-521x300.jpeg 521w, https:\/\/ecoconstructioncameroon.com\/wp-content\/uploads\/2017\/12\/D2B2-Front-right-view-868x500.jpeg 868w, https:\/\/ecoconstructioncameroon.com\/wp-content\/uploads\/2017\/12\/D2B2-Front-right-view.jpeg 1016w\" sizes=\"(max-width: 300px) 100vw, 300px\" \/><\/a><\/p>\n<p>Vue droite<\/td>\n<\/tr>\n<tr>\n<td colspan=\"2\" width=\"300\" height=\"172.950819672\">\n<p class=\"\"><a href=\"http:\/\/ecoconstructioncameroon.com\/wp-content\/uploads\/2017\/12\/D2B2-Top-front-view.jpeg\"><img loading=\"lazy\" decoding=\"async\" class=\"alignnone wp-image-2497 size-medium\" style=\"font-weight: bold; font-family: inherit; font-size: inherit;\" src=\"http:\/\/ecoconstructioncameroon.com\/wp-content\/uploads\/2017\/12\/D2B2-Top-front-view-300x173.jpeg\" alt=\"\" width=\"300\" height=\"173\" srcset=\"https:\/\/ecoconstructioncameroon.com\/wp-content\/uploads\/2017\/12\/D2B2-Top-front-view-300x173.jpeg 300w, https:\/\/ecoconstructioncameroon.com\/wp-content\/uploads\/2017\/12\/D2B2-Top-front-view-768x442.jpeg 768w, https:\/\/ecoconstructioncameroon.com\/wp-content\/uploads\/2017\/12\/D2B2-Top-front-view-250x144.jpeg 250w, https:\/\/ecoconstructioncameroon.com\/wp-content\/uploads\/2017\/12\/D2B2-Top-front-view-550x317.jpeg 550w, https:\/\/ecoconstructioncameroon.com\/wp-content\/uploads\/2017\/12\/D2B2-Top-front-view-800x461.jpeg 800w, https:\/\/ecoconstructioncameroon.com\/wp-content\/uploads\/2017\/12\/D2B2-Top-front-view-313x180.jpeg 313w, https:\/\/ecoconstructioncameroon.com\/wp-content\/uploads\/2017\/12\/D2B2-Top-front-view-521x300.jpeg 521w, https:\/\/ecoconstructioncameroon.com\/wp-content\/uploads\/2017\/12\/D2B2-Top-front-view-868x500.jpeg 868w, https:\/\/ecoconstructioncameroon.com\/wp-content\/uploads\/2017\/12\/D2B2-Top-front-view.jpeg 1016w\" sizes=\"(max-width: 300px) 100vw, 300px\" \/><\/a><\/p>\n<p>Vue a\u00e9rienne<\/td>\n<td colspan=\"2\" width=\"354\">\n<p class=\"\"><a href=\"http:\/\/ecoconstructioncameroon.com\/wp-content\/uploads\/2017\/12\/D2B2-Rear-view.jpeg\"><img loading=\"lazy\" decoding=\"async\" class=\"alignnone wp-image-2496 size-medium\" src=\"http:\/\/ecoconstructioncameroon.com\/wp-content\/uploads\/2017\/12\/D2B2-Rear-view-300x173.jpeg\" alt=\"\" width=\"300\" height=\"173\" srcset=\"https:\/\/ecoconstructioncameroon.com\/wp-content\/uploads\/2017\/12\/D2B2-Rear-view-300x173.jpeg 300w, https:\/\/ecoconstructioncameroon.com\/wp-content\/uploads\/2017\/12\/D2B2-Rear-view-768x442.jpeg 768w, https:\/\/ecoconstructioncameroon.com\/wp-content\/uploads\/2017\/12\/D2B2-Rear-view-250x144.jpeg 250w, https:\/\/ecoconstructioncameroon.com\/wp-content\/uploads\/2017\/12\/D2B2-Rear-view-550x317.jpeg 550w, https:\/\/ecoconstructioncameroon.com\/wp-content\/uploads\/2017\/12\/D2B2-Rear-view-800x461.jpeg 800w, https:\/\/ecoconstructioncameroon.com\/wp-content\/uploads\/2017\/12\/D2B2-Rear-view-313x180.jpeg 313w, https:\/\/ecoconstructioncameroon.com\/wp-content\/uploads\/2017\/12\/D2B2-Rear-view-521x300.jpeg 521w, https:\/\/ecoconstructioncameroon.com\/wp-content\/uploads\/2017\/12\/D2B2-Rear-view-868x500.jpeg 868w, https:\/\/ecoconstructioncameroon.com\/wp-content\/uploads\/2017\/12\/D2B2-Rear-view.jpeg 1016w\" sizes=\"(max-width: 300px) 100vw, 300px\" \/><\/a><\/p>\n<p>Vue arri\u00e8re<\/td>\n<\/tr>\n<\/tbody>\n<\/table>\n<\/div>\n<\/div>\n<\/div>\n<div class=\"row\">\n<div class=\"col-md-12 col-xs-12 col-sm-12 col-lg-12\">\n<div class=\"text-center\">\n<p class=\"\" style=\"text-align: center;\"><a class=\"btn btn-raised btn-pill btn-color-2\" href=\"http:\/\/ecoconstructioncameroon.com\/fr\/reserve-your-house\/\">R\u00e9servez votre maison d\u00e8s aujourd&rsquo;hui<\/a><\/p>\n<\/div>\n<\/div>\n<\/div>\n<\/div>\n<\/div>\n<div class=\"boldgrid-section\">\n<div class=\"container-fluid\">\n<div class=\"row\">\n<div class=\"col-md-12 col-xs-12 col-sm-12 col-lg-12\"><\/div>\n<\/div>\n<\/div>\n<\/div>\n<div class=\"boldgrid-section\">\n<div class=\"container-fluid\">\n<div class=\"row\">\n<div class=\"col-md-12 col-xs-12 col-sm-12 col-lg-12\"><\/div>\n<\/div>\n<\/div>\n<\/div>\n<div class=\"boldgrid-section\">\n<div class=\"container-fluid\">\n<div class=\"row\">\n<div class=\"col-md-12 col-xs-12 col-sm-12 col-lg-12\"><\/div>\n<\/div>\n<\/div>\n<\/div>\n<p><\/p>","protected":false},"excerpt":{"rendered":"<p>D\u00e9sol\u00e9, cet article est seulement disponible en English.<\/p>\n","protected":false},"author":1,"featured_media":7731,"parent":0,"menu_order":0,"comment_status":"closed","ping_status":"closed","template":"","meta":{"bgseo_title":"","bgseo_description":"","bgseo_robots_index":"index","bgseo_robots_follow":"follow","om_disable_all_campaigns":false,"_monsterinsights_skip_tracking":false,"_monsterinsights_sitenote_active":false,"_monsterinsights_sitenote_note":"","_monsterinsights_sitenote_category":0,"footnotes":""},"aioseo_notices":[],"_links":{"self":[{"href":"https:\/\/ecoconstructioncameroon.com\/fr\/wp-json\/wp\/v2\/pages\/6357"}],"collection":[{"href":"https:\/\/ecoconstructioncameroon.com\/fr\/wp-json\/wp\/v2\/pages"}],"about":[{"href":"https:\/\/ecoconstructioncameroon.com\/fr\/wp-json\/wp\/v2\/types\/page"}],"author":[{"embeddable":true,"href":"https:\/\/ecoconstructioncameroon.com\/fr\/wp-json\/wp\/v2\/users\/1"}],"replies":[{"embeddable":true,"href":"https:\/\/ecoconstructioncameroon.com\/fr\/wp-json\/wp\/v2\/comments?post=6357"}],"version-history":[{"count":24,"href":"https:\/\/ecoconstructioncameroon.com\/fr\/wp-json\/wp\/v2\/pages\/6357\/revisions"}],"predecessor-version":[{"id":8512,"href":"https:\/\/ecoconstructioncameroon.com\/fr\/wp-json\/wp\/v2\/pages\/6357\/revisions\/8512"}],"wp:featuredmedia":[{"embeddable":true,"href":"https:\/\/ecoconstructioncameroon.com\/fr\/wp-json\/wp\/v2\/media\/7731"}],"wp:attachment":[{"href":"https:\/\/ecoconstructioncameroon.com\/fr\/wp-json\/wp\/v2\/media?parent=6357"}],"curies":[{"name":"wp","href":"https:\/\/api.w.org\/{rel}","templated":true}]}}