{"id":4142,"date":"2017-12-31T15:58:13","date_gmt":"2017-12-31T15:58:13","guid":{"rendered":"http:\/\/ecoconstructioncameroon.com\/?page_id=4142"},"modified":"2021-10-24T01:55:25","modified_gmt":"2021-10-24T01:55:25","slug":"sebs","status":"publish","type":"page","link":"https:\/\/ecoconstructioncameroon.com\/fr\/our-houses\/sebs\/","title":{"rendered":"Qualit\u00e9s des briques de terre stabilis\u00e9e"},"content":{"rendered":"<p><\/p>\n<div class=\"boldgrid-section\">\n<div class=\"container\">\n<div class=\"row\">\n<div class=\"col-md-4 col-sm-6 col-xs-12 align-column-stretch\">\n<div class=\"bg-box-cover text-center color-neutral-background-color color-neutral-text-contrast bg-background-color bg-box\" style=\"padding: 65px 10%;\">\n<p>&nbsp;<\/p>\n<p class=\"\">&nbsp;<\/p>\n<p>&nbsp;<\/p>\n<p class=\"h2\"><strong>\u00c9prouv\u00e9s<\/strong><\/p>\n<p class=\"\" style=\"margin: 30px 0;\"><span id=\"result_box\" lang=\"fr\" tabindex=\"-1\">R\u00e9cents au Cameroun, les briques de terre stabilis\u00e9e sont utilis\u00e9s dans la construction depuis un demi-si\u00e8cle en Asie,&nbsp;en Am\u00e9rique du Sud et m\u00eame en Am\u00e9rique du Nord.<\/span><\/p>\n<\/div>\n<\/div>\n<div class=\"col-md-4 col-sm-6 col-xs-12 align-column-stretch\">\n<div class=\"bg-box-cover text-center color1-background-color color-1-text-contrast bg-background-color bg-box\" style=\"padding: 65px 10%;\">\n<p class=\"h2 color2-color\"><span lang=\"fr\" tabindex=\"-1\">propri\u00e9t\u00e9s impressionantes<\/span><\/p>\n<ol class=\"\">\n<li style=\"text-align: left;\"><span id=\"result_box\" lang=\"fr\" tabindex=\"-1\">Solides et durables;<\/span><\/li>\n<li style=\"text-align: left;\"><span id=\"result_box\" lang=\"fr\" tabindex=\"-1\">Plus denses et plus compacts que les blocs de ciment; <\/span><span id=\"result_box\" lang=\"fr\" tabindex=\"-1\">pare-balles;<\/span><\/li>\n<li style=\"text-align: left;\"><span id=\"result_box\" lang=\"fr\" tabindex=\"-1\">Imperm\u00e9ables et r\u00e9sistants aux insectes;<\/span><span id=\"result_box\" lang=\"fr\" tabindex=\"-1\"><\/span><\/li>\n<li style=\"text-align: left;\"><span id=\"result_box\" lang=\"fr\" tabindex=\"-1\">Excellents r\u00e9gulateurs&nbsp; de temp\u00e9rature : ils gardent la maison fra\u00eeche pendant la journ\u00e9e et chaude la nuit.<\/span><\/li>\n<li style=\"text-align: left;\">D&rsquo;<span id=\"result_box\" lang=\"fr\" tabindex=\"-1\">excellentes caract\u00e9ristiques esth\u00e9tiques, ce qui signifie qu&rsquo;il n&rsquo;est pas n\u00e9cessaire de pl\u00e2trer la maison puisqu&rsquo;ils ont un beau design naturel.<\/span><\/li>\n<\/ol>\n<\/div>\n<\/div>\n<div class=\"col-md-4 col-sm-12 col-xs-12 align-column-stretch\">\n<div class=\"bg-box-cover text-center color-neutral-background-color color-neutral-text-contrast bg-background-color bg-box\" style=\"padding: 65px 10%;\">\n<h3>&nbsp;<\/h3>\n<h3>&nbsp;<\/h3>\n<h3>&nbsp;<\/h3>\n<h3 class=\"h4\">Il est maintenant temps de profiter de cette technique de construction unique au<br \/>\ncAMEROuN<\/h3>\n<\/div>\n<\/div>\n<\/div>\n<\/div>\n<\/div>\n<div class=\"boldgrid-section\">\n<div class=\"container-fluid\">\n<div class=\"row\">\n<div class=\"col-md-12 col-xs-12 col-sm-12\">\n<p>&nbsp;<\/p>\n<\/div>\n<\/div>\n<\/div>\n<\/div>\n<p><\/p>","protected":false},"excerpt":{"rendered":"<p>&nbsp; &nbsp; &nbsp; \u00c9prouv\u00e9s R\u00e9cents au Cameroun, les briques de terre stabilis\u00e9e sont utilis\u00e9s dans la construction depuis un demi-si\u00e8cle en Asie,&nbsp;en Am\u00e9rique du Sud et m\u00eame en Am\u00e9rique du Nord. propri\u00e9t\u00e9s impressionantes Solides et durables; Plus denses et plus compacts que les blocs de ciment; pare-balles; Imperm\u00e9ables et r\u00e9sistants aux insectes; Excellents r\u00e9gulateurs&nbsp; de [&hellip;]<\/p>\n","protected":false},"author":1,"featured_media":0,"parent":1981,"menu_order":0,"comment_status":"closed","ping_status":"closed","template":"","meta":{"bgseo_title":"","bgseo_description":"","bgseo_robots_index":"index","bgseo_robots_follow":"follow","om_disable_all_campaigns":false,"_monsterinsights_skip_tracking":false,"_monsterinsights_sitenote_active":false,"_monsterinsights_sitenote_note":"","_monsterinsights_sitenote_category":0,"footnotes":""},"aioseo_notices":[],"_links":{"self":[{"href":"https:\/\/ecoconstructioncameroon.com\/fr\/wp-json\/wp\/v2\/pages\/4142"}],"collection":[{"href":"https:\/\/ecoconstructioncameroon.com\/fr\/wp-json\/wp\/v2\/pages"}],"about":[{"href":"https:\/\/ecoconstructioncameroon.com\/fr\/wp-json\/wp\/v2\/types\/page"}],"author":[{"embeddable":true,"href":"https:\/\/ecoconstructioncameroon.com\/fr\/wp-json\/wp\/v2\/users\/1"}],"replies":[{"embeddable":true,"href":"https:\/\/ecoconstructioncameroon.com\/fr\/wp-json\/wp\/v2\/comments?post=4142"}],"version-history":[{"count":11,"href":"https:\/\/ecoconstructioncameroon.com\/fr\/wp-json\/wp\/v2\/pages\/4142\/revisions"}],"predecessor-version":[{"id":7858,"href":"https:\/\/ecoconstructioncameroon.com\/fr\/wp-json\/wp\/v2\/pages\/4142\/revisions\/7858"}],"up":[{"embeddable":true,"href":"https:\/\/ecoconstructioncameroon.com\/fr\/wp-json\/wp\/v2\/pages\/1981"}],"wp:attachment":[{"href":"https:\/\/ecoconstructioncameroon.com\/fr\/wp-json\/wp\/v2\/media?parent=4142"}],"curies":[{"name":"wp","href":"https:\/\/api.w.org\/{rel}","templated":true}]}}