{"id":2137,"date":"2017-12-01T00:11:04","date_gmt":"2017-12-01T00:11:04","guid":{"rendered":"http:\/\/ecoconstructioncameroon.com\/?page_id=2137"},"modified":"2024-04-16T21:51:42","modified_gmt":"2024-04-16T21:51:42","slug":"finishing-options","status":"publish","type":"page","link":"https:\/\/ecoconstructioncameroon.com\/fr\/finishing-options\/","title":{"rendered":"Options de finition"},"content":{"rendered":"<p><\/p>\n<div class=\"boldgrid-section\">\n<div class=\"container-fluid\">\n<div class=\"row\">\n<div class=\"col-md-12 col-xs-12 col-sm-12 col-lg-12\">\n<p>&nbsp;<\/p>\n<\/div>\n<\/div>\n<\/div>\n<\/div>\n<div class=\"boldgrid-section\">\n<div class=\"container\">\n<div class=\"row\" style=\"padding-bottom: 0px;\">\n<div class=\"col-md-6 text-center col-xs-12 col-sm-12 col-lg-6\">\n<p class=\"mod-img\"><img loading=\"lazy\" decoding=\"async\" class=\"alignnone wp-image-7598 size-medium\" src=\"http:\/\/ecoconstructioncameroon.com\/wp-content\/uploads\/2021\/01\/0_207_709_471.5126953125_WhatsApp-Image-2021-01-02-at-11.48.58-PM-1024x1024.jpeg\" alt=\"\" width=\"709\" height=\"471\" data-imhwpb-built-photo-search=\"14|landscape\" srcset=\"https:\/\/ecoconstructioncameroon.com\/wp-content\/uploads\/2021\/01\/0_196_709_472.205078125_WhatsApp-Image-2021-01-02-at-11.48.58-PM-1024x1024.jpeg 709w, https:\/\/ecoconstructioncameroon.com\/wp-content\/uploads\/2021\/01\/0_155_300_200.390625_WhatsApp-Image-2021-01-02-at-11.48.58-PM-768x768.jpeg 300w\" sizes=\"(max-width: 709px) 100vw, 709px\" \/><\/p>\n<\/div>\n<div class=\"col-md-6 col-sm-12 col-xs-12 col-lg-6\">\n<div class=\"row gridblock\">\n<div class=\"col-md-12 col-xs-12 col-sm-12 col-lg-12\">\n<div class=\"row bg-editor-hr-wrap\">\n<div class=\"col-md-12 col-xs-12 col-sm-12 col-lg-12\">\n<hr>\n<\/div>\n<\/div>\n<\/div>\n<\/div>\n<h3 class=\"xs-center sm-center\"><strong>finition Standard<\/strong><\/h3>\n<p class=\"\">Ceci est une option sans fioritures qui vient avec toutes les fonctionnalit\u00e9s standards que vous attendez dans une maison. Pour le client qui opte pour les BTS, la maison n&rsquo;est pas cr\u00e9pie et tis parti de l&rsquo;esth\u00e9tique naturelle des briques de terre stabilis\u00e9e et permet de montrer la beaut\u00e9 naturelle de ces briques. Elle est peinte d&rsquo;une couleur translucide qui met en valeur la beaut\u00e9 des briques. Avec l&rsquo;option en parpaing, toute la maison est cr\u00e9pie et peinte. (Plus de d\u00e9tails vers la fin de cette page.)<\/p>\n<div class=\"row gridblock\">\n<div class=\"col-md-12 col-xs-12 col-sm-12 col-lg-12\">\n<div>\n<div class=\"row\">\n<div class=\"col-md-12 col-xs-12 col-sm-12 col-lg-12\">\n<div class=\"mod-space\"><\/div>\n<\/div>\n<\/div>\n<\/div>\n<\/div>\n<\/div>\n<div class=\"gridblock\"><\/div>\n<\/div>\n<\/div>\n<div class=\"row\">\n<div class=\"col-md-6 text-center col-xs-12 col-sm-12 col-lg-6\">\n<h3 class=\"mod-img\"><img loading=\"lazy\" decoding=\"async\" class=\"alignnone wp-image-7773 size-medium\" src=\"http:\/\/ecoconstructioncameroon.com\/wp-content\/uploads\/2021\/10\/0_66_750_499.51171875_WhatsApp-Image-2021-10-10-at-9.55.09-PM-1024x768.jpeg\" alt=\"\" width=\"750\" height=\"499\" data-imhwpb-built-photo-search=\"57|landscape\"><\/h3>\n<\/div>\n<div class=\"col-md-6 col-sm-12 col-xs-12 col-lg-6\">\n<div class=\"col-md-12 col-xs-12 col-sm-12 col-lg-12\">\n<div>\n<div class=\"row bg-editor-hr-wrap\">\n<div class=\"col-md-12 col-xs-12 col-sm-12 col-lg-12\">\n<div>\n<hr>\n<\/div>\n<\/div>\n<\/div>\n<\/div>\n<\/div>\n<h3 class=\"\"><strong>FINITION HAUT DE GAMME<\/strong><\/h3>\n<p class=\"\">Cette finition est pour tous ceux qui veulent un peu plus de raffinement dans la qualit\u00e9 de leur maison. Dans cette option, les murs sont cr\u00e9pis et peints pour donner un aspect lisse et poli. Des carreaux de qualit\u00e9 sup\u00e9rieure de 40 x 40 mm sont utilis\u00e9s, ainsi que des \u00e9quipements de meilleure qualit\u00e9 dans toute la maison. Le plafond en lambris ou staff au salon et \u00e0 la salle \u00e0 manger s\u2019ajoute \u00e0 cette qualit\u00e9 sup\u00e9rieure. Cette option est con\u00e7ue pour l&rsquo;acheteur au bon go\u00fbt mais au budget serr\u00e9. (Plus de d\u00e9tails vers la fin de cette page.)<\/p>\n<div class=\"row gridblock\">\n<div class=\"col-md-12 col-xs-12 col-sm-12 col-lg-12\">\n<div class=\"row\">\n<div class=\"col-md-12 col-xs-12 col-sm-12 col-lg-12\">\n<div class=\"mod-space\"><\/div>\n<\/div>\n<\/div>\n<\/div>\n<\/div>\n<div class=\"gridblock\"><\/div>\n<\/div>\n<\/div>\n<\/div>\n<\/div>\n<div class=\"boldgrid-section\">\n<div class=\"container\"><\/div>\n<\/div>\n<div class=\"boldgrid-section\">\n<div class=\"container\">\n<div class=\"row\">\n<div class=\"col-md-6 text-center col-xs-12 col-sm-12 col-lg-6\">\n<p class=\"mod-img\"><img loading=\"lazy\" decoding=\"async\" class=\"alignnone wp-image-2142 \" src=\"http:\/\/ecoconstructioncameroon.com\/wp-content\/uploads\/2017\/11\/small-beautiful-bungalow-house-design-300x200.jpg\" alt=\"\" width=\"387\" height=\"258\" data-imhwpb-built-photo-search=\"14|landscape\" srcset=\"https:\/\/ecoconstructioncameroon.com\/wp-content\/uploads\/2017\/11\/small-beautiful-bungalow-house-design-300x200.jpg 300w, https:\/\/ecoconstructioncameroon.com\/wp-content\/uploads\/2017\/11\/small-beautiful-bungalow-house-design-768x512.jpg 768w, https:\/\/ecoconstructioncameroon.com\/wp-content\/uploads\/2017\/11\/small-beautiful-bungalow-house-design-250x167.jpg 250w, https:\/\/ecoconstructioncameroon.com\/wp-content\/uploads\/2017\/11\/small-beautiful-bungalow-house-design-550x367.jpg 550w, https:\/\/ecoconstructioncameroon.com\/wp-content\/uploads\/2017\/11\/small-beautiful-bungalow-house-design-800x533.jpg 800w, https:\/\/ecoconstructioncameroon.com\/wp-content\/uploads\/2017\/11\/small-beautiful-bungalow-house-design-270x180.jpg 270w, https:\/\/ecoconstructioncameroon.com\/wp-content\/uploads\/2017\/11\/small-beautiful-bungalow-house-design-450x300.jpg 450w, https:\/\/ecoconstructioncameroon.com\/wp-content\/uploads\/2017\/11\/small-beautiful-bungalow-house-design-750x500.jpg 750w, https:\/\/ecoconstructioncameroon.com\/wp-content\/uploads\/2017\/11\/small-beautiful-bungalow-house-design.jpg 900w\" sizes=\"(max-width: 387px) 100vw, 387px\" \/><\/p>\n<\/div>\n<div class=\"col-md-6 col-sm-12 col-xs-12 col-lg-6\">\n<div class=\"row gridblock\">\n<div class=\"col-md-12 col-xs-12 col-sm-12 col-lg-12\">\n<div class=\"row bg-editor-hr-wrap\">\n<div class=\"col-md-12 col-xs-12 col-sm-12 col-lg-12\">\n<hr>\n<\/div>\n<\/div>\n<\/div>\n<\/div>\n<h3 class=\"xs-center sm-center\"><strong>finition de luxe<\/strong><\/h3>\n<p class=\"\">Cette option est caract\u00e9ris\u00e9e par le raffinement partout o\u00f9 vous regardez. C&rsquo;est pour le client ayant un go\u00fbt exigeant et le budget cons\u00e9quent. La maison est \u00e9galement cr\u00e9pie et peinte et dispose de luminaires de qualit\u00e9 sup\u00e9rieure partout. Le plafond de toute la maison est fait de staff ou lambris selon le choix du client. La maison enti\u00e8re est finie avec des carreaux de 60&#215;60 mm. Le plan de travail et le dosseret de la cuisine sont tous deux carrel\u00e9s et les murs des salles de bain sont carrel\u00e9s jusqu\u2019au plafond. La toiture en tuiles galvanis\u00e9es peintes (t\u00f4le tuiles) et les fen\u00eatres coulissantes et teint\u00e9es compl\u00e8tent l\u2019aspect luxueux de ces maisons. Cette option est pour celui qui veut une maison pour son plus grand confort, sans doute avec un \u0153il vers les ann\u00e9es de retraite. (Plus de d\u00e9tails vers la fin de cette page.)<\/p>\n<div class=\"row gridblock\">\n<div class=\"col-md-12 col-xs-12 col-sm-12 col-lg-12\">\n<div>\n<div class=\"row\">\n<div class=\"col-md-12 col-xs-12 col-sm-12 col-lg-12\">\n<div class=\"mod-space\"><\/div>\n<\/div>\n<\/div>\n<\/div>\n<\/div>\n<\/div>\n<div class=\"gridblock\">\n<p class=\"\"><a class=\"btn btn-raised btn-pill btn-color-2\" href=\"http:\/\/ecoconstructioncameroon.com\/reserve-your-house\/\">R\u00e9servez&nbsp; votre maison d\u00e8s aujourd&rsquo;hui<\/a><\/p>\n<\/div>\n<\/div>\n<\/div>\n<\/div>\n<\/div>\n<div class=\"boldgrid-section\">\n<div class=\"container\">\n<div class=\"row\" style=\"padding-top: 20px; padding-bottom: 20px;\">\n<div class=\"col-md-12 col-xs-12 col-sm-12 col-lg-12\">\n<div class=\"bg-box bg-box-rounded color1-background-color color1-text-default\">\n<h2 class=\"\" style=\"text-align: center;\"><strong>caract\u00e9ristiques des<br \/>\n3 OPTIONS DE&nbsp; FINITION<\/strong><\/h2>\n<\/div>\n<\/div>\n<\/div>\n<\/div>\n<\/div>\n<div class=\"boldgrid-section\">\n<div class=\"container\">\n<div class=\"row\" style=\"padding-top: 20px; padding-bottom: 20px;\">\n<div class=\"col-md-4 col-xs-12 col-sm-4 col-lg-4\">\n<div class=\"text-center bg-box bg-box-edged color1-background-color color-1-text-contrast bg-background-color\" style=\"padding: 1em 0em;\">\n<p class=\"\"><i class=\"fa fa-rocket\" style=\"font-size: 42px;\" aria-hidden=\"true\"><span style=\"display: none;\">&nbsp;<\/span><\/i><\/p>\n<h3 class=\"\" style=\"font-style: italic;\"><strong>maison&nbsp;standard<\/strong><\/h3>\n<ul class=\"\" style=\"font-size: 12px; line-height: 1.5em;\">\n<li style=\"text-align: left;\"><strong>Hauteur sous plafond:<\/strong> 2.6m<\/li>\n<li style=\"text-align: left;\"><strong>Toiture:<\/strong> Couverture en t\u00f4le bac nature 4mm<\/li>\n<li style=\"text-align: left;\">Goutti\u00e8res et descentes non incluses<\/li>\n<li style=\"text-align: left;\"><strong>Cr\u00e9pissage:<\/strong> uniquement les salles de bain (pour maison en BTS). Toute la maison (pour maison en parpaings)<\/li>\n<li style=\"text-align: left;\"><strong>Plafond:<\/strong> En contreplaqu\u00e9 4mm partout<\/li>\n<li style=\"text-align: left;\"><strong>Carrelage:<\/strong> Carreaux de 30&#215;30 au sol<\/li>\n<li style=\"text-align: left;\">Salles de bain carrel\u00e9es \u00be de haut<\/li>\n<li style=\"text-align: left;\">Dalle de cuisine carrel\u00e9e,&nbsp;dosseret peint<\/li>\n<li style=\"text-align: left;\"><strong>\u00c9quipements de salle de bain:&nbsp;<\/strong> WC, douche, lave-main, porte papier hygi\u00e9nique, porte-serviette<\/li>\n<li style=\"text-align: left;\"><strong>Fen\u00eatres:<\/strong> en lames Naco avec moustiquaires<\/li>\n<li style=\"text-align: left;\"><strong>Cuisine:<\/strong> \u00c9vier et robinet de bonne qualit\u00e9<\/li>\n<li style=\"text-align: left;\"><strong>Antivols:<\/strong> en tube<\/li>\n<li style=\"text-align: left;\"><strong>Portes:<\/strong>&nbsp;Portes ext\u00e9rieures en bois massif; portes int\u00e9rieures en bois souple.&nbsp;Quincaillerie de porte de bonne qualit\u00e9<\/li>\n<li style=\"text-align: left;\"><strong>Garde-robes:&nbsp;<\/strong>Portes en bois souple, \u00e9tag\u00e8res en contreplaqu\u00e9. Dimensions: HLP: 2mx2mx0.6m<\/li>\n<li style=\"text-align: left;\"><strong>Plomberie:<\/strong>&nbsp;Plomberie compl\u00e8te de toute la maison<\/li>\n<li style=\"text-align: left;\"><strong>Fosse septique:<\/strong> incluse<\/li>\n<li style=\"text-align: left;\"><strong>\u00c9lectrification:<\/strong> Toute la maison, fils et prises&nbsp;de qualit\u00e9<\/li>\n<li style=\"text-align: left;\"><strong>Peinture:<\/strong>&nbsp; Toute la maison, avec peinture Goldstar, National ou Universal<\/li>\n<\/ul>\n<\/div>\n<\/div>\n<div class=\"col-md-4 col-xs-12 col-sm-4 col-lg-4\">\n<div class=\"text-center color3-background-color color-3-text-contrast bg-background-color bg-box\" style=\"height: 100%; padding: 1.5em;\">\n<p class=\"\"><i class=\"fa fa-rocket\" style=\"font-size: 42px;\" aria-hidden=\"true\"><span style=\"display: none;\">&nbsp;<\/span><\/i><\/p>\n<h3 class=\"\" style=\"font-style: italic;\"><strong>maison&nbsp;haut de gamme<\/strong><\/h3>\n<ul class=\"bg-font-family-body\" style=\"font-size: 12px; line-height: 1.6em; width: auto;\" data-font-class=\"bg-font-family-body\">\n<li style=\"text-align: left;\"><strong>Hauteur sous plafond:<\/strong> 2.8m<\/li>\n<li style=\"text-align: left;\"><strong>Toiture:<\/strong> couverture en t\u00f4le bac pr\u00e9laqu\u00e9e, 4mm<\/li>\n<li style=\"text-align: left;\">Goutti\u00e8res et descentes incluses<\/li>\n<li style=\"text-align: left;\"><strong>Cr\u00e9pissage:<\/strong> toute la maison<\/li>\n<li style=\"text-align: left;\"><strong>Plafond:<\/strong>&nbsp;lambris ou staff au salon et \u00e0 la salle \u00e0 manger. Reste de la maison en contreplaqu\u00e9 4mm<\/li>\n<li style=\"text-align: left;\"><strong>Carrelage:<\/strong>&nbsp;carreaux de 40&#215;40 au sol<\/li>\n<li style=\"text-align: left;\">Salles de bain carrel\u00e9es \u00be de haut<\/li>\n<li style=\"text-align: left;\">Dalle de cuisine carrel\u00e9e<\/li>\n<li style=\"text-align: left;\">Dosseret carrel\u00e9 sur une hauteur de 40cm<\/li>\n<li style=\"text-align: left;\"><strong>\u00c9quipements de salle de bain:&nbsp;<\/strong> WC, douche, lave-main, lave-fesses, porte papier hygi\u00e9nique, porte-serviette<\/li>\n<li style=\"text-align: left;\"><strong>Fen\u00eatres:<\/strong> coulissantes<\/li>\n<li style=\"text-align: left;\"><strong>Cuisine:<\/strong> \u00e9vier et robinet de tr\u00e8s bonne qualit\u00e9<\/li>\n<li style=\"text-align: left;\"><strong>Antivols:<\/strong> en tube<\/li>\n<li style=\"text-align: left;\"><strong>Portes:<\/strong>&nbsp;toutes les portes en bois massif. Quincaillerie de porte de bonne qualit\u00e9<\/li>\n<li style=\"text-align: left;\"><strong>Garde-robes:&nbsp;<\/strong>portes en bois massif, \u00e9tag\u00e8res en contreplaqu\u00e9. Dimensions: HLP: 2mx2mx0.6m<\/li>\n<li style=\"text-align: left;\"><strong>Plomberie:<\/strong>&nbsp; toute la maison<\/li>\n<li style=\"text-align: left;\"><strong>Fosse septique:<\/strong> incluse<\/li>\n<li style=\"text-align: left;\"><strong>\u00c9lectrification:<\/strong> toute la maison, fils et prises&nbsp;de qualit\u00e9. Luminaires 3 branches au salon et \u00e0 la salle \u00e0 manger.<\/li>\n<li style=\"text-align: left;\"><strong>Peinture:<\/strong>&nbsp; toute la maison, avec peinture Pantex 800 et 1300<\/li>\n<\/ul>\n<\/div>\n<\/div>\n<div class=\"col-md-4 col-xs-12 col-sm-4 col-lg-4\">\n<div class=\"text-center bg-box bg-box-edged color1-background-color color-1-text-contrast bg-background-color\" style=\"padding: 1em 0em;\">\n<p class=\"\"><i class=\"fa fa-diamond\" style=\"font-size: 42px;\" aria-hidden=\"true\"><span style=\"display: none;\">&nbsp;<\/span><\/i><\/p>\n<h3 class=\"\" style=\"font-style: italic;\"><strong>maison&nbsp;de luxe<\/strong><\/h3>\n<ul class=\"\" style=\"font-size: 12px; line-height: 1.5em;\">\n<li style=\"text-align: left;\"><strong>Hauteur sous plafond:<\/strong>&nbsp;3m<\/li>\n<li style=\"text-align: left;\"><strong>Toiture:<\/strong> couverture en t\u00f4le tuiles pr\u00e9laqu\u00e9e, 5mm<\/li>\n<li style=\"text-align: left;\">Goutti\u00e8res et descentes incluses<\/li>\n<li style=\"text-align: left;\"><strong>Cr\u00e9pissage:<\/strong> toute la maison<\/li>\n<li style=\"text-align: left;\"><strong>Plafond:<\/strong>&nbsp;lambris ou staff dans toute la maison<\/li>\n<li style=\"text-align: left;\"><strong>Carrelage:<\/strong> Carreaux de 60&#215;60 au sol<\/li>\n<li style=\"text-align: left;\">Salles de bain carrel\u00e9es jusqu&rsquo;au plafond<\/li>\n<li style=\"text-align: left;\">Dalle de cuisine carrel\u00e9e,<\/li>\n<li style=\"text-align: left;\">Dosseret carrel\u00e9 sur une hauteur de 50cm<\/li>\n<li style=\"text-align: left;\"><strong>\u00c9quipements de salle de bain:&nbsp;<\/strong> WC, douche, lave-main, lave-fesses, porte papier hygi\u00e9nique, porte-serviette<\/li>\n<li style=\"text-align: left;\"><strong>Fen\u00eatres:<\/strong> coulissantes, avec moustiquaires<\/li>\n<li style=\"text-align: left;\"><strong>Cuisine:<\/strong> \u00e9vier et robinet d&rsquo;excellente qualit\u00e9<\/li>\n<li style=\"text-align: left;\"><strong>Antivols:<\/strong> en fonte<\/li>\n<li style=\"text-align: left;\"><strong>Portes:<\/strong>&nbsp;toutes les portes en bois massif. Quincaillerie de porte d&rsquo;excellente qualit\u00e9\u00e0<\/li>\n<li style=\"text-align: left;\"><strong>Garde-robes:&nbsp;<\/strong>portes en bois massif, \u00e9tag\u00e8res en contreplaqu\u00e9. Dimensions: HLP: 2,5mx2mx0.6m<\/li>\n<li style=\"text-align: left;\"><strong>Plomberie:<\/strong>&nbsp;Plomberie compl\u00e8te de toute la maison<\/li>\n<li style=\"text-align: left;\"><strong>Fosse septique:<\/strong> incluse<\/li>\n<li style=\"text-align: left;\"><strong>\u00c9lectrification:<\/strong> toute la maison \u00e9lectrifi\u00e9e, fils et prises de qualit\u00e9. Luminaires 5 branches au salon, \u00e0 la salle \u00e0 manger et \u00e0 la chambre principale.<\/li>\n<li style=\"text-align: left;\"><strong>Peinture:<\/strong>&nbsp; toute la maison, avec peinture Pantex 800 et 1300<\/li>\n<\/ul>\n<\/div>\n<\/div>\n<\/div>\n<\/div>\n<\/div>\n<p><\/p>","protected":false},"excerpt":{"rendered":"<p>&nbsp; finition Standard Ceci est une option sans fioritures qui vient avec toutes les fonctionnalit\u00e9s standards que vous attendez dans une maison. Pour le client qui opte pour les BTS, la maison n&rsquo;est pas cr\u00e9pie et tis parti de l&rsquo;esth\u00e9tique naturelle des briques de terre stabilis\u00e9e et permet de montrer la beaut\u00e9 naturelle de ces [&hellip;]<\/p>\n","protected":false},"author":1,"featured_media":0,"parent":0,"menu_order":0,"comment_status":"closed","ping_status":"closed","template":"","meta":{"bgseo_title":"finition de luxe , standard , haut de gamme est caract\u00e9ris\u00e9e par le ","bgseo_description":"La finition standard tire parti de l'esth\u00e9tique naturelle des blocs de terre stabilis\u00e9e et permet de montrer la beaut\u00e9 naturelle de ces blocs. ","bgseo_robots_index":"index","bgseo_robots_follow":"follow","om_disable_all_campaigns":false,"_monsterinsights_skip_tracking":false,"_monsterinsights_sitenote_active":false,"_monsterinsights_sitenote_note":"","_monsterinsights_sitenote_category":0,"footnotes":""},"aioseo_notices":[],"_links":{"self":[{"href":"https:\/\/ecoconstructioncameroon.com\/fr\/wp-json\/wp\/v2\/pages\/2137"}],"collection":[{"href":"https:\/\/ecoconstructioncameroon.com\/fr\/wp-json\/wp\/v2\/pages"}],"about":[{"href":"https:\/\/ecoconstructioncameroon.com\/fr\/wp-json\/wp\/v2\/types\/page"}],"author":[{"embeddable":true,"href":"https:\/\/ecoconstructioncameroon.com\/fr\/wp-json\/wp\/v2\/users\/1"}],"replies":[{"embeddable":true,"href":"https:\/\/ecoconstructioncameroon.com\/fr\/wp-json\/wp\/v2\/comments?post=2137"}],"version-history":[{"count":116,"href":"https:\/\/ecoconstructioncameroon.com\/fr\/wp-json\/wp\/v2\/pages\/2137\/revisions"}],"predecessor-version":[{"id":8760,"href":"https:\/\/ecoconstructioncameroon.com\/fr\/wp-json\/wp\/v2\/pages\/2137\/revisions\/8760"}],"wp:attachment":[{"href":"https:\/\/ecoconstructioncameroon.com\/fr\/wp-json\/wp\/v2\/media?parent=2137"}],"curies":[{"name":"wp","href":"https:\/\/api.w.org\/{rel}","templated":true}]}}