{"id":2121,"date":"2017-11-30T20:55:20","date_gmt":"2017-11-30T20:55:20","guid":{"rendered":"http:\/\/ecoconstructioncameroon.com\/?page_id=2121"},"modified":"2018-07-29T22:09:45","modified_gmt":"2018-07-29T22:09:45","slug":"fiche-technique","status":"publish","type":"page","link":"https:\/\/ecoconstructioncameroon.com\/fr\/fiche-technique\/","title":{"rendered":"Fiche technique de nos maisons"},"content":{"rendered":"<p><\/p>\n<div class=\"boldgrid-section color3-background-color color3-text-default\" style=\"background-color: #aac5af;\">\n<div class=\"container\">\n<div class=\"row\">\n<div class=\"col-md-12 col-xs-12 col-sm-12\">\n<div class=\"bg-box bg-box-edged bg-box-shadow-bottom-right color3-background-color color3-text-default\">\n<h2 class=\"\" style=\"text-align: left;\">Fiche technique de nos maisons<\/h2>\n<p class=\"\">Chacune de nos maisons comporte&nbsp;les caract\u00e9ristiques suivantes&nbsp;:<\/p>\n<ul class=\"\">\n<li>un salon<\/li>\n<li>une salle \u00e0 manger<\/li>\n<li>une chambre principale<\/li>\n<li>une salle de bain attenante<\/li>\n<li>une salle de bain g\u00e9n\u00e9rale<\/li>\n<li>2 v\u00e9randas<\/li>\n<li>une cuisine<\/li>\n<\/ul>\n<p class=\"\">&nbsp;<\/p>\n<p>Nous construisons selon des normes rigoureuses avec des artisans et des techniciens exp\u00e9riment\u00e9s qui se sont fait des dents en construisant des dizaines de maisons partout au Cameroun.&nbsp;De la fondation au toit, tout est pris en charge par des personnes qui l&rsquo;ont d\u00e9j\u00e0 fait.&nbsp;Voici un aper\u00e7u de certaines des \u00e9tapes cl\u00e9s que nous suivront et les d\u00e9tails impliqu\u00e9s :<\/p>\n<table width=\"669\">\n<tbody>\n<tr>\n<td colspan=\"2\" width=\"669\"><strong>&nbsp;<\/strong>&nbsp;<\/p>\n<h3 style=\"text-align: center;\">COMMENT NOUS CONSTRUISONS VOTRE MAISON DE A \u00c0 Z<\/h3>\n<p style=\"text-align: center;\"><strong>Ce qui est impliqu\u00e9 \u00e0 chaque \u00e9tape<\/strong><\/p>\n<p><strong>&nbsp;<\/strong><\/td>\n<\/tr>\n<tr>\n<td width=\"329\"><strong>\u25ba<\/strong><strong>Fondation<\/strong>&nbsp;<\/p>\n<ul>\n<li>Creuser des fondations \u00e0 la profondeur appropri\u00e9e<\/li>\n<li>Moulage de blocs de fondation<\/li>\n<li>Verser de la semelle en utilisant du b\u00e9ton<\/li>\n<li>\u00c9lever des murs de fondation<\/li>\n<li>Installation de barres d&rsquo;armature pour le renforcement<\/li>\n<li>Encha\u00eenement de toute la fondation<\/li>\n<li>Remplissage de la fondation avec de la terre<\/li>\n<\/ul>\n<p><strong>&nbsp;<\/strong><\/td>\n<td width=\"340\"><strong>\u25baPl\u00e2trage<\/strong>&nbsp;<\/p>\n<ul>\n<li>Utilisation de sable de pl\u00e2trage appropri\u00e9 (pour la finition haut de gamme et de luxe)<\/li>\n<\/ul>\n<p><strong>\u25baInstallation de portes, fen\u00eatres et protecteurs<\/strong><\/p>\n<ul>\n<li>Installation de cadres de portes et de cadres de fen\u00eatres (pour la finition standard et haut de gamme)<\/li>\n<li>Installation de volets de porte<\/li>\n<li>Installation de protecteurs<\/li>\n<\/ul>\n<\/td>\n<\/tr>\n<tr>\n<td width=\"329\">&nbsp;&nbsp;<\/p>\n<p><strong>\u25baRehausser les murs au niveau de la toiture<\/strong><\/p>\n<ul>\n<li>Moulage de blocs de terre stabilis\u00e9s<\/li>\n<li>Installation de barres d&rsquo;armature pour le renforcement vertical<\/li>\n<li>Rehausser les murs avec les blocs<\/li>\n<li>Installation de barres d&rsquo;armature pour le renforcement horizontal aux points appropri\u00e9s<\/li>\n<li>Installation de cadres de portes et de fen\u00eatres (pour les options standard et haut de gamme)<\/li>\n<\/ul>\n<p>&nbsp;<\/td>\n<td width=\"340\"><strong>&nbsp;<\/strong><strong>\u25ba<\/strong><strong>Plafonds<\/strong>&nbsp;<\/p>\n<ul>\n<li>Installation de noggins<br \/>\nCr\u00e9ation du plafond en fonction du type command\u00e9<\/li>\n<\/ul>\n<p>&nbsp;<\/td>\n<\/tr>\n<tr>\n<td width=\"329\"><strong>\u25ba<\/strong><strong>Plumbing<\/strong>&nbsp;<\/p>\n<ul>\n<li>Plomberie de toute la maison<\/li>\n<li>Installation d&rsquo;appareils sanitaires<\/li>\n<\/ul>\n<p><strong>&nbsp;<\/strong><\/td>\n<td width=\"340\"><strong>\u25ba<\/strong><strong>Rev\u00eatement de sol<\/strong>&nbsp;<\/p>\n<ul>\n<li>B\u00e9tonnage<\/li>\n<li>Installer le type de carreaux appropri\u00e9 (en fonction du niveau de finition choisi)<\/li>\n<\/ul>\n<p>&nbsp;<\/td>\n<\/tr>\n<tr>\n<td width=\"329\"><strong>\u25ba<\/strong><strong>Couverture<\/strong>&nbsp;<\/p>\n<ul>\n<li>Encadrement du toit<\/li>\n<li>Entretoisement<\/li>\n<li>Installation de feuilles de toiture<\/li>\n<li>Installation de goutti\u00e8res (pour les options haut de gamme et luxe)<\/li>\n<\/ul>\n<p><strong>&nbsp;<\/strong><\/td>\n<td width=\"340\"><strong>\u25ba<\/strong><strong>Peinture<\/strong>&nbsp;<\/p>\n<ul>\n<li>Peinture de toute la maison avec 2 couches de peinture<\/li>\n<li>Peinture des cadres de portes<\/li>\n<li>Peinture de cadres de fen\u00eatres (pour les options standard et haut de gamme)<\/li>\n<li>Vernissage des volets de portes<\/li>\n<\/ul>\n<p>&nbsp;<\/td>\n<\/tr>\n<tr>\n<td width=\"329\"><strong>\u25ba<\/strong><strong>Electrification<\/strong>&nbsp;<\/p>\n<ul>\n<li>Electrification de toute la maison<\/li>\n<li>Installation d&rsquo;interrupteurs, de prises de courant et d&rsquo;appareils d&rsquo;\u00e9clairage<\/li>\n<\/ul>\n<p><strong>&nbsp;<\/strong><\/td>\n<td width=\"340\"><strong>\u25ba<\/strong><strong>Accessoires<\/strong><\/p>\n<ul>\n<li>Installation de luminaires de salle de bain et de cuisine<\/li>\n<li>Installation de poign\u00e9es de porte, poign\u00e9es et loquets<\/li>\n<li>Installation de fen\u00eatres coulissantes (pour l&rsquo;option luxe)<\/li>\n<li>Installation des persiennes (pour les options standard et haut de gamme)<\/li>\n<\/ul>\n<\/td>\n<\/tr>\n<\/tbody>\n<\/table>\n<p style=\"text-align: center;\"><a class=\"btn btn-raised btn-pill btn-color-2\" href=\"http:\/\/ecoconstructioncameroon.com\/reservez-votre-maison\/\">R\u00e9servez votre maison d\u00e8s maintenant<\/a><\/p>\n<\/div>\n<\/div>\n<\/div>\n<\/div>\n<\/div>\n<div class=\"boldgrid-section\">\n<div class=\"container-fluid\">\n<div class=\"row\">\n<div class=\"col-md-12 col-xs-12 col-sm-12\">\n<p>&nbsp;<\/p>\n<\/div>\n<\/div>\n<\/div>\n<\/div>\n<p><\/p>","protected":false},"excerpt":{"rendered":"<p>Fiche technique de nos maisons Chacune de nos maisons comporte&nbsp;les caract\u00e9ristiques suivantes&nbsp;: un salon une salle \u00e0 manger une chambre principale une salle de bain attenante une salle de bain g\u00e9n\u00e9rale 2 v\u00e9randas une cuisine &nbsp; Nous construisons selon des normes rigoureuses avec des artisans et des techniciens exp\u00e9riment\u00e9s qui se sont fait des dents [&hellip;]<\/p>\n","protected":false},"author":1,"featured_media":0,"parent":0,"menu_order":0,"comment_status":"closed","ping_status":"closed","template":"","meta":{"bgseo_title":"Chacune de nos maisons comporte la fiche technique un salon,","bgseo_description":"Chacune de nos maisons comporte la fiche technique un salon, une salle \u00e0 manger, une chambre principale, une salle de bain attenante, une salle de bain","bgseo_robots_index":"index","bgseo_robots_follow":"follow","om_disable_all_campaigns":false,"_monsterinsights_skip_tracking":false,"_monsterinsights_sitenote_active":false,"_monsterinsights_sitenote_note":"","_monsterinsights_sitenote_category":0,"footnotes":""},"aioseo_notices":[],"_links":{"self":[{"href":"https:\/\/ecoconstructioncameroon.com\/fr\/wp-json\/wp\/v2\/pages\/2121"}],"collection":[{"href":"https:\/\/ecoconstructioncameroon.com\/fr\/wp-json\/wp\/v2\/pages"}],"about":[{"href":"https:\/\/ecoconstructioncameroon.com\/fr\/wp-json\/wp\/v2\/types\/page"}],"author":[{"embeddable":true,"href":"https:\/\/ecoconstructioncameroon.com\/fr\/wp-json\/wp\/v2\/users\/1"}],"replies":[{"embeddable":true,"href":"https:\/\/ecoconstructioncameroon.com\/fr\/wp-json\/wp\/v2\/comments?post=2121"}],"version-history":[{"count":23,"href":"https:\/\/ecoconstructioncameroon.com\/fr\/wp-json\/wp\/v2\/pages\/2121\/revisions"}],"predecessor-version":[{"id":5713,"href":"https:\/\/ecoconstructioncameroon.com\/fr\/wp-json\/wp\/v2\/pages\/2121\/revisions\/5713"}],"wp:attachment":[{"href":"https:\/\/ecoconstructioncameroon.com\/fr\/wp-json\/wp\/v2\/media?parent=2121"}],"curies":[{"name":"wp","href":"https:\/\/api.w.org\/{rel}","templated":true}]}}