{"id":2097,"date":"2017-11-29T20:49:35","date_gmt":"2017-11-29T20:49:35","guid":{"rendered":"http:\/\/ecoconstructioncameroon.com\/?page_id=2097"},"modified":"2020-06-05T00:15:27","modified_gmt":"2020-06-05T00:15:27","slug":"reserve-your-house","status":"publish","type":"page","link":"https:\/\/ecoconstructioncameroon.com\/fr\/reserve-your-house\/","title":{"rendered":"R\u00e9servez votre maison"},"content":{"rendered":"<p><\/p>\n<div class=\"boldgrid-section\">\n<div class=\"container\">\n<div class=\"row\" style=\"padding-top: 0px; background-image: linear-gradient(#4ca1af, #c4e0e5);\" data-bg-color-1=\"#4CA1AF\" data-bg-color-2=\"#C4E0E5\" data-bg-direction=\"to bottom\">\n<div class=\"col-md-12 col-xs-12 col-sm-12\">\n<p class=\"\">Ce qui suit s&rsquo;applique uniquement \u00e0 ceux qui veulent r\u00e9server une maison ou un b\u00e2timent. Si vous voulez r\u00e9server un produit s\u00e9condaire tel une cl\u00f4ture ou l&rsquo;\u00e9clairage solaire sans maison, allez directement au bas de cette page et cliquez le bouton pour commencer votre r\u00e9servation.&nbsp;<\/p>\n<\/div>\n<\/div>\n<div class=\"row\" style=\"background-image: linear-gradient(to left, #a1ffce, #faffd1);\" data-bg-color-1=\"#A1FFCE\" data-bg-color-2=\"#FAFFD1\" data-bg-direction=\"to left\">\n<div class=\"col-md-12 col-xs-12 col-sm-12\">\n<p class=\"\">&nbsp;<\/p>\n<h3 class=\"\"><strong>QUELQUES POINTS \u00c0 RETENIR AVANT DE FAIRE VOTRE R\u00c9SERVATION<\/strong><\/h3>\n<ul class=\"\">\n<li>Celui qui fait sa r\u00e9serve aujourd&rsquo;hui profite des prix d&rsquo;aujourd&rsquo;hui, m\u00eame s&rsquo;il termine son paiement plus tard. Les prix peuvent changer sans pr\u00e9avis.<\/li>\n<li>La construction est faite selon le principe du premier arriv\u00e9, premier servi: celui qui termine son paiement plus t\u00f4t, ou qui convient d&rsquo;un mode de paiement plus t\u00f4t avec Eco Construction profite du d\u00e9marrage plus rapide de son projet.<\/li>\n<li>Sur r\u00e9ception de votre r\u00e9servation, le Service client vous enverra un accus\u00e9e de r\u00e9ception comportant votre num\u00e9ro de commande et une explication des d\u00e9marches qui suivront jusqu&rsquo;\u00e0 la r\u00e9alisation de votre projet.<\/li>\n<li>Le d\u00e9lai de 6 mois pour compl\u00e9ter une maison s&rsquo;applique uniquement aux bungalows. Pour les duplexes ou R+, le d\u00e9lai sera n\u00e9goci\u00e9.<\/li>\n<li>Une entente de construction sera sign\u00e9e entre vous et Eco Construction lorsque toutes les modalit\u00e9s sont convenues.<\/li>\n<\/ul>\n<div class=\"row bg-editor-hr-wrap\">\n<div class=\"col-md-12 col-xs-12 col-sm-12\">\n<div>\n<hr>\n<\/div>\n<\/div>\n<\/div>\n<h4 class=\"\"><strong>ASSUREZ-VOUS D&rsquo;AVOIR les \u00e9l\u00e9ments suivants avant de proc\u00e9der \u00e0 la r\u00e9servation :<\/strong><\/h4>\n<ul class=\"\">\n<li>Si vous avez l&rsquo;intention de faire r\u00e9aliser votre projet en utilisant l&rsquo;un des plans sur ce site, veuillez noter le <a href=\"http:\/\/ecoconstructioncameroon.com\/houses\/\">code du plan<\/a> et <a href=\"http:\/\/ecoconstructioncameroon.com\/finishing-options\/\">l&rsquo;option de finition<\/a> (standard, haut de gamme ou luxe) que vous d\u00e9sirez avant de proc\u00e9der.<\/li>\n<li>Si vous d\u00e9sirez faire r\u00e9aliser votre projet en utilisant votre propre plan, veuillez noter <a href=\"http:\/\/ecoconstructioncameroon.com\/finishing-options\/\">l&rsquo;option de finition (standard, haut de gamme ou luxe) <\/a>que vous d\u00e9sirez avant de proc\u00e9der. Si vous avez les plans en format \u00e9lectronique, vous pouvez les t\u00e9l\u00e9charger \u00e0 la fin de ce processus. Si vos plans ne sont pas disponibles, nous vous contacterons apr\u00e8s pour vous indiquer comment nous les faire parvenir. Eco Construction peut vous concevoir un plan si vous n&rsquo;en avez pas.<\/li>\n<li>Vous aurez besoin des coordonn\u00e9es (t\u00e9l\u00e9phone et courriel, au besoin) de 2 personnes (dont l&rsquo;une r\u00e9side au Cameroun) qui peuvent agir en votre nom si vous n\u2019\u00eates pas disponibles.<\/li>\n<\/ul>\n<p class=\"\" style=\"text-align: center;\"><a class=\"btn btn-3d btn-pill btn-color-1\" href=\"https:\/\/form.jotform.com\/201445791021245\">Commencez votre r\u00e9servation<\/a>&nbsp;&nbsp;<\/p>\n<\/div>\n<\/div>\n<\/div>\n<\/div>\n<p><\/p>","protected":false},"excerpt":{"rendered":"<p>Ce qui suit s&rsquo;applique uniquement \u00e0 ceux qui veulent r\u00e9server une maison ou un b\u00e2timent. Si vous voulez r\u00e9server un produit s\u00e9condaire tel une cl\u00f4ture ou l&rsquo;\u00e9clairage solaire sans maison, allez directement au bas de cette page et cliquez le bouton pour commencer votre r\u00e9servation.&nbsp; &nbsp; QUELQUES POINTS \u00c0 RETENIR AVANT DE FAIRE VOTRE R\u00c9SERVATION [&hellip;]<\/p>\n","protected":false},"author":1,"featured_media":0,"parent":0,"menu_order":0,"comment_status":"closed","ping_status":"closed","template":"","meta":{"bgseo_title":"","bgseo_description":"","bgseo_robots_index":"index","bgseo_robots_follow":"follow","om_disable_all_campaigns":false,"_monsterinsights_skip_tracking":false,"_monsterinsights_sitenote_active":false,"_monsterinsights_sitenote_note":"","_monsterinsights_sitenote_category":0,"footnotes":""},"aioseo_notices":[],"_links":{"self":[{"href":"https:\/\/ecoconstructioncameroon.com\/fr\/wp-json\/wp\/v2\/pages\/2097"}],"collection":[{"href":"https:\/\/ecoconstructioncameroon.com\/fr\/wp-json\/wp\/v2\/pages"}],"about":[{"href":"https:\/\/ecoconstructioncameroon.com\/fr\/wp-json\/wp\/v2\/types\/page"}],"author":[{"embeddable":true,"href":"https:\/\/ecoconstructioncameroon.com\/fr\/wp-json\/wp\/v2\/users\/1"}],"replies":[{"embeddable":true,"href":"https:\/\/ecoconstructioncameroon.com\/fr\/wp-json\/wp\/v2\/comments?post=2097"}],"version-history":[{"count":54,"href":"https:\/\/ecoconstructioncameroon.com\/fr\/wp-json\/wp\/v2\/pages\/2097\/revisions"}],"predecessor-version":[{"id":7217,"href":"https:\/\/ecoconstructioncameroon.com\/fr\/wp-json\/wp\/v2\/pages\/2097\/revisions\/7217"}],"wp:attachment":[{"href":"https:\/\/ecoconstructioncameroon.com\/fr\/wp-json\/wp\/v2\/media?parent=2097"}],"curies":[{"name":"wp","href":"https:\/\/api.w.org\/{rel}","templated":true}]}}