{"id":2015,"date":"2017-11-23T03:35:16","date_gmt":"2017-11-23T03:35:16","guid":{"rendered":"http:\/\/ecoconstructioncameroon.com\/?page_id=2015"},"modified":"2018-12-30T20:25:02","modified_gmt":"2018-12-30T20:25:02","slug":"landscaping","status":"publish","type":"page","link":"https:\/\/ecoconstructioncameroon.com\/fr\/landscaping\/","title":{"rendered":"Solutions d&rsquo;am\u00e9nagement paysager"},"content":{"rendered":"<p><\/p>\n<div class=\"tmpl-gallery-4 boldgrid-section dynamic-gridblock\" style=\"background-image: linear-gradient(to left, #02aab0, #00cdac);\" data-bg-color-1=\"#02AAB0\" data-bg-color-2=\"#00CDAC\" data-bg-direction=\"to left\">\n<div class=\"container\">\n<div class=\"row\" style=\"padding-top: 100px; padding-bottom: 60px;\">\n<div class=\"col-md-12 col-sm-12 col-xs-12 text-center\">\n<p class=\"\" style=\"text-align: left;\"><span id=\"result_box\" class=\"\" lang=\"fr\" tabindex=\"-1\">L&rsquo;attrait et le confort d&rsquo;une maison commencent par l&rsquo;ext\u00e9rieur. <span class=\"\">Une cour bien am\u00e9nag\u00e9e am\u00e9liore la beaut\u00e9 de votre maison.<\/span> <span class=\"\">Selon votre go\u00fbt et votre budget, nous pouvons vous fournir des solutions d&rsquo;am\u00e9nagement paysager qui comprennent une all\u00e9e pav\u00e9e en pierre, des fleurs, des arbustes, de l&rsquo;herbe et des caract\u00e9ristiques rocheuses pour donner une sensation unique \u00e0 votre cour.<\/span><\/span><\/p>\n<div class=\"row bg-editor-hr-wrap\">\n<div class=\"col-md-12 col-xs-12 col-sm-12\">\n<hr class=\"color2-color bg-hr\" style=\"border: 1px solid; margin-right: auto; margin-left: auto;\" width=\"25%\" \/>\n<\/div>\n<\/div>\n<\/div>\n<\/div>\n<div class=\"row\" style=\"padding-top: 20px; padding-bottom: 30px;\">\n<div class=\"col-md-4 col-sm-4 col-xs-6\">\n<p class=\"mod-reset\"><img loading=\"lazy\" decoding=\"async\" class=\"bg-img bg-img-circle alignnone wp-image-3511 \" src=\"http:\/\/ecoconstructioncameroon.com\/wp-content\/uploads\/2017\/11\/landscaping3-300x136.jpg\" alt=\"am\u00e9nagement paysager\" width=\"555\" height=\"252\" data-height=\"250\" data-width=\"400\" srcset=\"https:\/\/ecoconstructioncameroon.com\/wp-content\/uploads\/2017\/11\/landscaping3-300x136.jpg 300w, https:\/\/ecoconstructioncameroon.com\/wp-content\/uploads\/2017\/11\/landscaping3-250x113.jpg 250w, https:\/\/ecoconstructioncameroon.com\/wp-content\/uploads\/2017\/11\/landscaping3.jpg 334w\" sizes=\"(max-width: 555px) 100vw, 555px\" \/><\/p>\n<\/div>\n<div class=\"col-md-4 col-sm-4 col-xs-6\">\n<p class=\"mod-reset\"><img loading=\"lazy\" decoding=\"async\" class=\"bg-img bg-img-circle alignnone wp-image-3510 size-full\" src=\"http:\/\/ecoconstructioncameroon.com\/wp-content\/uploads\/2017\/11\/landscaping4.jpg\" alt=\"\" width=\"275\" height=\"183\" data-height=\"250\" data-width=\"400\" srcset=\"https:\/\/ecoconstructioncameroon.com\/wp-content\/uploads\/2017\/11\/landscaping4.jpg 275w, https:\/\/ecoconstructioncameroon.com\/wp-content\/uploads\/2017\/11\/landscaping4-250x166.jpg 250w, https:\/\/ecoconstructioncameroon.com\/wp-content\/uploads\/2017\/11\/landscaping4-270x180.jpg 270w\" sizes=\"(max-width: 275px) 100vw, 275px\" \/><\/p>\n<\/div>\n<div class=\"col-md-4 col-sm-4 col-xs-6\">\n<p class=\"mod-reset\"><img loading=\"lazy\" decoding=\"async\" class=\"bg-img bg-img-circle alignnone wp-image-4276 \" src=\"http:\/\/ecoconstructioncameroon.com\/wp-content\/uploads\/2017\/11\/0_15_236_147_landscaping7.jpg\" alt=\"\" width=\"411\" height=\"257\" data-height=\"250\" data-width=\"400\" \/><\/p>\n<\/div>\n<\/div>\n<div class=\"row\" style=\"padding-top: 30px; padding-bottom: 20px;\">\n<div class=\"col-md-4 col-sm-4 col-xs-6\">\n<p class=\"mod-reset\"><img loading=\"lazy\" decoding=\"async\" class=\"bg-img bg-img-circle alignnone wp-image-3508 size-full\" src=\"http:\/\/ecoconstructioncameroon.com\/wp-content\/uploads\/2017\/11\/0_6_275_171_landscaping1.jpg\" alt=\"\" width=\"275\" height=\"171\" data-height=\"250\" data-width=\"400\" \/><\/p>\n<\/div>\n<div class=\"col-md-4 col-sm-4 col-xs-6\">\n<p class=\"mod-reset\"><img loading=\"lazy\" decoding=\"async\" class=\"bg-img bg-img-circle alignnone wp-image-3507 size-medium\" src=\"http:\/\/ecoconstructioncameroon.com\/wp-content\/uploads\/2017\/11\/0_63_400_250.78125_landscaping6-1024x768.jpeg\" alt=\"\" width=\"400\" height=\"250\" data-height=\"250\" data-width=\"400\" \/><\/p>\n<\/div>\n<div class=\"col-md-4 col-sm-4 col-xs-6\">\n<p class=\"mod-reset\"><img loading=\"lazy\" decoding=\"async\" class=\"bg-img bg-img-circle alignnone wp-image-3506 \" src=\"http:\/\/ecoconstructioncameroon.com\/wp-content\/uploads\/2017\/11\/0_16_259_162_landscaping2.jpg\" alt=\"\" width=\"341\" height=\"213\" data-height=\"250\" data-width=\"400\" \/><\/p>\n<\/div>\n<\/div>\n<div class=\"row\" style=\"padding-top: 80px; padding-bottom: 100px;\">\n<div class=\"col-md-12 col-sm-12 col-xs-12 text-center\">\n<p class=\"mod-reset\"><a class=\"btn-color-2 btn btn-small-caps btn-pill btn-raised btn-jumbo\" href=\"http:\/\/ecoconstructioncameroon.com\/contact-us\/\">Demander un devis <\/a><\/p>\n<\/div>\n<\/div>\n<\/div>\n<\/div>\n<div class=\"boldgrid-section\">\n<div class=\"container-fluid\">\n<div class=\"row\">\n<div class=\"col-md-12 col-xs-12 col-sm-12\">\n<p>&nbsp;<\/p>\n<\/div>\n<\/div>\n<\/div>\n<\/div>\n<p><\/p>","protected":false},"excerpt":{"rendered":"<p>L&rsquo;attrait et le confort d&rsquo;une maison commencent par l&rsquo;ext\u00e9rieur. Une cour bien am\u00e9nag\u00e9e am\u00e9liore la beaut\u00e9 de votre maison. Selon votre go\u00fbt et votre budget, nous pouvons vous fournir des solutions d&rsquo;am\u00e9nagement paysager qui comprennent une all\u00e9e pav\u00e9e en pierre, des fleurs, des arbustes, de l&rsquo;herbe et des caract\u00e9ristiques rocheuses pour donner une sensation unique [&hellip;]<\/p>\n","protected":false},"author":1,"featured_media":0,"parent":0,"menu_order":0,"comment_status":"closed","ping_status":"closed","template":"","meta":{"bgseo_title":"nous pouvons vous fournir des solutions d'am\u00e9nagement paysager","bgseo_description":"Selon votre budget, nous pouvons vous fournir des solutions d'am\u00e9nagement paysager qui comprennent une all\u00e9e pav\u00e9e en pierre, des fleurs, des arbustes,","bgseo_robots_index":"index","bgseo_robots_follow":"follow","om_disable_all_campaigns":false,"_monsterinsights_skip_tracking":false,"_monsterinsights_sitenote_active":false,"_monsterinsights_sitenote_note":"","_monsterinsights_sitenote_category":0,"footnotes":""},"aioseo_notices":[],"_links":{"self":[{"href":"https:\/\/ecoconstructioncameroon.com\/fr\/wp-json\/wp\/v2\/pages\/2015"}],"collection":[{"href":"https:\/\/ecoconstructioncameroon.com\/fr\/wp-json\/wp\/v2\/pages"}],"about":[{"href":"https:\/\/ecoconstructioncameroon.com\/fr\/wp-json\/wp\/v2\/types\/page"}],"author":[{"embeddable":true,"href":"https:\/\/ecoconstructioncameroon.com\/fr\/wp-json\/wp\/v2\/users\/1"}],"replies":[{"embeddable":true,"href":"https:\/\/ecoconstructioncameroon.com\/fr\/wp-json\/wp\/v2\/comments?post=2015"}],"version-history":[{"count":23,"href":"https:\/\/ecoconstructioncameroon.com\/fr\/wp-json\/wp\/v2\/pages\/2015\/revisions"}],"predecessor-version":[{"id":6327,"href":"https:\/\/ecoconstructioncameroon.com\/fr\/wp-json\/wp\/v2\/pages\/2015\/revisions\/6327"}],"wp:attachment":[{"href":"https:\/\/ecoconstructioncameroon.com\/fr\/wp-json\/wp\/v2\/media?parent=2015"}],"curies":[{"name":"wp","href":"https:\/\/api.w.org\/{rel}","templated":true}]}}