{"id":1985,"date":"2017-11-22T15:03:38","date_gmt":"2017-11-22T15:03:38","guid":{"rendered":"http:\/\/ecoconstructioncameroon.com\/?page_id=1985"},"modified":"2018-08-16T05:40:47","modified_gmt":"2018-08-16T05:40:47","slug":"borehole-water-systems","status":"publish","type":"page","link":"https:\/\/ecoconstructioncameroon.com\/fr\/borehole-water-systems\/","title":{"rendered":"Syst\u00e8mes d&rsquo;eau de forage"},"content":{"rendered":"<p><\/p>\n<div class=\"boldgrid-section\">\n<div class=\"container-fluid\">\n<div class=\"row\">\n<div class=\"col-md-7 col-sm-6 col-xs-12\">\n<p class=\"mod-reset\"><img loading=\"lazy\" decoding=\"async\" class=\"wp-image-3518 aligncenter\" src=\"http:\/\/ecoconstructioncameroon.com\/wp-content\/uploads\/2017\/11\/Borehole-water-system2.jpg\" alt=\"eau\" width=\"431\" height=\"692\" srcset=\"https:\/\/ecoconstructioncameroon.com\/wp-content\/uploads\/2017\/11\/Borehole-water-system2.jpg 177w, https:\/\/ecoconstructioncameroon.com\/wp-content\/uploads\/2017\/11\/Borehole-water-system2-112x180.jpg 112w\" sizes=\"(max-width: 431px) 100vw, 431px\" \/><\/p>\n<\/div>\n<div class=\"col-md-5 col-sm-6 col-xs-12\">\n<div class=\"bg-box-cover color1-background-color color-1-text-contrast bg-background-color bg-box\" style=\"padding: 40px 20%;\">\n<h2 class=\"h1 color3-color\" style=\"text-align: center;\">syst\u00e8mes d&rsquo;eau de forage<\/h2>\n<p class=\"\"><span id=\"result_box\" class=\"\" tabindex=\"-1\" lang=\"fr\"><span class=\"\">\u00c0 cause des p\u00e9nuries d&rsquo;eau constantes dans nos villes, les m\u00e9nages ne peuvent plus compter sur l&rsquo;approvisionnement public en eau pour leurs besoins m\u00e9nagers.<\/span><\/span><\/p>\n<p class=\"\"><span class=\"\">L&rsquo;une des fa\u00e7ons dont Eco Construction peut r\u00e9soudre ce probl\u00e8me consiste \u00e0 utiliser une technologie moderne pour forer un trou de forage priv\u00e9 (c&rsquo;est-\u00e0-dire un puits \u00e9troit) sur votre propri\u00e9t\u00e9 qui acc\u00e8de \u00e0 l&rsquo;eau dans les couches profondes sous la terre.<\/span> <span class=\"\">Il est ensuite transport\u00e9 \u00e0 la surface \u00e0 l&rsquo;aide de pompes immerg\u00e9es.<\/span><\/p>\n<p class=\"\"><span class=\"\">L&rsquo;eau peut \u00eatre stock\u00e9e dans un r\u00e9servoir qui est \u00e0 son tour connect\u00e9 au secteur de votre maison pour assurer une alimentation en eau constante.<\/span> <span class=\"\">Il est livr\u00e9 avec un syst\u00e8me de purification pour fournir une eau d&rsquo;excellente qualit\u00e9 pour votre famille.<\/span><\/p>\n<\/div>\n<\/div>\n<\/div>\n<\/div>\n<\/div>\n<div class=\"boldgrid-section\">\n<div class=\"container-fluid\">\n<div class=\"row\">\n<div class=\"col-md-12 col-xs-12 col-sm-12\">\n<p>&nbsp;<\/p>\n<\/div>\n<\/div>\n<\/div>\n<\/div>\n<p><\/p>","protected":false},"excerpt":{"rendered":"<p>syst\u00e8mes d&rsquo;eau de forage \u00c0 cause des p\u00e9nuries d&rsquo;eau constantes dans nos villes, les m\u00e9nages ne peuvent plus compter sur l&rsquo;approvisionnement public en eau pour leurs besoins m\u00e9nagers. L&rsquo;une des fa\u00e7ons dont Eco Construction peut r\u00e9soudre ce probl\u00e8me consiste \u00e0 utiliser une technologie moderne pour forer un trou de forage priv\u00e9 (c&rsquo;est-\u00e0-dire un puits \u00e9troit) [&hellip;]<\/p>\n","protected":false},"author":1,"featured_media":0,"parent":0,"menu_order":0,"comment_status":"closed","ping_status":"closed","template":"","meta":{"bgseo_title":"syst\u00e8mes d'eau de forage : les m\u00e9nages ne peuvent plus ","bgseo_description":"syst\u00e8mes d'eau de forage L'eau dans nos villes cause beaucoup  de p\u00e9nurie, les m\u00e9nages ne peuvent plus compter sur l'approvisionnement public en eau","bgseo_robots_index":"index","bgseo_robots_follow":"follow","om_disable_all_campaigns":false,"_monsterinsights_skip_tracking":false,"_monsterinsights_sitenote_active":false,"_monsterinsights_sitenote_note":"","_monsterinsights_sitenote_category":0,"footnotes":""},"aioseo_notices":[],"_links":{"self":[{"href":"https:\/\/ecoconstructioncameroon.com\/fr\/wp-json\/wp\/v2\/pages\/1985"}],"collection":[{"href":"https:\/\/ecoconstructioncameroon.com\/fr\/wp-json\/wp\/v2\/pages"}],"about":[{"href":"https:\/\/ecoconstructioncameroon.com\/fr\/wp-json\/wp\/v2\/types\/page"}],"author":[{"embeddable":true,"href":"https:\/\/ecoconstructioncameroon.com\/fr\/wp-json\/wp\/v2\/users\/1"}],"replies":[{"embeddable":true,"href":"https:\/\/ecoconstructioncameroon.com\/fr\/wp-json\/wp\/v2\/comments?post=1985"}],"version-history":[{"count":8,"href":"https:\/\/ecoconstructioncameroon.com\/fr\/wp-json\/wp\/v2\/pages\/1985\/revisions"}],"predecessor-version":[{"id":5755,"href":"https:\/\/ecoconstructioncameroon.com\/fr\/wp-json\/wp\/v2\/pages\/1985\/revisions\/5755"}],"wp:attachment":[{"href":"https:\/\/ecoconstructioncameroon.com\/fr\/wp-json\/wp\/v2\/media?parent=1985"}],"curies":[{"name":"wp","href":"https:\/\/api.w.org\/{rel}","templated":true}]}}