{"id":1984,"date":"2017-11-22T15:03:38","date_gmt":"2017-11-22T15:03:38","guid":{"rendered":"http:\/\/ecoconstructioncameroon.com\/?page_id=1984"},"modified":"2017-12-31T17:38:14","modified_gmt":"2017-12-31T17:38:14","slug":"rain-water-harvesting-systems","status":"publish","type":"page","link":"https:\/\/ecoconstructioncameroon.com\/fr\/rain-water-harvesting-systems\/","title":{"rendered":"Syst\u00e8mes de collecte des eaux de pluie"},"content":{"rendered":"<p><\/p>\n<div class=\"boldgrid-section\">\n<div class=\"container\">\n<div class=\"row\" style=\"padding-bottom: 0px; padding-top: 0px;\">\n<div class=\"col-md-4 col-sm-6 col-xs-10 align-column-center\">\n<div class=\"bg-box-cover bg-background-color bg-box\" style=\"padding: 85px 10%; background-color: rgba(255, 255, 255, 0.8); color: #1d1d1d;\">\n<h2 class=\"\" style=\"text-align: center;\"><strong><span id=\"result_box\" class=\"\" tabindex=\"-1\" lang=\"fr\"><span class=\"\">syst\u00e8me de collecte d&rsquo;eau de pluie <\/span><\/span><\/strong><\/h2>\n<div class=\"row bg-editor-hr-wrap\">\n<div class=\"col-md-12 col-xs-12 col-sm-12\">\n<hr>\n<\/div>\n<\/div>\n<p class=\"\"><span id=\"result_box\" class=\"\" tabindex=\"-1\" lang=\"fr\"><span class=\"\">La collecte de l&rsquo;eau de pluie est simplement le processus de collecte et de stockage de la pluie pour une utilisation ult\u00e9rieure.<\/span> <span class=\"\">L&rsquo;eau de pluie qui est capt\u00e9e et stock\u00e9e correctement est une source s\u00fbre, \u00e9conomique et durable d&rsquo;eau de qualit\u00e9.<\/span> <span class=\"\">Eco Construction peut mettre en place pour vous un syst\u00e8me automatique qui comprend un composant de filtration et qui se connecte \u00e0 votre secteur pour servir de source fiable d&rsquo;eau propre pour votre famille.<\/span><\/span><\/p>\n<p class=\"\"><a class=\"btn-color-2 btn btn-uppercase btn-3d btn-regular\" href=\"http:\/\/ecoconstructioncameroon.com\/contact-us\/\">demander un devis <\/a><\/p>\n<\/div>\n<\/div>\n<div class=\"col-md-8 col-sm-6 col-xs-2\">\n<div style=\"text-align: center;\"><\/div>\n<\/div>\n<\/div>\n<\/div>\n<\/div>\n<div class=\"boldgrid-section\">\n<div class=\"container-fluid\">\n<div class=\"row\">\n<div class=\"col-md-12 col-xs-12 col-sm-12\">\n<p>&nbsp;<\/p>\n<\/div>\n<\/div>\n<\/div>\n<\/div>\n<p><\/p>","protected":false},"excerpt":{"rendered":"<p>syst\u00e8me de collecte d&rsquo;eau de pluie La collecte de l&rsquo;eau de pluie est simplement le processus de collecte et de stockage de la pluie pour une utilisation ult\u00e9rieure. L&rsquo;eau de pluie qui est capt\u00e9e et stock\u00e9e correctement est une source s\u00fbre, \u00e9conomique et durable d&rsquo;eau de qualit\u00e9. Eco Construction peut mettre en place pour vous [&hellip;]<\/p>\n","protected":false},"author":1,"featured_media":0,"parent":0,"menu_order":0,"comment_status":"closed","ping_status":"closed","template":"","meta":{"bgseo_title":"","bgseo_description":"","bgseo_robots_index":"index","bgseo_robots_follow":"follow","om_disable_all_campaigns":false,"_monsterinsights_skip_tracking":false,"_monsterinsights_sitenote_active":false,"_monsterinsights_sitenote_note":"","_monsterinsights_sitenote_category":0,"footnotes":""},"aioseo_notices":[],"_links":{"self":[{"href":"https:\/\/ecoconstructioncameroon.com\/fr\/wp-json\/wp\/v2\/pages\/1984"}],"collection":[{"href":"https:\/\/ecoconstructioncameroon.com\/fr\/wp-json\/wp\/v2\/pages"}],"about":[{"href":"https:\/\/ecoconstructioncameroon.com\/fr\/wp-json\/wp\/v2\/types\/page"}],"author":[{"embeddable":true,"href":"https:\/\/ecoconstructioncameroon.com\/fr\/wp-json\/wp\/v2\/users\/1"}],"replies":[{"embeddable":true,"href":"https:\/\/ecoconstructioncameroon.com\/fr\/wp-json\/wp\/v2\/comments?post=1984"}],"version-history":[{"count":8,"href":"https:\/\/ecoconstructioncameroon.com\/fr\/wp-json\/wp\/v2\/pages\/1984\/revisions"}],"predecessor-version":[{"id":4165,"href":"https:\/\/ecoconstructioncameroon.com\/fr\/wp-json\/wp\/v2\/pages\/1984\/revisions\/4165"}],"wp:attachment":[{"href":"https:\/\/ecoconstructioncameroon.com\/fr\/wp-json\/wp\/v2\/media?parent=1984"}],"curies":[{"name":"wp","href":"https:\/\/api.w.org\/{rel}","templated":true}]}}