{"id":1983,"date":"2017-11-22T15:03:38","date_gmt":"2017-11-22T15:03:38","guid":{"rendered":"http:\/\/ecoconstructioncameroon.com\/?page_id=1983"},"modified":"2018-04-06T00:33:08","modified_gmt":"2018-04-06T00:33:08","slug":"solar-solutions","status":"publish","type":"page","link":"https:\/\/ecoconstructioncameroon.com\/fr\/solar-solutions\/","title":{"rendered":"\u00c9clairage solaire"},"content":{"rendered":"<p><\/p>\n<div class=\"boldgrid-section\" style=\"background-image: linear-gradient(to left, #a1ffce, #faffd1);\" data-bg-direction=\"to left\" data-bg-color-2=\"#FAFFD1\" data-bg-color-1=\"#A1FFCE\">\n<div class=\"container-fluid\">\n<div class=\"row\">\n<div class=\"col-md-3 col-sm-12 col-xs-12 text-center align-column-center\">\n<div class=\"bg-box-cover bg-box-flush bg-box\">\n<p class=\"mod-reset\"><img loading=\"lazy\" decoding=\"async\" width=\"225\" height=\"225\" class=\"bg-img alignnone wp-image-3543 size-full\" alt=\"\" src=\"http:\/\/ecoconstructioncameroon.com\/wp-content\/uploads\/2017\/11\/Solar-lighting4.jpg\" data-width=\"500\" data-height=\"700\" srcset=\"https:\/\/ecoconstructioncameroon.com\/wp-content\/uploads\/2017\/11\/Solar-lighting4.jpg 225w, https:\/\/ecoconstructioncameroon.com\/wp-content\/uploads\/2017\/11\/Solar-lighting4-150x150.jpg 150w, https:\/\/ecoconstructioncameroon.com\/wp-content\/uploads\/2017\/11\/Solar-lighting4-48x48.jpg 48w, https:\/\/ecoconstructioncameroon.com\/wp-content\/uploads\/2017\/11\/Solar-lighting4-180x180.jpg 180w\" sizes=\"(max-width: 225px) 100vw, 225px\" \/><\/p>\n<\/div>\n<\/div>\n<div class=\"col-md-6 col-sm-12 col-xs-12 text-center align-column-center\">\n<div class=\"bg-box\" style=\"padding: 20px 20%; text-align: left;\">\n<h2 class=\"h1 color1-color\">SOLUTIONS d&rsquo;\u00e9nergie solaire<\/h2>\n<p><span tabindex=\"-1\" id=\"result_box\" lang=\"fr\">Eco Construction propose des solutions d&rsquo;\u00e9clairage, de chauffage et d&rsquo;eau chaude solaire pour vous lib\u00e9rer du fardeau des factures d&rsquo;\u00e9lectricit\u00e9.<\/span><\/p>\n<p>Prot\u00e9gez-vous des coupures de courant constantes en installant un syst\u00e8me d&rsquo;\u00e9clairage solaire. Nous pouvons vous installer des panneaux et c\u00e2bles solaires pour assurer que votre alimentation est constante et pr\u00e9visible.<\/p>\n<p>De m\u00eame, si vous vivez dans une r\u00e9gion froide et que vous souhaitez profiter de l&rsquo;eau chaude, nous pouvons mettre en place un syst\u00e8me de chauffe-eau solaire pour vous assurer une douche chaude le matin et le soir.<\/p>\n<p><strong>Nos experts en mati\u00e8re solaire vous fourniront un devis selon vos besoins.&nbsp;<\/strong><\/p>\n<\/div>\n<div>\n<p class=\"mod-reset\"><a class=\"btn btn-3d btn-pill btn-color-1\" href=\"http:\/\/ecoconstructioncameroon.com\/contact-us\/\">Demander un devis <\/a><\/p>\n<\/div>\n<\/div>\n<div class=\"col-md-3 col-sm-12 col-xs-12 text-center align-column-center\">\n<div class=\"bg-box-cover bg-box-flush bg-box\">\n<p class=\"mod-reset\"><img loading=\"lazy\" decoding=\"async\" width=\"131\" height=\"183\" class=\"bg-img alignnone wp-image-3542 size-full\" alt=\"\" src=\"http:\/\/ecoconstructioncameroon.com\/wp-content\/uploads\/2017\/11\/72_0_131_183_Solar-lighting5.jpg\" data-width=\"500\" data-height=\"700\"><\/p>\n<\/div>\n<\/div>\n<\/div>\n<\/div>\n<\/div>\n<div class=\"boldgrid-section\">\n<div class=\"container\">\n<div class=\"row\">\n<div class=\"col-md-4 col-xs-4 col-sm-4\">\n<div class=\"bg-box-cover bg-box-flush bg-box\">\n<p class=\"mod-reset\"><img loading=\"lazy\" decoding=\"async\" width=\"225\" height=\"169\" class=\"bg-img wp-image-3541 size-full aligncenter\" alt=\"\" src=\"http:\/\/ecoconstructioncameroon.com\/wp-content\/uploads\/2017\/11\/0_28_225_169_Solar-lighting6.jpg\" data-width=\"400\" data-height=\"300\"><\/p>\n<\/div>\n<\/div>\n<div class=\"col-md-4 col-xs-4 col-sm-4\">\n<div class=\"bg-box-cover bg-box-flush bg-box\">\n<p class=\"mod-reset\"><img loading=\"lazy\" decoding=\"async\" width=\"400\" height=\"299\" class=\"bg-img wp-image-3540 size-medium aligncenter\" alt=\"\" src=\"http:\/\/ecoconstructioncameroon.com\/wp-content\/uploads\/2017\/11\/0_16_400_299.872286079_Solar-lighting.png\" data-width=\"400\" data-height=\"300\"><\/p>\n<\/div>\n<\/div>\n<div class=\"col-md-4 col-xs-4 col-sm-4\">\n<div class=\"bg-box-cover bg-box-flush bg-box\">\n<p class=\"mod-reset\"><img loading=\"lazy\" decoding=\"async\" width=\"225\" height=\"169\" class=\"bg-img wp-image-3539 size-full aligncenter\" alt=\"\" src=\"http:\/\/ecoconstructioncameroon.com\/wp-content\/uploads\/2017\/11\/0_28_225_169_Solar-lighting2.jpg\" data-width=\"400\" data-height=\"300\"><\/p>\n<\/div>\n<\/div>\n<\/div>\n<div class=\"row\">\n<div class=\"col-md-4 col-xs-4 col-sm-4\">\n<div class=\"bg-box-cover bg-box-flush bg-box\">\n<p class=\"mod-reset\"><img loading=\"lazy\" decoding=\"async\" width=\"225\" height=\"169\" class=\"bg-img wp-image-3538 size-full aligncenter\" alt=\"\" src=\"http:\/\/ecoconstructioncameroon.com\/wp-content\/uploads\/2017\/11\/0_28_225_169_Solar-lighting3.jpg\" data-width=\"400\" data-height=\"300\"><\/p>\n<\/div>\n<\/div>\n<div class=\"col-md-4 col-xs-4 col-sm-4\">\n<div class=\"bg-box-cover bg-box-flush bg-box\">\n<p class=\"mod-reset\"><img loading=\"lazy\" decoding=\"async\" width=\"250\" height=\"187\" class=\"bg-img wp-image-3545 size-full aligncenter\" alt=\"\" src=\"http:\/\/ecoconstructioncameroon.com\/wp-content\/uploads\/2017\/11\/10_0_250_187_Solar-water-heater.jpg\" data-width=\"400\" data-height=\"300\"><\/p>\n<\/div>\n<\/div>\n<div class=\"col-md-4 col-xs-4 col-sm-4\">\n<div class=\"bg-box-cover bg-box-flush bg-box\">\n<p class=\"mod-reset\"><img loading=\"lazy\" decoding=\"async\" width=\"244\" height=\"183\" class=\"bg-img wp-image-3544 size-full aligncenter\" alt=\"\" src=\"http:\/\/ecoconstructioncameroon.com\/wp-content\/uploads\/2017\/11\/16_0_244_183_Solar-water-heater2.jpg\" data-width=\"400\" data-height=\"300\"><\/p>\n<\/div>\n<\/div>\n<\/div>\n<\/div>\n<\/div>\n<div class=\"boldgrid-section\">\n<div class=\"container-fluid\">\n<div class=\"row\">\n<div class=\"col-md-12 col-xs-12 col-sm-12\">\n<p>&nbsp;<\/p>\n<\/div>\n<\/div>\n<\/div>\n<\/div>\n<p><\/p>","protected":false},"excerpt":{"rendered":"<p>SOLUTIONS d&rsquo;\u00e9nergie solaire Eco Construction propose des solutions d&rsquo;\u00e9clairage, de chauffage et d&rsquo;eau chaude solaire pour vous lib\u00e9rer du fardeau des factures d&rsquo;\u00e9lectricit\u00e9. Prot\u00e9gez-vous des coupures de courant constantes en installant un syst\u00e8me d&rsquo;\u00e9clairage solaire. Nous pouvons vous installer des panneaux et c\u00e2bles solaires pour assurer que votre alimentation est constante et pr\u00e9visible. De m\u00eame, [&hellip;]<\/p>\n","protected":false},"author":1,"featured_media":0,"parent":0,"menu_order":0,"comment_status":"closed","ping_status":"closed","template":"","meta":{"bgseo_title":"","bgseo_description":"","bgseo_robots_index":"index","bgseo_robots_follow":"follow","om_disable_all_campaigns":false,"_monsterinsights_skip_tracking":false,"_monsterinsights_sitenote_active":false,"_monsterinsights_sitenote_note":"","_monsterinsights_sitenote_category":0,"footnotes":""},"aioseo_notices":[],"_links":{"self":[{"href":"https:\/\/ecoconstructioncameroon.com\/fr\/wp-json\/wp\/v2\/pages\/1983"}],"collection":[{"href":"https:\/\/ecoconstructioncameroon.com\/fr\/wp-json\/wp\/v2\/pages"}],"about":[{"href":"https:\/\/ecoconstructioncameroon.com\/fr\/wp-json\/wp\/v2\/types\/page"}],"author":[{"embeddable":true,"href":"https:\/\/ecoconstructioncameroon.com\/fr\/wp-json\/wp\/v2\/users\/1"}],"replies":[{"embeddable":true,"href":"https:\/\/ecoconstructioncameroon.com\/fr\/wp-json\/wp\/v2\/comments?post=1983"}],"version-history":[{"count":15,"href":"https:\/\/ecoconstructioncameroon.com\/fr\/wp-json\/wp\/v2\/pages\/1983\/revisions"}],"predecessor-version":[{"id":5492,"href":"https:\/\/ecoconstructioncameroon.com\/fr\/wp-json\/wp\/v2\/pages\/1983\/revisions\/5492"}],"wp:attachment":[{"href":"https:\/\/ecoconstructioncameroon.com\/fr\/wp-json\/wp\/v2\/media?parent=1983"}],"curies":[{"name":"wp","href":"https:\/\/api.w.org\/{rel}","templated":true}]}}