{"id":1982,"date":"2017-11-22T15:03:38","date_gmt":"2017-11-22T15:03:38","guid":{"rendered":"http:\/\/ecoconstructioncameroon.com\/?page_id=1982"},"modified":"2018-07-28T20:37:53","modified_gmt":"2018-07-28T20:37:53","slug":"fences","status":"publish","type":"page","link":"https:\/\/ecoconstructioncameroon.com\/fr\/fences\/","title":{"rendered":"Cl\u00f4tures"},"content":{"rendered":"<p><\/p>\n<div class=\"boldgrid-section\" style=\"background-image: linear-gradient(to left, #a1ffce, #faffd1);\" data-bg-direction=\"to left\" data-bg-color-2=\"#FAFFD1\" data-bg-color-1=\"#A1FFCE\">\n<div class=\"container-fluid\">\n<div class=\"row\">\n<div class=\"col-md-3 col-sm-3 col-xs-6 text-center align-column-center\">\n<div class=\"bg-box\" style=\"padding: 2em; text-align: left;\">\n<h3 class=\"color1-color\"><strong>AVANTAGES<\/strong><\/h3>\n<p class=\"\"><span id=\"result_box\" tabindex=\"-1\" lang=\"fr\">Outre la valeur de s\u00e9curit\u00e9 \u00e9vidente&nbsp; d&rsquo;une cl\u00f4ture, une bonne cl\u00f4ture pr\u00e9serve \u00e9galement l&rsquo;intimit\u00e9, embellit le paysage, pr\u00e9sente un meilleur attrait ext\u00e9rieur et augmente la valeur de votre propri\u00e9t\u00e9.<\/span><\/p>\n<\/div>\n<\/div>\n<div class=\"col-md-3 col-sm-3 col-xs-6 align-column-center\">\n<div class=\"bg-box-cover bg-box-flush bg-box\">\n<p class=\"mod-reset\"><img loading=\"lazy\" decoding=\"async\" class=\"bg-img alignnone wp-image-3589 size-medium\" src=\"http:\/\/ecoconstructioncameroon.com\/wp-content\/uploads\/2017\/11\/38_0_225_225_Fence-300x225.png\" alt=\"cl\u00f4ture\" data-width=\"400\" data-height=\"400\" width=\"225\" height=\"225\" srcset=\"https:\/\/ecoconstructioncameroon.com\/wp-content\/uploads\/2017\/11\/38_0_225_225_Fence-300x225.png 225w, https:\/\/ecoconstructioncameroon.com\/wp-content\/uploads\/2017\/11\/Fence-150x150.png 150w, https:\/\/ecoconstructioncameroon.com\/wp-content\/uploads\/2017\/11\/Fence-48x48.png 48w\" sizes=\"(max-width: 225px) 100vw, 225px\" \/><\/p>\n<\/div>\n<\/div>\n<div class=\"col-md-3 col-sm-3 col-xs-6 text-center align-column-center\">\n<div class=\"bg-box\" style=\"padding: 2em;\">\n<h3>&nbsp;<\/h3>\n<p>&nbsp;<\/p>\n<p class=\"\" style=\"text-align: left;\"><span id=\"result_box\" tabindex=\"-1\" lang=\"fr\">Une cl\u00f4ture Eco faite de blocs de terre stabilis\u00e9e vous co\u00fbtera une fraction de ce qu&rsquo;une cl\u00f4ture similaire faite de parpaings aurait co\u00fbt\u00e9. Vous pouvez ainsi \u00eatre s\u00fbr d&rsquo;\u00e9conomiser des millions de francs CFA tout au cours du processus de construction<\/span>.<\/p>\n<\/div>\n<\/div>\n<div class=\"col-md-3 col-sm-3 col-xs-6 align-column-center\">\n<div class=\"bg-box-cover bg-box-flush bg-box\">\n<p class=\"mod-reset\"><img loading=\"lazy\" decoding=\"async\" class=\"bg-img alignnone wp-image-3590 size-medium\" src=\"http:\/\/ecoconstructioncameroon.com\/wp-content\/uploads\/2017\/11\/60_0_360_360_High-fence.png\" alt=\"\" data-width=\"400\" data-height=\"400\" width=\"360\" height=\"360\" srcset=\"https:\/\/ecoconstructioncameroon.com\/wp-content\/uploads\/2017\/11\/60_0_360_360_High-fence.png 360w, https:\/\/ecoconstructioncameroon.com\/wp-content\/uploads\/2017\/11\/High-fence-150x150.png 150w, https:\/\/ecoconstructioncameroon.com\/wp-content\/uploads\/2017\/11\/High-fence-48x48.png 48w, https:\/\/ecoconstructioncameroon.com\/wp-content\/uploads\/2017\/11\/High-fence-300x300.png 300w\" sizes=\"(max-width: 360px) 100vw, 360px\" \/><\/p>\n<\/div>\n<\/div>\n<\/div>\n<div class=\"row\">\n<div class=\"col-md-3 col-sm-3 col-xs-6 align-column-center\">\n<div class=\"bg-box-cover bg-box-flush bg-box\">\n<p class=\"mod-reset\"><img loading=\"lazy\" decoding=\"async\" class=\"bg-img alignnone wp-image-3592 size-medium\" src=\"http:\/\/ecoconstructioncameroon.com\/wp-content\/uploads\/2017\/11\/93_0_400_400_329a5d6b2e36653f474d414334ff5144-yard-fencing-wood-fences.jpg\" alt=\"\" data-width=\"400\" data-height=\"400\" width=\"400\" height=\"400\" srcset=\"https:\/\/ecoconstructioncameroon.com\/wp-content\/uploads\/2017\/11\/93_0_400_400_329a5d6b2e36653f474d414334ff5144-yard-fencing-wood-fences.jpg 400w, https:\/\/ecoconstructioncameroon.com\/wp-content\/uploads\/2017\/11\/329a5d6b2e36653f474d414334ff5144-yard-fencing-wood-fences-150x150.jpg 150w, https:\/\/ecoconstructioncameroon.com\/wp-content\/uploads\/2017\/11\/329a5d6b2e36653f474d414334ff5144-yard-fencing-wood-fences-48x48.jpg 48w, https:\/\/ecoconstructioncameroon.com\/wp-content\/uploads\/2017\/11\/329a5d6b2e36653f474d414334ff5144-yard-fencing-wood-fences-300x300.jpg 300w\" sizes=\"(max-width: 400px) 100vw, 400px\" \/><\/p>\n<\/div>\n<\/div>\n<div class=\"col-md-3 col-sm-3 col-xs-6 text-center align-column-center\">\n<div class=\"bg-box\" style=\"padding: 2em;\">\n<h3 class=\"color1-color\"><strong>CHOIX DE designs<\/strong><\/h3>\n<p><span id=\"result_box\" tabindex=\"-1\" lang=\"fr\">Nous proposons plusieurs designs et trois options de finition : standard, haut de gamme et luxe<\/span>.<\/p>\n<\/div>\n<\/div>\n<div class=\"col-md-3 col-sm-3 col-xs-6 align-column-center\">\n<div class=\"bg-box-cover bg-box-flush bg-box\">\n<p class=\"mod-reset\"><img loading=\"lazy\" decoding=\"async\" class=\"bg-img alignnone wp-image-3593 size-medium\" src=\"http:\/\/ecoconstructioncameroon.com\/wp-content\/uploads\/2017\/11\/50_0_249_249_Brick-Fence-1.png\" alt=\"\" data-width=\"400\" data-height=\"400\" width=\"249\" height=\"249\" srcset=\"https:\/\/ecoconstructioncameroon.com\/wp-content\/uploads\/2017\/11\/50_0_249_249_Brick-Fence-1.png 249w, https:\/\/ecoconstructioncameroon.com\/wp-content\/uploads\/2017\/11\/Brick-Fence-1-150x150.png 150w, https:\/\/ecoconstructioncameroon.com\/wp-content\/uploads\/2017\/11\/Brick-Fence-1-48x48.png 48w\" sizes=\"(max-width: 249px) 100vw, 249px\" \/><\/p>\n<\/div>\n<\/div>\n<div class=\"col-md-3 col-sm-3 col-xs-6 text-center align-column-center\">\n<div class=\"bg-box\" style=\"padding: 2em;\">\n<p style=\"text-align: left;\"><span id=\"result_box\" tabindex=\"-1\" lang=\"fr\">Le prix final de votre cl\u00f4ture d\u00e9pendra de la nature du terrain, du p\u00e9rim\u00e8tre de la propri\u00e9t\u00e9 \u00e0 cl\u00f4turer et de la finition choisie.<\/span><\/p>\n<\/div>\n<\/div>\n<\/div>\n<\/div>\n<\/div>\n<div class=\"boldgrid-section\" style=\"background-color: #ddd;\">\n<div class=\"container\">\n<div class=\"row\" style=\"padding-top: 20px; padding-bottom: 20px;\">\n<div class=\"col-md-12 col-xs-12 col-sm-12\">\n<p class=\"mod-reset\" style=\"text-align: center;\"><a class=\"btn btn-3d btn-pill btn-color-1\" href=\"http:\/\/ecoconstructioncameroon.com\/contact-us\/\">Demander un devis&nbsp; <\/a><\/p>\n<\/div>\n<\/div>\n<\/div>\n<\/div>\n<div class=\"boldgrid-section\" style=\"background-color: #ddd;\">\n<div class=\"container\">\n<div class=\"row\" style=\"padding-top: 20px; padding-bottom: 20px;\">\n<div class=\"col-md-12 col-xs-12 col-sm-12\"><\/div>\n<\/div>\n<\/div>\n<\/div>\n<div class=\"boldgrid-section\" style=\"background-color: #ddd;\">\n<div class=\"container\">\n<div class=\"row\" style=\"padding-top: 20px; padding-bottom: 20px;\">\n<div class=\"col-md-12 col-xs-12 col-sm-12\"><\/div>\n<\/div>\n<\/div>\n<\/div>\n<div class=\"boldgrid-section\">\n<div class=\"container-fluid\">\n<div class=\"row\">\n<div class=\"col-md-12 col-xs-12 col-sm-12\">\n<p class=\"\">&nbsp;<\/p>\n<\/div>\n<\/div>\n<\/div>\n<\/div>\n<p><\/p>","protected":false},"excerpt":{"rendered":"<p>AVANTAGES Outre la valeur de s\u00e9curit\u00e9 \u00e9vidente&nbsp; d&rsquo;une cl\u00f4ture, une bonne cl\u00f4ture pr\u00e9serve \u00e9galement l&rsquo;intimit\u00e9, embellit le paysage, pr\u00e9sente un meilleur attrait ext\u00e9rieur et augmente la valeur de votre propri\u00e9t\u00e9. &nbsp; &nbsp; Une cl\u00f4ture Eco faite de blocs de terre stabilis\u00e9e vous co\u00fbtera une fraction de ce qu&rsquo;une cl\u00f4ture similaire faite de parpaings aurait co\u00fbt\u00e9. [&hellip;]<\/p>\n","protected":false},"author":1,"featured_media":0,"parent":0,"menu_order":0,"comment_status":"closed","ping_status":"closed","template":"","meta":{"bgseo_title":"Les cl\u00f4tures Eco sont faites de blocs de terre stabilis\u00e9e","bgseo_description":"Outre la valeur de s\u00e9curit\u00e9 \u00e9vidente  des cl\u00f4tures, une bonne cl\u00f4ture pr\u00e9serve \u00e9galement l'intimit\u00e9, embellit le paysage, pr\u00e9sente un meilleur attrait exter","bgseo_robots_index":"index","bgseo_robots_follow":"follow","om_disable_all_campaigns":false,"_monsterinsights_skip_tracking":false,"_monsterinsights_sitenote_active":false,"_monsterinsights_sitenote_note":"","_monsterinsights_sitenote_category":0,"footnotes":""},"aioseo_notices":[],"_links":{"self":[{"href":"https:\/\/ecoconstructioncameroon.com\/fr\/wp-json\/wp\/v2\/pages\/1982"}],"collection":[{"href":"https:\/\/ecoconstructioncameroon.com\/fr\/wp-json\/wp\/v2\/pages"}],"about":[{"href":"https:\/\/ecoconstructioncameroon.com\/fr\/wp-json\/wp\/v2\/types\/page"}],"author":[{"embeddable":true,"href":"https:\/\/ecoconstructioncameroon.com\/fr\/wp-json\/wp\/v2\/users\/1"}],"replies":[{"embeddable":true,"href":"https:\/\/ecoconstructioncameroon.com\/fr\/wp-json\/wp\/v2\/comments?post=1982"}],"version-history":[{"count":26,"href":"https:\/\/ecoconstructioncameroon.com\/fr\/wp-json\/wp\/v2\/pages\/1982\/revisions"}],"predecessor-version":[{"id":5710,"href":"https:\/\/ecoconstructioncameroon.com\/fr\/wp-json\/wp\/v2\/pages\/1982\/revisions\/5710"}],"wp:attachment":[{"href":"https:\/\/ecoconstructioncameroon.com\/fr\/wp-json\/wp\/v2\/media?parent=1982"}],"curies":[{"name":"wp","href":"https:\/\/api.w.org\/{rel}","templated":true}]}}