{"id":13,"date":"2017-07-22T19:13:57","date_gmt":"2017-07-22T19:13:57","guid":{"rendered":"http:\/\/ecoconstructioncameroon.com\/about-us\/"},"modified":"2018-08-01T03:40:58","modified_gmt":"2018-08-01T03:40:58","slug":"about-us","status":"publish","type":"page","link":"https:\/\/ecoconstructioncameroon.com\/fr\/about-us\/","title":{"rendered":"Qui nous sommes. Notre raison d&rsquo;\u00eatre."},"content":{"rendered":"<p><\/p>\n<div class=\"boldgrid-section\">\n<div class=\"container-fluid\">\n<div class=\"row\">\n<div class=\"col-md-12 col-xs-12 col-sm-12\">\n<p>&nbsp;<\/p>\n<\/div>\n<\/div>\n<\/div>\n<\/div>\n<div class=\"boldgrid-section\">\n<div class=\"container-fluid\">\n<div class=\"row\">\n<div class=\"col-md-1 col-sm-2 col-xs-12\"><\/div>\n<div class=\"col-md-4 col-sm-6 col-xs-12 text-center\">\n<div class=\"bg-box-cover color2-background-color color-2-text-contrast bg-background-color bg-box\" style=\"margin-left: -35px; margin-top: -35px; padding: 3em; box-shadow: 1px 4px 5px 0px rgba(0, 0, 0, 0.75);\">\n<h2 class=\"\" style=\"text-transform: uppercase; margin-top: 10px; margin-bottom: 10px;\">qui nous sommes<\/h2>\n<div class=\"row bg-editor-hr-wrap\">\n<div class=\"col-md-12 col-xs-12 col-sm-12\">\n<hr class=\"bg-hr-7 color1-color bg-hr\" width=\"80%\">\n<\/div>\n<\/div>\n<\/div>\n<\/div>\n<div class=\"col-md-7 col-sm-4 col-xs-12\"><\/div>\n<\/div>\n<div class=\"row\" style=\"padding-bottom: 50px;\">\n<div class=\"col-md-2 col-xs-12 col-sm-2\">\n<div class=\"bg-box-flush bg-box-cover bg-box\">\n<p class=\"mod-reset\"><img loading=\"lazy\" decoding=\"async\" class=\"bg-img alignnone wp-image-3540 size-medium\" style=\"margin-top: -20px; box-shadow: 1px 4px 5px 0px rgba(0,0,0,0.75);\" src=\"http:\/\/ecoconstructioncameroon.com\/wp-content\/uploads\/2017\/11\/37_0_400_349.479940565_Solar-lighting.png\" alt=\"\" data-width=\"400\" data-height=\"350\" width=\"400\" height=\"349\"><\/p>\n<\/div>\n<\/div>\n<div class=\"col-md-5 col-sm-5 col-xs-9\">\n<div class=\"color2-background-color color-2-text-contrast bg-background-color bg-box\" style=\"margin-top: 35px; margin-left: -35px; margin-right: -35px; padding: 3em; box-shadow: 1px 4px 5px 0px rgba(0,0,0,0.75); z-index: 1; position: relative;\">\n<p class=\"\">Eco Construction Cameroon est une soci\u00e9t\u00e9 priv\u00e9e qui a pour mission la construction de logements abordables.<\/p>\n<p class=\"\"><span id=\"result_box\" tabindex=\"-1\" lang=\"fr\">Nous adoptons une approche \u00e9cologique de la construction en utilisant la terre, ce qui garantit de tr\u00e8s bons prix pour nos clients.<\/span><\/p>\n<p class=\"\">Nous proposons \u00e9galement une large gamme de produits respectueux de l&rsquo;environnement pour compl\u00e9ter notre produit phare : cl\u00f4tures, syst\u00e8mes d&rsquo;eau de forage, syst\u00e8mes d&rsquo;\u00e9clairage solaire, syst\u00e8mes de collecte d&rsquo;eau de pluie, ainsi que des services d&rsquo;am\u00e9nagement paysager.<\/p>\n<div class=\"row bg-editor-hr-wrap\">\n<div class=\"col-md-12 col-xs-12 col-sm-12\">\n<hr class=\"bg-hr-7 color1-color bg-hr\">\n<\/div>\n<\/div>\n<\/div>\n<\/div>\n<div class=\"col-md-5 col-xs-3 col-sm-5\">\n<div class=\"bg-box-flush bg-box\" style=\"margin-top: -100px; margin-right: -35px; margin-left: -15px;\">\n<p class=\"mod-reset\"><img loading=\"lazy\" decoding=\"async\" class=\"bg-img alignnone wp-image-506 size-medium\" style=\"margin-top: 35px; box-shadow: 1px 4px 5px 0px rgba(0,0,0,0.75);\" src=\"http:\/\/ecoconstructioncameroon.com\/wp-content\/uploads\/2017\/07\/0_23_727_427_image4.png\" alt=\"\" data-width=\"850\" data-height=\"500\" width=\"727\" height=\"427\"><\/p>\n<\/div>\n<\/div>\n<\/div>\n<\/div>\n<\/div>\n<div class=\"boldgrid-section\">\n<div class=\"container-fluid\">\n<div class=\"row\">\n<div class=\"col-md-1 col-sm-2 col-xs-12\"><\/div>\n<div class=\"col-md-4 col-sm-6 col-xs-12 text-center\">\n<div class=\"bg-box-cover color1-background-color color-1-text-contrast bg-background-color bg-box\" style=\"margin-left: -35px; margin-top: -35px; padding: 3em; box-shadow: 1px 4px 5px 0px rgba(0, 0, 0, 0.75);\">\n<h2 style=\"text-transform: uppercase; margin-top: 10px; margin-bottom: 10px;\">notre raison d&rsquo;\u00eatre<\/h2>\n<div class=\"row bg-editor-hr-wrap\">\n<div class=\"col-md-12 col-xs-12 col-sm-12\">\n<hr class=\"bg-hr-7 color3-color bg-hr\" width=\"80%\">\n<\/div>\n<\/div>\n<\/div>\n<\/div>\n<div class=\"col-md-7 col-sm-4 col-xs-12\"><\/div>\n<\/div>\n<div class=\"row\" style=\"padding-bottom: 50px;\">\n<div class=\"col-md-2 col-xs-12 col-sm-2\">\n<div class=\"bg-box-flush bg-box-cover bg-box\">\n<p class=\"mod-reset\"><img loading=\"lazy\" decoding=\"async\" class=\"bg-img alignnone wp-image-3538 size-full\" style=\"margin-top: -20px; box-shadow: 1px 4px 5px 0px rgba(0,0,0,0.75);\" src=\"http:\/\/ecoconstructioncameroon.com\/wp-content\/uploads\/2017\/11\/0_14_225_197_Solar-lighting3.jpg\" alt=\"\" data-width=\"400\" data-height=\"350\" width=\"225\" height=\"197\"><\/p>\n<\/div>\n<\/div>\n<div class=\"col-md-5 col-sm-5 col-xs-9\">\n<div class=\"color1-background-color color-1-text-contrast bg-background-color bg-box\" style=\"margin-top: 35px; margin-left: -35px; margin-right: -35px; padding: 3em; box-shadow: 1px 4px 5px 0px rgba(0,0,0,0.75); z-index: 1; position: relative;\">\n<p>Nous construisons des maisons.&nbsp;Face \u00e0 la p\u00e9nurie de logements \u00e9vidente au Cameroun, Eco Construction a con\u00e7u une solution unique pour surmonter le double d\u00e9fi du manque de financement et du besoin de logements abordables en utilisant la terre, une technique de construction qui h\u00e9berge des milliards de personnes dans le monde depuis les ann\u00e9es 50!&nbsp;<\/p>\n<p>G\u00e9n\u00e9ralement, nous construisons avec des blocs de terre; toutefois, si vous le demandez, nous pouvons r\u00e9aliser votre projet avec des parpaings avec plaisir.<\/p>\n<p class=\"\">Si vous avez un terrain et que vous souhaitez construire, nous facilitons le processus en vous pr\u00e9sentant diff\u00e9rents plans de maison \u00e0 choisir. Nous offrons des plans pour des maisons de deux, trois et quatre chambres. Vous s\u00e9lectionnez \u00e9galement la qualit\u00e9 de la maison que vous souhaitez. Nous offrons 3 cat\u00e9gories de maisons: standard, haut de gamme et de luxe. Nous avons des prix standards bas\u00e9s sur la grandeur de la maison et le niveau de qualit\u00e9 que vous d\u00e9sirez. En fonction de votre choix, nous construirons votre maison pour vous &#8211; de la fondation \u00e0 la finition &#8211; et vous remettrons les cl\u00e9s. C&rsquo;est si simple.<\/p>\n<div class=\"mod-space\">Que vous optez pour nos produits \u00e0 base de terre ou pour les&nbsp; parpaings, nos prix sont inf\u00e9rieurs de plusieurs millions de francs \u00e0 ce qu&rsquo;il vous en co\u00fbterait pour construire votre maison vous-m\u00eame, ou par le biais d&rsquo;un entrepreneur.<\/div>\n<div><\/div>\n<div><\/div>\n<p>..<\/p>\n<\/div>\n<\/div>\n<div class=\"col-md-5 col-xs-3 col-sm-5\">\n<div class=\"bg-box-flush bg-box\" style=\"margin-top: -100px; margin-right: -35px; margin-left: -15px;\">\n<p class=\"mod-reset\"><img loading=\"lazy\" decoding=\"async\" class=\"bg-img alignnone wp-image-2050 size-medium\" style=\"margin-top: 35px; box-shadow: 1px 4px 5px 0px rgba(0,0,0,0.75);\" src=\"http:\/\/ecoconstructioncameroon.com\/wp-content\/uploads\/2017\/07\/35_0_272_160_construction-in-progress-showing-blocks.png\" alt=\"\" data-width=\"850\" data-height=\"500\" width=\"272\" height=\"160\"><\/p>\n<\/div>\n<\/div>\n<\/div>\n<\/div>\n<\/div>\n<div class=\"boldgrid-section\">\n<div class=\"container\"><\/div>\n<\/div>\n<p><\/p>","protected":false},"excerpt":{"rendered":"<p>&nbsp; qui nous sommes Eco Construction Cameroon est une soci\u00e9t\u00e9 priv\u00e9e qui a pour mission la construction de logements abordables. Nous adoptons une approche \u00e9cologique de la construction en utilisant la terre, ce qui garantit de tr\u00e8s bons prix pour nos clients. Nous proposons \u00e9galement une large gamme de produits respectueux de l&rsquo;environnement pour compl\u00e9ter [&hellip;]<\/p>\n","protected":false},"author":1,"featured_media":0,"parent":0,"menu_order":0,"comment_status":"closed","ping_status":"closed","template":"","meta":{"bgseo_title":"qui nous sommes :Eco Construction Cameroon est une soci\u00e9t\u00e9 priv\u00e9e","bgseo_description":"qui nous sommes : Eco Construction Cameroon est une soci\u00e9t\u00e9 priv\u00e9e qui a pour mission la construction de logements abordables. Nous adoptons une approche ..","bgseo_robots_index":"index","bgseo_robots_follow":"follow","om_disable_all_campaigns":false,"_monsterinsights_skip_tracking":false,"_monsterinsights_sitenote_active":false,"_monsterinsights_sitenote_note":"","_monsterinsights_sitenote_category":0,"footnotes":""},"aioseo_notices":[],"_links":{"self":[{"href":"https:\/\/ecoconstructioncameroon.com\/fr\/wp-json\/wp\/v2\/pages\/13"}],"collection":[{"href":"https:\/\/ecoconstructioncameroon.com\/fr\/wp-json\/wp\/v2\/pages"}],"about":[{"href":"https:\/\/ecoconstructioncameroon.com\/fr\/wp-json\/wp\/v2\/types\/page"}],"author":[{"embeddable":true,"href":"https:\/\/ecoconstructioncameroon.com\/fr\/wp-json\/wp\/v2\/users\/1"}],"replies":[{"embeddable":true,"href":"https:\/\/ecoconstructioncameroon.com\/fr\/wp-json\/wp\/v2\/comments?post=13"}],"version-history":[{"count":39,"href":"https:\/\/ecoconstructioncameroon.com\/fr\/wp-json\/wp\/v2\/pages\/13\/revisions"}],"predecessor-version":[{"id":5716,"href":"https:\/\/ecoconstructioncameroon.com\/fr\/wp-json\/wp\/v2\/pages\/13\/revisions\/5716"}],"wp:attachment":[{"href":"https:\/\/ecoconstructioncameroon.com\/fr\/wp-json\/wp\/v2\/media?parent=13"}],"curies":[{"name":"wp","href":"https:\/\/api.w.org\/{rel}","templated":true}]}}