{"id":70,"date":"2017-10-13T15:47:48","date_gmt":"2017-10-13T15:47:48","guid":{"rendered":"http:\/\/ecoconstructioncameroon.com\/?page_id=70"},"modified":"2018-12-30T20:11:45","modified_gmt":"2018-12-30T20:11:45","slug":"vision-mission-values","status":"publish","type":"page","link":"https:\/\/ecoconstructioncameroon.com\/en\/vision-mission-values\/","title":{"rendered":"Vision, Mission, Values"},"content":{"rendered":"<p><\/p>\n<div class=\"tmpl-testimonial-2 boldgrid-section dynamic-gridblock\" style=\"background-image: linear-gradient(to left, #c2e59c, #64b3f4);\" data-bg-color-1=\"#c2e59c\" data-bg-color-2=\"#64b3f4\" data-bg-direction=\"to left\">\n<div class=\"container\">\n<div class=\"row\" style=\"padding-top: 40px;\">\n<div class=\"col-md-12 col-sm-12 col-xs-12 text-center\">\n<h2 class=\"\"><\/h2>\n<\/div>\n<\/div>\n<div class=\"row\" style=\"padding-top: 20px; padding-bottom: 20px;\">\n<div class=\"col-md-1 col-sm-1 col-xs-12\"><\/div>\n<div class=\"col-md-2 col-sm-4 col-xs-12 text-center align-column-center\">\n<h3 class=\"mod-reset\"><strong>VISION<\/strong><\/h3>\n<\/div>\n<div class=\"col-md-8 col-sm-6 col-xs-12\">\n<div class=\"color-neutral-background-color color-neutral-text-contrast bg-background-color bg-box\">Eco Construction is the catalyst through which every Cameroonian can have access to decent, affordable modern housing.<\/div>\n<\/div>\n<div class=\"col-md-1 col-sm-1 col-xs-12\"><\/div>\n<\/div>\n<div class=\"row\" style=\"padding-top: 20px; padding-bottom: 20px;\">\n<div class=\"col-md-1 col-sm-1 col-xs-12\"><\/div>\n<div class=\"col-md-2 col-sm-4 col-xs-12 text-center align-column-center\">\n<h3 class=\"mod-reset\"><strong>MISSION<\/strong><\/h3>\n<\/div>\n<div class=\"col-md-8 col-sm-6 col-xs-12\">\n<div class=\"color-neutral-background-color color-neutral-text-contrast bg-background-color bg-box\">\n<p class=\"\">We aim to provide access to modern housing for all Cameroonians by:<\/p>\n<ul class=\"\">\n<li>educating potential clients on the benefits of using earth in construction.<\/li>\n<li>building affordable, modern housing using local materials.<\/li>\n<li>providing financing, where possible, in order to increase access to such housing.<\/li>\n<li>completing our projects in record time to ensure that clients start enjoying their investments as soon as possible.<\/li>\n<\/ul>\n<\/div>\n<\/div>\n<div class=\"col-md-1 col-sm-1 col-xs-12\"><\/div>\n<\/div>\n<div class=\"row\" style=\"padding-top: 20px; padding-bottom: 20px;\">\n<div class=\"col-md-1 col-sm-1 col-xs-12\"><\/div>\n<div class=\"col-md-2 col-sm-4 col-xs-12 text-center align-column-center\">\n<h3 class=\"mod-reset\"><strong>VALUES<\/strong><\/h3>\n<\/div>\n<div class=\"col-md-8 col-sm-6 col-xs-12\">\n<div class=\"color-neutral-background-color color-neutral-text-contrast bg-background-color bg-box\">\n<p>Our values reflect who we are and what we stand for as a company.<\/p>\n<ul class=\"\">\n<li><strong>H<\/strong><strong>onesty:<\/strong>\u00a0We exhibit total honesty in everything we do. We do not promise anything we cannot\u00a0deliver. Our word is as good as gold.<\/li>\n<li><strong>Respect:<\/strong>\u00a0In our daily interactions, we show utmost respect to all our stakeholders and, especially, to our clients. As a result, we do not take them for granted: we keep them constantly informed and value their opinion.<\/li>\n<li><strong>D<\/strong><strong>iligence: <\/strong>\u00a0We carry out our projects with care, caution and keen attention to detail to\u00a0ensure total client satisfaction.<\/li>\n<li><strong>Transparency:<\/strong> Our total transparency in all we do ensures that, at any\u00a0given time, the client understands what we are doing and why.<\/li>\n<li><strong>Integrity:\u00a0<\/strong>We earn the trust of all our clients, suppliers and employees through the integrity we demonstrate in everything we do.<\/li>\n<li><strong>Teamwork:\u00a0<\/strong>The teamwork we foster among our employees ensures that we work together to generate quality for the client and value for our corporate brand.<\/li>\n<\/ul>\n<\/div>\n<\/div>\n<div class=\"col-md-1 col-sm-1 col-xs-12\"><\/div>\n<\/div>\n<\/div>\n<\/div>\n<div class=\"boldgrid-section\">\n<div class=\"container\">\n<div class=\"row\"><\/div>\n<\/div>\n<\/div>\n<p><\/p>","protected":false},"excerpt":{"rendered":"<p>VISION Eco Construction is the catalyst through which every Cameroonian can have access to decent, affordable modern housing. MISSION We aim to provide access to modern housing for all Cameroonians by: educating potential clients on the benefits of using earth in construction. building affordable, modern housing using local materials. providing financing, where possible, in order [&hellip;]<\/p>\n","protected":false},"author":1,"featured_media":0,"parent":0,"menu_order":0,"comment_status":"closed","ping_status":"closed","template":"","meta":{"bgseo_title":"vision, mission, valeurs  Eco Construction est le catalyseur \u00e0 travers","bgseo_description":"vision, mission, valeurs\r\nEco Construction est le catalyseur \u00e0 travers lequel chaque Camerounais peut avoir acc\u00e8s \u00e0 un logement moderne, d\u00e9cent et abordable.","bgseo_robots_index":"index","bgseo_robots_follow":"follow","om_disable_all_campaigns":false,"_monsterinsights_skip_tracking":false,"_monsterinsights_sitenote_active":false,"_monsterinsights_sitenote_note":"","_monsterinsights_sitenote_category":0,"footnotes":""},"aioseo_notices":[],"_links":{"self":[{"href":"https:\/\/ecoconstructioncameroon.com\/en\/wp-json\/wp\/v2\/pages\/70"}],"collection":[{"href":"https:\/\/ecoconstructioncameroon.com\/en\/wp-json\/wp\/v2\/pages"}],"about":[{"href":"https:\/\/ecoconstructioncameroon.com\/en\/wp-json\/wp\/v2\/types\/page"}],"author":[{"embeddable":true,"href":"https:\/\/ecoconstructioncameroon.com\/en\/wp-json\/wp\/v2\/users\/1"}],"replies":[{"embeddable":true,"href":"https:\/\/ecoconstructioncameroon.com\/en\/wp-json\/wp\/v2\/comments?post=70"}],"version-history":[{"count":35,"href":"https:\/\/ecoconstructioncameroon.com\/en\/wp-json\/wp\/v2\/pages\/70\/revisions"}],"predecessor-version":[{"id":6325,"href":"https:\/\/ecoconstructioncameroon.com\/en\/wp-json\/wp\/v2\/pages\/70\/revisions\/6325"}],"wp:attachment":[{"href":"https:\/\/ecoconstructioncameroon.com\/en\/wp-json\/wp\/v2\/media?parent=70"}],"curies":[{"name":"wp","href":"https:\/\/api.w.org\/{rel}","templated":true}]}}