{"id":2137,"date":"2017-12-01T00:11:04","date_gmt":"2017-12-01T00:11:04","guid":{"rendered":"http:\/\/ecoconstructioncameroon.com\/?page_id=2137"},"modified":"2024-04-16T21:51:42","modified_gmt":"2024-04-16T21:51:42","slug":"finishing-options","status":"publish","type":"page","link":"https:\/\/ecoconstructioncameroon.com\/en\/finishing-options\/","title":{"rendered":"Finishing options"},"content":{"rendered":"<p><\/p>\n<div class=\"boldgrid-section\">\n<div class=\"container\">\n<div class=\"row\">\n<div class=\"col-md-12 text-center col-xs-12 col-sm-12 col-lg-12\">\n<h2 class=\"\">we offer 3 finishing options<\/h2>\n<h4 class=\"\">for each of the plans we propose, you can choose from 3 finishing options depending on the level of quality you prefer:&nbsp;standard, upscale or luxury. each finishing option comes with a different price depending on the floor plan you choose.<\/h4>\n<\/div>\n<\/div>\n<\/div>\n<\/div>\n<div class=\"boldgrid-section\">\n<div class=\"container-fluid\">\n<div class=\"row\">\n<div class=\"col-md-12 col-xs-12 col-sm-12 col-lg-12\"><\/div>\n<\/div>\n<\/div>\n<\/div>\n<div class=\"boldgrid-section\">\n<div class=\"container\">\n<div class=\"row\">\n<div class=\"col-md-12 col-xs-12 col-sm-12 col-lg-12\"><\/div>\n<\/div>\n<\/div>\n<\/div>\n<div class=\"boldgrid-section\">\n<div class=\"container\">\n<div class=\"row\">\n<div class=\"col-md-6 text-center col-xs-12 col-sm-12 col-lg-6\">\n<p class=\"mod-img\"><img loading=\"lazy\" decoding=\"async\" class=\"alignnone wp-image-7598 size-medium\" src=\"http:\/\/ecoconstructioncameroon.com\/wp-content\/uploads\/2021\/01\/0_196_709_472.205078125_WhatsApp-Image-2021-01-02-at-11.48.58-PM-1024x1024.jpeg\" alt=\"\" width=\"709\" height=\"472\" data-imhwpb-built-photo-search=\"14|landscape\" srcset=\"https:\/\/ecoconstructioncameroon.com\/wp-content\/uploads\/2021\/01\/0_196_709_472.205078125_WhatsApp-Image-2021-01-02-at-11.48.58-PM-1024x1024.jpeg 709w, https:\/\/ecoconstructioncameroon.com\/wp-content\/uploads\/2021\/01\/0_155_300_200.390625_WhatsApp-Image-2021-01-02-at-11.48.58-PM-768x768.jpeg 300w\" sizes=\"(max-width: 709px) 100vw, 709px\" \/><\/p>\n<\/div>\n<div class=\"col-md-6 col-sm-12 col-xs-12 col-lg-6\">\n<div class=\"row gridblock\">\n<div class=\"col-md-12 col-xs-12 col-sm-12 col-lg-12\">\n<div class=\"row bg-editor-hr-wrap\">\n<div class=\"col-md-12 col-xs-12 col-sm-12 col-lg-12\">\n<hr>\n<\/div>\n<\/div>\n<\/div>\n<\/div>\n<h3 class=\"xs-center sm-center\"><strong>Standard finishing<\/strong><\/h3>\n<p class=\"\">This is a no-frills option that comes with all the standard features you would expect in a home. If the client opts to build with SEBs, the house displays the natural aesthetics of stabilized earth bricks to show the natural beauty of these bricks. As a result, it is not plastered. Clients who opt to build with cement blocks will have their house plastered automatically. Standard finishing is ideal if you want to build a house for rent in order to keep costs low, or if you are building a house in the village for your parents. (Scroll below for details.)<\/p>\n<div class=\"row gridblock\">\n<div class=\"col-md-12 col-xs-12 col-sm-12 col-lg-12\">\n<div class=\"row\">\n<div class=\"col-md-12 col-xs-12 col-sm-12 col-lg-12\">\n<div class=\"mod-space\"><\/div>\n<\/div>\n<\/div>\n<\/div>\n<\/div>\n<div class=\"gridblock\"><\/div>\n<\/div>\n<\/div>\n<\/div>\n<\/div>\n<div class=\"boldgrid-section\">\n<div class=\"container\">\n<div class=\"row gridblock\">\n<div class=\"col-md-12 col-xs-12 col-sm-12 col-lg-12\"><\/div>\n<\/div>\n<\/div>\n<\/div>\n<div class=\"boldgrid-section\">\n<div class=\"container\">\n<div class=\"row\">\n<div class=\"col-md-6 text-center col-xs-12 col-sm-12 col-lg-6\">\n<p class=\"mod-img\"><img loading=\"lazy\" decoding=\"async\" class=\"alignnone wp-image-7773 size-medium\" src=\"http:\/\/ecoconstructioncameroon.com\/wp-content\/uploads\/2021\/10\/0_82_750_499.51171875_WhatsApp-Image-2021-10-10-at-9.55.09-PM-1024x768.jpeg\" alt=\"\" width=\"750\" height=\"499\" data-imhwpb-built-photo-search=\"57|landscape\"><\/p>\n<\/div>\n<div class=\"col-md-6 col-sm-12 col-xs-12 col-lg-6\">\n<div class=\"row gridblock\">\n<div class=\"col-md-12 col-xs-12 col-sm-12 col-lg-12\">\n<div>\n<div class=\"row bg-editor-hr-wrap\">\n<div class=\"col-md-12 col-xs-12 col-sm-12 col-lg-12\">\n<div>\n<hr>\n<\/div>\n<\/div>\n<\/div>\n<\/div>\n<\/div>\n<\/div>\n<h3 class=\"xs-center sm-center\"><strong>upscale finishing<\/strong><\/h3>\n<p class=\"\">This finishing is for anyone who wants a bit more refinement in the quality of their house. In this option, the house is plastered and painted to give a smooth, polished look. Higher quality 30 x 60 mm or 40x40mm tiles are used, together with better quality fixtures throughout the house. The ceiling in the living and dining rooms is also top quality lambris or staff, at the client&#8217;s discretion. This option is for the buyer with a good taste but a limited budget. (Scroll below for details.)<\/p>\n<div class=\"row gridblock\">\n<div class=\"col-md-12 col-xs-12 col-sm-12 col-lg-12\">\n<div class=\"row\">\n<div class=\"col-md-12 col-xs-12 col-sm-12 col-lg-12\">\n<div class=\"mod-space\"><\/div>\n<\/div>\n<\/div>\n<\/div>\n<\/div>\n<div class=\"gridblock\"><\/div>\n<\/div>\n<\/div>\n<\/div>\n<\/div>\n<div class=\"boldgrid-section\">\n<div class=\"container\">\n<div class=\"row gridblock\">\n<div class=\"col-md-12 col-xs-12 col-sm-12 col-lg-12\"><\/div>\n<\/div>\n<\/div>\n<\/div>\n<div class=\"boldgrid-section\">\n<div class=\"container\">\n<div class=\"row\">\n<div class=\"col-md-6 text-center col-xs-12 col-sm-12 col-lg-6\">\n<p class=\"mod-img\"><img loading=\"lazy\" decoding=\"async\" class=\"alignnone wp-image-2142 \" src=\"http:\/\/ecoconstructioncameroon.com\/wp-content\/uploads\/2017\/11\/small-beautiful-bungalow-house-design-300x200.jpg\" alt=\"\" width=\"387\" height=\"258\" data-imhwpb-built-photo-search=\"14|landscape\" srcset=\"https:\/\/ecoconstructioncameroon.com\/wp-content\/uploads\/2017\/11\/small-beautiful-bungalow-house-design-300x200.jpg 300w, https:\/\/ecoconstructioncameroon.com\/wp-content\/uploads\/2017\/11\/small-beautiful-bungalow-house-design-768x512.jpg 768w, https:\/\/ecoconstructioncameroon.com\/wp-content\/uploads\/2017\/11\/small-beautiful-bungalow-house-design-250x167.jpg 250w, https:\/\/ecoconstructioncameroon.com\/wp-content\/uploads\/2017\/11\/small-beautiful-bungalow-house-design-550x367.jpg 550w, https:\/\/ecoconstructioncameroon.com\/wp-content\/uploads\/2017\/11\/small-beautiful-bungalow-house-design-800x533.jpg 800w, https:\/\/ecoconstructioncameroon.com\/wp-content\/uploads\/2017\/11\/small-beautiful-bungalow-house-design-270x180.jpg 270w, https:\/\/ecoconstructioncameroon.com\/wp-content\/uploads\/2017\/11\/small-beautiful-bungalow-house-design-450x300.jpg 450w, https:\/\/ecoconstructioncameroon.com\/wp-content\/uploads\/2017\/11\/small-beautiful-bungalow-house-design-750x500.jpg 750w, https:\/\/ecoconstructioncameroon.com\/wp-content\/uploads\/2017\/11\/small-beautiful-bungalow-house-design.jpg 900w\" sizes=\"(max-width: 387px) 100vw, 387px\" \/><\/p>\n<\/div>\n<div class=\"col-md-6 col-sm-12 col-xs-12 col-lg-6\">\n<div class=\"row gridblock\">\n<div class=\"col-md-12 col-xs-12 col-sm-12 col-lg-12\">\n<div class=\"row bg-editor-hr-wrap\">\n<div class=\"col-md-12 col-xs-12 col-sm-12 col-lg-12\">\n<hr>\n<\/div>\n<\/div>\n<\/div>\n<\/div>\n<h3 class=\"xs-center sm-center\"><strong>luxury finishing<\/strong><\/h3>\n<p class=\"\">This option has refinement everywhere you look. It is for anyone with a discerning taste and the budget to match. Here, the house is also plastered and painted and features top quality fixtures throughout. The ceiling in the entire house is made of top quality staff or lambris &#8211; the choice is yours. The entire house is finished with 60&#215;60 mm porcelain tiles. Both the kitchen countertop and backsplash are tiled and bathroom walls are tiled from bottom to top, and the roof is made of painted galvanized roofing tiles (\u201ct\u00f4le tuiles\u201d) while all windows are sliding and tinted. Choose this option if you want a house for your utmost comfort, probably with an eye to the future in your retirement years. (Scroll below for details.)<\/p>\n<div class=\"row gridblock\">\n<div class=\"col-md-12 col-xs-12 col-sm-12 col-lg-12\">\n<div>\n<div class=\"row\">\n<div class=\"col-md-12 col-xs-12 col-sm-12 col-lg-12\">\n<div class=\"mod-space\"><\/div>\n<\/div>\n<\/div>\n<\/div>\n<\/div>\n<\/div>\n<div class=\"gridblock\"><\/div>\n<\/div>\n<\/div>\n<\/div>\n<\/div>\n<div class=\"boldgrid-section\" style=\"background-image: linear-gradient(to left, #169dc5, #facc2d);\" data-bg-color-1=\"rgb(22, 157, 197)\" data-bg-color-2=\"rgb(250, 204, 45)\" data-bg-direction=\"to left\">\n<div class=\"container\">\n<div class=\"row\">\n<div class=\"col-md-12 col-xs-12 col-sm-12 col-lg-12\">\n<h2 class=\"\" style=\"text-align: center;\"><strong>CHARACTERISTICS OF the<br \/>\n3 finishing OPTIONS<br \/>\n<\/strong><\/h2>\n<\/div>\n<\/div>\n<div class=\"row\" style=\"padding-top: 20px; padding-bottom: 20px; width: auto;\">\n<div class=\"col-md-4 col-xs-12 col-sm-4 col-lg-4\">\n<div class=\"text-center bg-box bg-box-edged color1-background-color color-1-text-contrast bg-background-color\" style=\"padding: 1em 0em;\">\n<p class=\"\"><i class=\"fa fa-rocket\" style=\"font-size: 42px;\" aria-hidden=\"true\"><span style=\"display: none;\">&nbsp;<\/span><\/i><\/p>\n<h3 class=\"\" style=\"font-style: italic; text-align: center;\"><strong>standard house<\/strong><\/h3>\n<ul class=\"\" style=\"font-size: 12px; line-height: 1.5em;\">\n<li style=\"text-align: left;\"><strong>Ceiling height:<\/strong> 2.6m<\/li>\n<li style=\"text-align: left;\"><strong>Roofing:<\/strong> 4mm galvanized roofing sheets (t\u00f4le bac), not painted<\/li>\n<li style=\"text-align: left;\">Gutters and downspouts not included<\/li>\n<li style=\"text-align: left;\"><strong>Plastering:<\/strong> only toilets (for houses in SEB)<\/li>\n<li style=\"text-align: left;\"><strong>Ceiling:<\/strong> using 4mm plywood<\/li>\n<li style=\"text-align: left;\"><strong>Tiling:<\/strong> 30\u00d730 floor tiles<\/li>\n<li style=\"text-align: left;\">Bathroom tiled \u00be wall height<\/li>\n<li style=\"text-align: left;\">Kitchen countertop tiled<\/li>\n<li style=\"text-align: left;\"><strong>Bathroom equipment:&nbsp;<\/strong> toilet, shower, sink, toilet roll holder, towel rack<\/li>\n<li style=\"text-align: left;\"><strong>Windows:<\/strong> with louvres<\/li>\n<li style=\"text-align: left;\"><strong>Kitchen:<\/strong> Good quality tap and sink<\/li>\n<li style=\"text-align: left;\"><strong>Window protectors:<\/strong> tube window protectors<\/li>\n<li style=\"text-align: left;\"><strong>Doors:<\/strong> External doors in hardwood;&nbsp; internal doors in soft wood. Door hardware in good quality<\/li>\n<li style=\"text-align: left;\"><strong>Wardrobes: <\/strong>Doors with hardwood doors, shelves in plywood. Dimensions: LWH: 2mx0.6mx2m<\/li>\n<li style=\"text-align: left;\"><strong>Plumbing:<\/strong> plumbing of the entire house<\/li>\n<li style=\"text-align: left;\"><strong>Septic tank:<\/strong> included<\/li>\n<li style=\"text-align: left;\"><strong>Electrification:<\/strong> The entire house, good quality wires and outlets<\/li>\n<li style=\"text-align: left;\"><strong>Painting:<\/strong>&nbsp; The entire house, using Goldstar, National or Universal paint<\/li>\n<\/ul>\n<\/div>\n<\/div>\n<div class=\"col-md-4 col-xs-12 col-sm-4 col-lg-4\">\n<div style=\"height: 100%; padding: 1.5em;\" class=\"text-center color3-background-color color-3-text-contrast bg-background-color bg-box\">\n<p class=\"\"><i class=\"fa fa-star-o\" style=\"font-size: 42px;\" aria-hidden=\"true\"><span style=\"display: none;\">&nbsp;<\/span><\/i><\/p>\n<h3 class=\"\" style=\"font-style: italic; text-align: center;\"><b>upscale house<\/b><\/h3>\n<ul class=\"bg-font-family-body\" style=\"font-size: 12px; line-height: 1.6em;\" data-font-class=\"bg-font-family-body\">\n<li style=\"text-align: left;\"><strong>Ceiling height:<\/strong> 2.8m<\/li>\n<li style=\"text-align: left;\"><strong>Roofing:<\/strong> 4mm painted galvanized roofing sheets (t\u00f4le bac)<\/li>\n<li style=\"text-align: left;\">Gutters and downspouts included<\/li>\n<li style=\"text-align: left;\"><strong>Plastering:<\/strong>&nbsp;entire house plastered<\/li>\n<li style=\"text-align: left;\"><strong>Ceiling:<\/strong> staff or lambris in living room and dining room, 4mm plywood elsewhere<\/li>\n<li style=\"text-align: left;\">T<strong>iling:<\/strong> 40\u00d740 floor tiles<\/li>\n<li style=\"text-align: left;\">Bathroom tiled \u00be wall height<\/li>\n<li style=\"text-align: left;\">Kitchen countertop tiled<\/li>\n<li style=\"text-align: left;\">Backsplash tiled 40cm high<\/li>\n<li style=\"text-align: left;\"><strong>Bathroom equipment:&nbsp;<\/strong> toilet, shower, sink, toilet roll holder, towel rack<\/li>\n<li style=\"text-align: left;\"><strong>Windows:<\/strong> sliding windows<\/li>\n<li style=\"text-align: left;\"><strong>Kitchen:<\/strong> Good quality sink and tap<\/li>\n<li style=\"text-align: left;\"><strong>Window protectors:<\/strong> tube window protectors<\/li>\n<li style=\"text-align: left;\"><strong>Doors:<\/strong> All doors in hardwood. Good quality hardware<\/li>\n<li style=\"text-align: left;\"><strong>Wardrobes: <\/strong>Hardwood doors, plywood shelves. Dimensions: LWH: 2mx0.6mx2m<\/li>\n<li style=\"text-align: left;\"><strong>Plumbing:<\/strong> plumbing of the entire house<\/li>\n<li style=\"text-align: left;\"><strong>Septic tank:<\/strong> included<\/li>\n<li style=\"text-align: left;\"><strong>Electrification:<\/strong> Entire house electrified with good quality wires and outlets<\/li>\n<li style=\"text-align: left;\"><strong>Painting:<\/strong>&nbsp; Entire house painted with Pantex 800 and Pantex 1300<\/li>\n<\/ul>\n<\/div>\n<\/div>\n<div class=\"col-md-4 col-xs-12 col-sm-4 col-lg-4\">\n<div class=\"text-center bg-box bg-box-edged color1-background-color color-1-text-contrast bg-background-color\" style=\"padding: 1em 0em;\">\n<p class=\"\"><i class=\"fa fa-diamond\" style=\"font-size: 42px;\" aria-hidden=\"true\"><span style=\"display: none;\">&nbsp;<\/span><\/i><\/p>\n<h3 class=\"\" style=\"font-style: italic; text-align: center;\"><b>luxury house<\/b><\/h3>\n<ul class=\"\" style=\"font-size: 12px; line-height: 1.5em; width: auto;\">\n<li style=\"text-align: left;\"><strong>Ceiling height:<\/strong> 3m<\/li>\n<li style=\"text-align: left;\"><strong>Roofing:<\/strong> 5mm painted galvanized roofing sheets (t\u00f4le tuiles)<\/li>\n<li style=\"text-align: left;\">Gutters and downspouts included<\/li>\n<li style=\"text-align: left;\"><strong>Plastering:<\/strong>&nbsp;entire house plastered<\/li>\n<li style=\"text-align: left;\"><strong>Ceiling:<\/strong> Staff or lambris throughout<\/li>\n<li style=\"text-align: left;\"><strong>Tiling:<\/strong> 60\u00d760 floor tiles<\/li>\n<li style=\"text-align: left;\">Bathroom tiled completely from floor to ceiling<\/li>\n<li style=\"text-align: left;\">Kitchen countertop tiled<\/li>\n<li style=\"text-align: left;\">Backsplash tiled, 50cm high&nbsp;<\/li>\n<li style=\"text-align: left;\"><strong>Bathroom equipment:&nbsp;<\/strong> Toilet, shower, sink, toilet roll holder, towel rack<\/li>\n<li style=\"text-align: left;\"><strong>Windows:<\/strong> Sliding windows with mosquito netting<\/li>\n<li style=\"text-align: left;\"><strong>Kitchen:<\/strong> Good quality sink and tap<\/li>\n<li style=\"text-align: left;\"><strong>Window protectors:<\/strong> cast iron window protectors<\/li>\n<li style=\"text-align: left;\"><strong>Doors:<\/strong> Hardwood doors with good quality hardware.<\/li>\n<li style=\"text-align: left;\"><strong>Wardrobes: <\/strong>Hardwood doors, plywood shelves. Dimensions: LWH: 2mx0.6mx2.5m<\/li>\n<li style=\"text-align: left;\"><strong>Plumbing:<\/strong> Plumbing of the entire house<\/li>\n<li style=\"text-align: left;\"><strong>Septic tank:<\/strong> included<\/li>\n<li style=\"text-align: left;\"><strong>Electrification:<\/strong> Entire house electrified with good quality wires and outlets<\/li>\n<li style=\"text-align: left;\"><strong>Painting:<\/strong>&nbsp; Entire house painted with Pantex 800 and Pantex 1300<\/li>\n<\/ul>\n<\/div>\n<\/div>\n<\/div>\n<\/div>\n<\/div>\n<p><\/p>","protected":false},"excerpt":{"rendered":"<p>we offer 3 finishing options for each of the plans we propose, you can choose from 3 finishing options depending on the level of quality you prefer:&nbsp;standard, upscale or luxury. each finishing option comes with a different price depending on the floor plan you choose. Standard finishing This is a no-frills option that comes with [&hellip;]<\/p>\n","protected":false},"author":1,"featured_media":0,"parent":0,"menu_order":0,"comment_status":"closed","ping_status":"closed","template":"","meta":{"bgseo_title":"finition de luxe , standard , haut de gamme est caract\u00e9ris\u00e9e par le ","bgseo_description":"La finition standard tire parti de l'esth\u00e9tique naturelle des blocs de terre stabilis\u00e9e et permet de montrer la beaut\u00e9 naturelle de ces blocs. ","bgseo_robots_index":"index","bgseo_robots_follow":"follow","om_disable_all_campaigns":false,"_monsterinsights_skip_tracking":false,"_monsterinsights_sitenote_active":false,"_monsterinsights_sitenote_note":"","_monsterinsights_sitenote_category":0,"footnotes":""},"aioseo_notices":[],"_links":{"self":[{"href":"https:\/\/ecoconstructioncameroon.com\/en\/wp-json\/wp\/v2\/pages\/2137"}],"collection":[{"href":"https:\/\/ecoconstructioncameroon.com\/en\/wp-json\/wp\/v2\/pages"}],"about":[{"href":"https:\/\/ecoconstructioncameroon.com\/en\/wp-json\/wp\/v2\/types\/page"}],"author":[{"embeddable":true,"href":"https:\/\/ecoconstructioncameroon.com\/en\/wp-json\/wp\/v2\/users\/1"}],"replies":[{"embeddable":true,"href":"https:\/\/ecoconstructioncameroon.com\/en\/wp-json\/wp\/v2\/comments?post=2137"}],"version-history":[{"count":116,"href":"https:\/\/ecoconstructioncameroon.com\/en\/wp-json\/wp\/v2\/pages\/2137\/revisions"}],"predecessor-version":[{"id":8760,"href":"https:\/\/ecoconstructioncameroon.com\/en\/wp-json\/wp\/v2\/pages\/2137\/revisions\/8760"}],"wp:attachment":[{"href":"https:\/\/ecoconstructioncameroon.com\/en\/wp-json\/wp\/v2\/media?parent=2137"}],"curies":[{"name":"wp","href":"https:\/\/api.w.org\/{rel}","templated":true}]}}