{"id":2001,"date":"2017-11-22T17:08:12","date_gmt":"2017-11-22T17:08:12","guid":{"rendered":"http:\/\/ecoconstructioncameroon.com\/?page_id=2001"},"modified":"2022-01-02T19:34:31","modified_gmt":"2022-01-02T19:34:31","slug":"faq","status":"publish","type":"page","link":"https:\/\/ecoconstructioncameroon.com\/en\/faq\/","title":{"rendered":"FAQ"},"content":{"rendered":"<p><\/p>\n<div class=\"tmpl-call_to_action-18 boldgrid-section dynamic-gridblock background-scroll\" style=\"color: #ffffff; background-size: cover; background-position: 50% 50%; background-image: linear-gradient(#4ca1af, #c4e0e5);\" data-bg-overlaycolor=\"rgba(0, 0, 0, 0.8)\" data-bg-color-1=\"#4CA1AF\" data-bg-color-2=\"#C4E0E5\" data-bg-direction=\"to bottom\">\n<div class=\"container-fluid\">\n<div class=\"row\" style=\"padding-top: 125px;\">\n<div class=\"col-md-2 col-sm-1 col-xs-12\"><\/div>\n<div class=\"col-md-8 col-sm-10 col-xs-12\">\n<h1 class=\"\" style=\"text-align: center; text-transform: uppercase;\"><strong>Frequently asked questions<\/strong><\/h1>\n<p class=\"h4\" style=\"text-align: center;\">We have attempted to answer the most common questions we receive from our clients.<\/p>\n<p class=\"h4\" style=\"text-align: center;\">click below to access the answers.<\/p>\n<\/div>\n<div class=\"col-md-2 col-sm-1 col-xs-12\"><\/div>\n<\/div>\n<div class=\"row wow headShake\" data-wow-duration=\"1s\" data-wow-delay=\"1s\" style=\"padding-top: 30px; padding-bottom: 125px;\">\n<div class=\"col-md-4 col-sm-2 col-xs-12\"><\/div>\n<div class=\"col-md-4 col-sm-4 col-xs-12\" style=\"padding: 1em;\">\n<p class=\"\" style=\"text-align: center;\"><a class=\"btn-color-1 btn btn-pill btn-regular\" href=\"https:\/\/ecoconstruction.flowlu.com\/hc\/15\">Answers to FAQ<\/a><\/p>\n<\/div>\n<\/div>\n<\/div>\n<\/div>\n<div class=\"boldgrid-section\">\n<div class=\"container\">\n<div class=\"row\">\n<div class=\"col-md-12 col-xs-12 col-sm-12\">\n<p>&nbsp;<\/p>\n<\/div>\n<\/div>\n<\/div>\n<\/div>\n<p><\/p>","protected":false},"excerpt":{"rendered":"<p>Frequently asked questions We have attempted to answer the most common questions we receive from our clients. click below to access the answers. Answers to FAQ &nbsp;<\/p>\n","protected":false},"author":1,"featured_media":0,"parent":0,"menu_order":0,"comment_status":"closed","ping_status":"closed","template":"","meta":{"bgseo_title":"question fr\u00e9quement pos\u00e9e : Nous avons tent\u00e9 de r\u00e9pondre aux qu","bgseo_description":"question fr\u00e9quement pos\u00e9e : Comment puis-je r\u00e9server ma maison ? Quels sont les avantages de r\u00e9server tout de suite ?\r\nQue se passe t-il apr\u00e8s que jai r\u00e9ussi","bgseo_robots_index":"index","bgseo_robots_follow":"follow","om_disable_all_campaigns":false,"_monsterinsights_skip_tracking":false,"_monsterinsights_sitenote_active":false,"_monsterinsights_sitenote_note":"","_monsterinsights_sitenote_category":0,"footnotes":""},"aioseo_notices":[],"_links":{"self":[{"href":"https:\/\/ecoconstructioncameroon.com\/en\/wp-json\/wp\/v2\/pages\/2001"}],"collection":[{"href":"https:\/\/ecoconstructioncameroon.com\/en\/wp-json\/wp\/v2\/pages"}],"about":[{"href":"https:\/\/ecoconstructioncameroon.com\/en\/wp-json\/wp\/v2\/types\/page"}],"author":[{"embeddable":true,"href":"https:\/\/ecoconstructioncameroon.com\/en\/wp-json\/wp\/v2\/users\/1"}],"replies":[{"embeddable":true,"href":"https:\/\/ecoconstructioncameroon.com\/en\/wp-json\/wp\/v2\/comments?post=2001"}],"version-history":[{"count":30,"href":"https:\/\/ecoconstructioncameroon.com\/en\/wp-json\/wp\/v2\/pages\/2001\/revisions"}],"predecessor-version":[{"id":7959,"href":"https:\/\/ecoconstructioncameroon.com\/en\/wp-json\/wp\/v2\/pages\/2001\/revisions\/7959"}],"wp:attachment":[{"href":"https:\/\/ecoconstructioncameroon.com\/en\/wp-json\/wp\/v2\/media?parent=2001"}],"curies":[{"name":"wp","href":"https:\/\/api.w.org\/{rel}","templated":true}]}}