{"id":1985,"date":"2017-11-22T15:03:38","date_gmt":"2017-11-22T15:03:38","guid":{"rendered":"http:\/\/ecoconstructioncameroon.com\/?page_id=1985"},"modified":"2018-08-16T05:40:47","modified_gmt":"2018-08-16T05:40:47","slug":"borehole-water-systems","status":"publish","type":"page","link":"https:\/\/ecoconstructioncameroon.com\/en\/borehole-water-systems\/","title":{"rendered":"Borehole water systems"},"content":{"rendered":"<p><\/p>\n<div class=\"tmpl-about-5 boldgrid-section dynamic-gridblock background-fixed\" style=\"background-position: 50% 50%; background-size: cover; background-image: url('http:\/\/ecoconstructioncameroon.com\/wp-content\/uploads\/2017\/12\/ixlibrb-0.3.5q80fmjpgcropentropycstinysrgbw1600h900fitcropsdabb2e6c34b0aa168839c3ec17373f5e.jpg');\" data-image-url=\"http:\/\/ecoconstructioncameroon.com\/wp-content\/uploads\/2017\/12\/ixlibrb-0.3.5q80fmjpgcropentropycstinysrgbw1600h900fitcropsdabb2e6c34b0aa168839c3ec17373f5e.jpg\">\n<div class=\"container-fluid\">\n<div class=\"row\">\n<div class=\"col-md-7 col-sm-6 col-xs-12\">\n<p class=\"mod-reset\"><img loading=\"lazy\" decoding=\"async\" class=\"wp-image-3518 aligncenter\" src=\"http:\/\/ecoconstructioncameroon.com\/wp-content\/uploads\/2017\/11\/Borehole-water-system2.jpg\" alt=\"\" width=\"431\" height=\"692\" srcset=\"https:\/\/ecoconstructioncameroon.com\/wp-content\/uploads\/2017\/11\/Borehole-water-system2.jpg 177w, https:\/\/ecoconstructioncameroon.com\/wp-content\/uploads\/2017\/11\/Borehole-water-system2-112x180.jpg 112w\" sizes=\"(max-width: 431px) 100vw, 431px\" \/><\/p>\n<\/div>\n<div class=\"col-md-5 col-sm-6 col-xs-12\">\n<div class=\"bg-box-cover color1-background-color color-1-text-contrast bg-background-color bg-box\" style=\"padding: 40px 20%;\">\n<h2 class=\"h1 color3-color\" style=\"text-align: center;\">borehole water systems<\/h2>\n<p class=\"\">Constant water shortages in our towns and cities mean that households can no longer rely on the public water supply for household needs.<\/p>\n<p class=\"\">One of the ways Eco Construction can alleviate this problem is by using modern technology to drill a private borehole (i.e., a narrow well) on your property which accesses water in the deep layers below the earth. It is then transported to the surface using immersed pumps.<\/p>\n<p class=\"\">The water can be stored in a tank which is in turn connected to the mains in your home to ensure constant water supply. This system comes with a purification system to provide excellent quality water for your family.<\/p>\n<\/div>\n<\/div>\n<\/div>\n<\/div>\n<\/div>\n<div class=\"boldgrid-section\">\n<div class=\"container-fluid\">\n<div class=\"row\">\n<div class=\"col-md-12 col-xs-12 col-sm-12\">\n<p class=\"\">&nbsp;<\/p>\n<p class=\"\" style=\"text-align: center;\"><a class=\"btn btn-raised btn-pill btn-color-2\" style=\"border-style: solid;\" href=\"http:\/\/ecoconstructioncameroon.com\/contact-us\/\">Request a quote today<\/a><\/p>\n<\/div>\n<\/div>\n<\/div>\n<\/div>\n<p><\/p>","protected":false},"excerpt":{"rendered":"<p>borehole water systems Constant water shortages in our towns and cities mean that households can no longer rely on the public water supply for household needs. One of the ways Eco Construction can alleviate this problem is by using modern technology to drill a private borehole (i.e., a narrow well) on your property which accesses [&hellip;]<\/p>\n","protected":false},"author":1,"featured_media":0,"parent":0,"menu_order":0,"comment_status":"closed","ping_status":"closed","template":"","meta":{"bgseo_title":"syst\u00e8mes d'eau de forage : les m\u00e9nages ne peuvent plus ","bgseo_description":"syst\u00e8mes d'eau de forage L'eau dans nos villes cause beaucoup  de p\u00e9nurie, les m\u00e9nages ne peuvent plus compter sur l'approvisionnement public en eau","bgseo_robots_index":"index","bgseo_robots_follow":"follow","om_disable_all_campaigns":false,"_monsterinsights_skip_tracking":false,"_monsterinsights_sitenote_active":false,"_monsterinsights_sitenote_note":"","_monsterinsights_sitenote_category":0,"footnotes":""},"aioseo_notices":[],"_links":{"self":[{"href":"https:\/\/ecoconstructioncameroon.com\/en\/wp-json\/wp\/v2\/pages\/1985"}],"collection":[{"href":"https:\/\/ecoconstructioncameroon.com\/en\/wp-json\/wp\/v2\/pages"}],"about":[{"href":"https:\/\/ecoconstructioncameroon.com\/en\/wp-json\/wp\/v2\/types\/page"}],"author":[{"embeddable":true,"href":"https:\/\/ecoconstructioncameroon.com\/en\/wp-json\/wp\/v2\/users\/1"}],"replies":[{"embeddable":true,"href":"https:\/\/ecoconstructioncameroon.com\/en\/wp-json\/wp\/v2\/comments?post=1985"}],"version-history":[{"count":8,"href":"https:\/\/ecoconstructioncameroon.com\/en\/wp-json\/wp\/v2\/pages\/1985\/revisions"}],"predecessor-version":[{"id":5755,"href":"https:\/\/ecoconstructioncameroon.com\/en\/wp-json\/wp\/v2\/pages\/1985\/revisions\/5755"}],"wp:attachment":[{"href":"https:\/\/ecoconstructioncameroon.com\/en\/wp-json\/wp\/v2\/media?parent=1985"}],"curies":[{"name":"wp","href":"https:\/\/api.w.org\/{rel}","templated":true}]}}