{"id":1982,"date":"2017-11-22T15:03:38","date_gmt":"2017-11-22T15:03:38","guid":{"rendered":"http:\/\/ecoconstructioncameroon.com\/?page_id=1982"},"modified":"2018-07-28T20:37:53","modified_gmt":"2018-07-28T20:37:53","slug":"fences","status":"publish","type":"page","link":"https:\/\/ecoconstructioncameroon.com\/en\/fences\/","title":{"rendered":"Fences"},"content":{"rendered":"<p><\/p>\n<div class=\"gallery-full-width tmpl-gallery-7 boldgrid-section dynamic-gridblock\" style=\"background-image: linear-gradient(to left, #a1ffce, #faffd1);\" data-bg-color-1=\"#A1FFCE\" data-bg-color-2=\"#FAFFD1\" data-bg-direction=\"to left\">\n<div class=\"container-fluid\">\n<div class=\"row\">\n<div class=\"col-md-3 col-sm-3 col-xs-6 text-center align-column-center\">\n<div style=\"padding: 2em;\" class=\"bg-box\">\n<h3 class=\"color1-color\"><strong>Advantages<\/strong><\/h3>\n<p class=\"\">Apart from the obvious security and safety value of a fence, a good fence also enhances privacy, beautifies the landscape, offers curb appeal and increases value of your property.<\/p>\n<\/div>\n<\/div>\n<div class=\"col-md-3 col-sm-3 col-xs-6 align-column-center\">\n<div class=\"bg-box-cover bg-box-flush bg-box\">\n<p class=\"mod-reset\"><img loading=\"lazy\" decoding=\"async\" class=\"bg-img alignnone wp-image-3589 size-medium\" src=\"http:\/\/ecoconstructioncameroon.com\/wp-content\/uploads\/2017\/11\/38_0_225_225_Fence-300x225.png\" alt=\"\" data-height=\"400\" data-width=\"400\" width=\"225\" height=\"225\" srcset=\"https:\/\/ecoconstructioncameroon.com\/wp-content\/uploads\/2017\/11\/38_0_225_225_Fence-300x225.png 225w, https:\/\/ecoconstructioncameroon.com\/wp-content\/uploads\/2017\/11\/Fence-150x150.png 150w, https:\/\/ecoconstructioncameroon.com\/wp-content\/uploads\/2017\/11\/Fence-48x48.png 48w\" sizes=\"(max-width: 225px) 100vw, 225px\" \/><\/p>\n<\/div>\n<\/div>\n<div class=\"col-md-3 col-sm-3 col-xs-6 text-center align-column-center\">\n<div style=\"padding: 2em;\" class=\"bg-box\">\n<p class=\"\">An Eco fence made of stabilized earth blocks will cost you a fraction of what a similar fence made of cement blocks would cost. You can thus be sure of saving millions of francs CFA in the process.<\/p>\n<\/div>\n<\/div>\n<div class=\"col-md-3 col-sm-3 col-xs-6 align-column-center\">\n<div class=\"bg-box-cover bg-box-flush bg-box\">\n<p class=\"mod-reset\"><img loading=\"lazy\" decoding=\"async\" class=\"bg-img alignnone wp-image-3590 size-medium\" src=\"http:\/\/ecoconstructioncameroon.com\/wp-content\/uploads\/2017\/11\/60_0_360_360_High-fence.png\" alt=\"\" data-height=\"400\" data-width=\"400\" width=\"360\" height=\"360\" srcset=\"https:\/\/ecoconstructioncameroon.com\/wp-content\/uploads\/2017\/11\/60_0_360_360_High-fence.png 360w, https:\/\/ecoconstructioncameroon.com\/wp-content\/uploads\/2017\/11\/High-fence-150x150.png 150w, https:\/\/ecoconstructioncameroon.com\/wp-content\/uploads\/2017\/11\/High-fence-48x48.png 48w, https:\/\/ecoconstructioncameroon.com\/wp-content\/uploads\/2017\/11\/High-fence-300x300.png 300w\" sizes=\"(max-width: 360px) 100vw, 360px\" \/><\/p>\n<\/div>\n<\/div>\n<\/div>\n<div class=\"row\">\n<div class=\"col-md-3 col-sm-3 col-xs-6 align-column-center\">\n<div class=\"bg-box-cover bg-box-flush bg-box\">\n<p class=\"mod-reset\"><img loading=\"lazy\" decoding=\"async\" class=\"bg-img alignnone wp-image-3592 size-medium\" src=\"http:\/\/ecoconstructioncameroon.com\/wp-content\/uploads\/2017\/11\/93_0_400_400_329a5d6b2e36653f474d414334ff5144-yard-fencing-wood-fences.jpg\" alt=\"\" data-height=\"400\" data-width=\"400\" width=\"400\" height=\"400\" srcset=\"https:\/\/ecoconstructioncameroon.com\/wp-content\/uploads\/2017\/11\/93_0_400_400_329a5d6b2e36653f474d414334ff5144-yard-fencing-wood-fences.jpg 400w, https:\/\/ecoconstructioncameroon.com\/wp-content\/uploads\/2017\/11\/329a5d6b2e36653f474d414334ff5144-yard-fencing-wood-fences-150x150.jpg 150w, https:\/\/ecoconstructioncameroon.com\/wp-content\/uploads\/2017\/11\/329a5d6b2e36653f474d414334ff5144-yard-fencing-wood-fences-48x48.jpg 48w, https:\/\/ecoconstructioncameroon.com\/wp-content\/uploads\/2017\/11\/329a5d6b2e36653f474d414334ff5144-yard-fencing-wood-fences-300x300.jpg 300w\" sizes=\"(max-width: 400px) 100vw, 400px\" \/><\/p>\n<\/div>\n<\/div>\n<div class=\"col-md-3 col-sm-3 col-xs-6 text-center align-column-center\">\n<div style=\"padding: 2em;\" class=\"bg-box\">\n<h3 class=\"color1-color\">many designs<\/h3>\n<p class=\"\">We propose many designs and three finishing options: standard, upscale and luxury.<\/p>\n<\/div>\n<\/div>\n<div class=\"col-md-3 col-sm-3 col-xs-6 align-column-center\">\n<div class=\"bg-box-cover bg-box-flush bg-box\">\n<p class=\"mod-reset\"><img loading=\"lazy\" decoding=\"async\" class=\"bg-img alignnone wp-image-3593 size-medium\" src=\"http:\/\/ecoconstructioncameroon.com\/wp-content\/uploads\/2017\/11\/50_0_249_249_Brick-Fence-1.png\" alt=\"\" data-height=\"400\" data-width=\"400\" width=\"249\" height=\"249\" srcset=\"https:\/\/ecoconstructioncameroon.com\/wp-content\/uploads\/2017\/11\/50_0_249_249_Brick-Fence-1.png 249w, https:\/\/ecoconstructioncameroon.com\/wp-content\/uploads\/2017\/11\/Brick-Fence-1-150x150.png 150w, https:\/\/ecoconstructioncameroon.com\/wp-content\/uploads\/2017\/11\/Brick-Fence-1-48x48.png 48w\" sizes=\"(max-width: 249px) 100vw, 249px\" \/><\/p>\n<\/div>\n<\/div>\n<div class=\"col-md-3 col-sm-3 col-xs-6 text-center align-column-center\">\n<div style=\"padding: 2em;\" class=\"bg-box\">\n<p class=\"\">The ultimate price of your fence will depend on the nature of the terrain, the perimeter of the property to be fenced and the choice of finishing.<\/p>\n<\/div>\n<\/div>\n<\/div>\n<\/div>\n<\/div>\n<p><\/p>","protected":false},"excerpt":{"rendered":"<p>Advantages Apart from the obvious security and safety value of a fence, a good fence also enhances privacy, beautifies the landscape, offers curb appeal and increases value of your property. An Eco fence made of stabilized earth blocks will cost you a fraction of what a similar fence made of cement blocks would cost. You [&hellip;]<\/p>\n","protected":false},"author":1,"featured_media":0,"parent":0,"menu_order":0,"comment_status":"closed","ping_status":"closed","template":"","meta":{"bgseo_title":"Les cl\u00f4tures Eco sont faites de blocs de terre stabilis\u00e9e","bgseo_description":"Outre la valeur de s\u00e9curit\u00e9 \u00e9vidente  des cl\u00f4tures, une bonne cl\u00f4ture pr\u00e9serve \u00e9galement l'intimit\u00e9, embellit le paysage, pr\u00e9sente un meilleur attrait exter","bgseo_robots_index":"index","bgseo_robots_follow":"follow","om_disable_all_campaigns":false,"_monsterinsights_skip_tracking":false,"_monsterinsights_sitenote_active":false,"_monsterinsights_sitenote_note":"","_monsterinsights_sitenote_category":0,"footnotes":""},"aioseo_notices":[],"_links":{"self":[{"href":"https:\/\/ecoconstructioncameroon.com\/en\/wp-json\/wp\/v2\/pages\/1982"}],"collection":[{"href":"https:\/\/ecoconstructioncameroon.com\/en\/wp-json\/wp\/v2\/pages"}],"about":[{"href":"https:\/\/ecoconstructioncameroon.com\/en\/wp-json\/wp\/v2\/types\/page"}],"author":[{"embeddable":true,"href":"https:\/\/ecoconstructioncameroon.com\/en\/wp-json\/wp\/v2\/users\/1"}],"replies":[{"embeddable":true,"href":"https:\/\/ecoconstructioncameroon.com\/en\/wp-json\/wp\/v2\/comments?post=1982"}],"version-history":[{"count":26,"href":"https:\/\/ecoconstructioncameroon.com\/en\/wp-json\/wp\/v2\/pages\/1982\/revisions"}],"predecessor-version":[{"id":5710,"href":"https:\/\/ecoconstructioncameroon.com\/en\/wp-json\/wp\/v2\/pages\/1982\/revisions\/5710"}],"wp:attachment":[{"href":"https:\/\/ecoconstructioncameroon.com\/en\/wp-json\/wp\/v2\/media?parent=1982"}],"curies":[{"name":"wp","href":"https:\/\/api.w.org\/{rel}","templated":true}]}}