{"id":15,"date":"2017-07-22T19:13:57","date_gmt":"2017-07-22T19:13:57","guid":{"rendered":"http:\/\/ecoconstructioncameroon.com\/contact-us\/"},"modified":"2025-06-05T22:33:39","modified_gmt":"2025-06-05T22:33:39","slug":"contact-us","status":"publish","type":"page","link":"https:\/\/ecoconstructioncameroon.com\/en\/contact-us\/","title":{"rendered":"Contact Us"},"content":{"rendered":"<p><\/p>\n<div class=\"boldgrid-section\">\n<div class=\"container\">\n<div class=\"row\" style=\"padding-top: 0px;\">\n<div class=\"col-md-8 col-sm-8 col-xs-12 col-lg-8\">\n<p class=\"\"><span style=\"color: #000080;\"><strong>Question? Comment? Request?<\/strong><\/span><\/p>\n<p class=\"\">&nbsp;<br \/>\n<a href=\"https:\/\/form.jotform.com\/250658314519258\">Click for a live chat with our agent<\/a><\/p>\n<\/div>\n<\/div>\n<\/div>\n<div class=\"col-md-4 col-sm-4 col-xs-12 col-lg-4\">\n<div style=\"border-width: 0px;\" class=\"\">\n<h3 class=\"\" style=\"text-align: center;\"><i class=\"fa fa-phone\" style=\"border-width: 0px;\">&nbsp;<\/i><span style=\"color: #0b2a61;\"><b>+237-653-267-638<\/b><\/span><\/h3>\n<h3 class=\"\" style=\"text-align: center;\"><i class=\"fa fa-whatsapp\" style=\"border-width: 0px;\">&nbsp;\/&nbsp;<\/i><i class=\"fa fa-commenting-o\" style=\"border-width: 0px;\">&nbsp;<\/i><\/h3>\n<h3 class=\"\" style=\"text-align: center; border-width: 0px; font-size: 18px; font-style: normal; text-transform: none; color: #000000;\" data-font-style=\"normal\"><span style=\"color: #0b2a61;\"><b><a href=\"https:\/\/wa.me\/+237653267638\">Click here to chat with us on<\/a><br \/>\nWhatsApp<\/b><\/span><\/h3>\n<h3 class=\"\" style=\"text-align: center;\"><i class=\"fa fa-1x fa-map-marker\"><!-- icon --><\/i> AddressES<\/h3>\n<p class=\"\" style=\"background-color: #1e73be; color: #ffffff; line-height: 1.2em;\"><strong>Douala: <\/strong>&nbsp;<br \/>\nP.O. Box 3903, Bonanjo<\/p>\n<p class=\"\" style=\"margin-bottom: 5px; color: #ffffff; background-color: #1e73be; line-height: 1.2em; font-size: 15px;\"><strong>Montreal:<\/strong>&nbsp;<br \/>\n255 D&#8217;Anjou Blvd, Suite 257F Ch\u00e2teauguay, Quebec, Canada J6J 2R4<\/p>\n<p class=\"mod-reset\"><img loading=\"lazy\" decoding=\"async\" class=\"alignnone size-full wp-image-35\" src=\"http:\/\/ecoconstructioncameroon.com\/wp-content\/uploads\/2017\/07\/aHR0cHM6Ly9zb3VyY2UudW5zcGxhc2guY29tL0h6RWIzWlJ0Vjg4LzYwMHg0NTA_3D-imhwpb-qiic6rmqaoosy7y.jpg\" alt=\"\" width=\"600\" height=\"450\" data-imhwpb-asset-id=\"780433\" srcset=\"https:\/\/ecoconstructioncameroon.com\/wp-content\/uploads\/2017\/07\/aHR0cHM6Ly9zb3VyY2UudW5zcGxhc2guY29tL0h6RWIzWlJ0Vjg4LzYwMHg0NTA_3D-imhwpb-qiic6rmqaoosy7y.jpg 600w, https:\/\/ecoconstructioncameroon.com\/wp-content\/uploads\/2017\/07\/aHR0cHM6Ly9zb3VyY2UudW5zcGxhc2guY29tL0h6RWIzWlJ0Vjg4LzYwMHg0NTA_3D-imhwpb-qiic6rmqaoosy7y-300x225.jpg 300w\" sizes=\"(max-width: 600px) 100vw, 600px\" \/><\/p>\n<\/div>\n<\/div>\n<\/div>\n<p><\/p>","protected":false},"excerpt":{"rendered":"<p>Question? Comment? Request? &nbsp; Click for a live chat with our agent &nbsp;+237-653-267-638 &nbsp;\/&nbsp;&nbsp; Click here to chat with us on WhatsApp AddressES Douala: &nbsp; P.O. Box 3903, Bonanjo Montreal:&nbsp; 255 D&#8217;Anjou Blvd, Suite 257F Ch\u00e2teauguay, Quebec, Canada J6J 2R4<\/p>\n","protected":false},"author":1,"featured_media":0,"parent":0,"menu_order":0,"comment_status":"closed","ping_status":"closed","template":"","meta":{"bgseo_title":"contact pour avoir n retour dans les plus bref delais","bgseo_description":"contact pour avoir n retour dans les plus bref delais, Question? Commentaire? Requ\u00eate? N'h\u00e9sitez pas \u00e0 nous \u00e9crire. Si vous \u00eates int\u00e9ress\u00e9 par nos services","bgseo_robots_index":"index","bgseo_robots_follow":"follow","om_disable_all_campaigns":false,"_monsterinsights_skip_tracking":false,"_monsterinsights_sitenote_active":false,"_monsterinsights_sitenote_note":"","_monsterinsights_sitenote_category":0,"footnotes":""},"aioseo_notices":[],"_links":{"self":[{"href":"https:\/\/ecoconstructioncameroon.com\/en\/wp-json\/wp\/v2\/pages\/15"}],"collection":[{"href":"https:\/\/ecoconstructioncameroon.com\/en\/wp-json\/wp\/v2\/pages"}],"about":[{"href":"https:\/\/ecoconstructioncameroon.com\/en\/wp-json\/wp\/v2\/types\/page"}],"author":[{"embeddable":true,"href":"https:\/\/ecoconstructioncameroon.com\/en\/wp-json\/wp\/v2\/users\/1"}],"replies":[{"embeddable":true,"href":"https:\/\/ecoconstructioncameroon.com\/en\/wp-json\/wp\/v2\/comments?post=15"}],"version-history":[{"count":115,"href":"https:\/\/ecoconstructioncameroon.com\/en\/wp-json\/wp\/v2\/pages\/15\/revisions"}],"predecessor-version":[{"id":8873,"href":"https:\/\/ecoconstructioncameroon.com\/en\/wp-json\/wp\/v2\/pages\/15\/revisions\/8873"}],"wp:attachment":[{"href":"https:\/\/ecoconstructioncameroon.com\/en\/wp-json\/wp\/v2\/media?parent=15"}],"curies":[{"name":"wp","href":"https:\/\/api.w.org\/{rel}","templated":true}]}}