{"id":13,"date":"2017-07-22T19:13:57","date_gmt":"2017-07-22T19:13:57","guid":{"rendered":"http:\/\/ecoconstructioncameroon.com\/about-us\/"},"modified":"2018-08-01T03:40:58","modified_gmt":"2018-08-01T03:40:58","slug":"about-us","status":"publish","type":"page","link":"https:\/\/ecoconstructioncameroon.com\/en\/about-us\/","title":{"rendered":"Who we are. What we do."},"content":{"rendered":"<p><\/p>\n<div class=\"color1-background-color color-1-text-contrast bg-background-color tmpl-about-8 boldgrid-section dynamic-gridblock\" style=\"margin-top: 50px; margin-right: 50px;\">\n<div class=\"container-fluid\">\n<div class=\"row\">\n<div class=\"col-md-1 col-sm-2 col-xs-12\"><\/div>\n<div class=\"col-md-4 col-sm-6 col-xs-12 text-center\">\n<div class=\"bg-box-cover color2-background-color color-2-text-contrast bg-background-color bg-box\" style=\"margin-left: -35px; margin-top: -35px; padding: 3em; box-shadow: 1px 4px 5px 0px rgba(0, 0, 0, 0.75);\">\n<h2 style=\"text-transform: uppercase; margin-top: 10px; margin-bottom: 10px;\">who we are<\/h2>\n<div class=\"row bg-editor-hr-wrap\">\n<div class=\"col-md-12 col-xs-12 col-sm-12\">\n<hr width=\"80%\" class=\"bg-hr-7 color1-color bg-hr\">\n<\/div>\n<\/div>\n<\/div>\n<\/div>\n<div class=\"col-md-7 col-sm-4 col-xs-12\"><\/div>\n<\/div>\n<div class=\"row\" style=\"padding-bottom: 50px;\">\n<div class=\"col-md-2 col-xs-12 col-sm-2\">\n<div class=\"bg-box-flush bg-box-cover bg-box\">\n<p class=\"mod-reset\"><img loading=\"lazy\" decoding=\"async\" width=\"400\" height=\"349\" class=\"bg-img alignnone wp-image-3540 size-medium\" style=\"margin-top: -20px; box-shadow: 1px 4px 5px 0px rgba(0,0,0,0.75);\" alt=\"\" src=\"http:\/\/ecoconstructioncameroon.com\/wp-content\/uploads\/2017\/11\/37_0_400_349.479940565_Solar-lighting.png\" data-width=\"400\" data-height=\"350\"><\/p>\n<\/div>\n<\/div>\n<div class=\"col-md-5 col-sm-5 col-xs-9\">\n<div class=\"color2-background-color color-2-text-contrast bg-background-color bg-box\" style=\"margin-top: 35px; margin-left: -35px; margin-right: -35px; padding: 3em; box-shadow: 1px 4px 5px 0px rgba(0,0,0,0.75); z-index: 1; position: relative;\">\n<p>Eco Construction Cameroon is a privately owned company that was founded to provide affordable housing in Cameroon.<\/p>\n<p>We embrace an ecological approach to construction using earth, which ensures great prices for our clients.&nbsp;<\/p>\n<p>In addition to houses, we also offer a wide range of environmentally friendly products to complement our core product: fences, boreholes, solar lighting systems, rainwater harvesting systems, as well as landscaping services.<\/p>\n<div class=\"row bg-editor-hr-wrap\">\n<div class=\"col-md-12 col-xs-12 col-sm-12\">\n<hr class=\"bg-hr-7 color1-color bg-hr\">\n<\/div>\n<\/div>\n<\/div>\n<\/div>\n<div class=\"col-md-5 col-xs-3 col-sm-5\">\n<div class=\"bg-box-flush bg-box\" style=\"margin-top: -100px; margin-right: -35px; margin-left: -15px;\">\n<p class=\"mod-reset\"><img loading=\"lazy\" decoding=\"async\" width=\"727\" height=\"427\" class=\"bg-img alignnone wp-image-506 size-medium\" style=\"margin-top: 35px; box-shadow: 1px 4px 5px 0px rgba(0,0,0,0.75);\" alt=\"\" src=\"http:\/\/ecoconstructioncameroon.com\/wp-content\/uploads\/2017\/07\/0_23_727_427_image4.png\" data-width=\"850\" data-height=\"500\"><\/p>\n<\/div>\n<\/div>\n<\/div>\n<\/div>\n<\/div>\n<div class=\"color3-background-color color-3-text-contrast bg-background-color tmpl-about-8 boldgrid-section dynamic-gridblock\" style=\"margin-top: 50px; margin-right: 50px;\">\n<div class=\"container-fluid\">\n<div class=\"row\">\n<div class=\"col-md-1 col-sm-2 col-xs-12\"><\/div>\n<div class=\"col-md-4 col-sm-6 col-xs-12 text-center\">\n<div class=\"bg-box-cover color1-background-color color-1-text-contrast bg-background-color bg-box\" style=\"margin-left: -35px; margin-top: -35px; padding: 3em; box-shadow: 1px 4px 5px 0px rgba(0, 0, 0, 0.75);\">\n<h2 style=\"text-transform: uppercase; margin-top: 10px; margin-bottom: 10px;\">what we do<\/h2>\n<div class=\"row bg-editor-hr-wrap\">\n<div class=\"col-md-12 col-xs-12 col-sm-12\">\n<hr width=\"80%\" class=\"bg-hr-7 color3-color bg-hr\">\n<\/div>\n<\/div>\n<\/div>\n<\/div>\n<div class=\"col-md-7 col-sm-4 col-xs-12\"><\/div>\n<\/div>\n<div class=\"row\" style=\"padding-bottom: 50px;\">\n<div class=\"col-md-2 col-xs-12 col-sm-2\">\n<div class=\"bg-box-flush bg-box-cover bg-box\">\n<p class=\"mod-reset\"><img loading=\"lazy\" decoding=\"async\" width=\"225\" height=\"197\" class=\"bg-img alignnone wp-image-3538 size-full\" style=\"margin-top: -20px; box-shadow: 1px 4px 5px 0px rgba(0,0,0,0.75);\" alt=\"\" src=\"http:\/\/ecoconstructioncameroon.com\/wp-content\/uploads\/2017\/11\/0_14_225_197_Solar-lighting3.jpg\" data-width=\"400\" data-height=\"350\"><\/p>\n<\/div>\n<\/div>\n<div class=\"col-md-5 col-sm-5 col-xs-9\">\n<div class=\"color1-background-color color-1-text-contrast bg-background-color bg-box\" style=\"margin-top: 35px; margin-left: -35px; margin-right: -35px; padding: 3em; box-shadow: 1px 4px 5px 0px rgba(0,0,0,0.75); z-index: 1; position: relative;\">\n<p>We build houses. Given the obvious housing shortage in Cameroon, Eco Construction has conceived of a unique solution to overcome the twin challenges of lack of financing and the need for affordable housing by using earth, a building approach that has been housing billions of people around the world since the 1950s. But our approach is not limited to building with earth. If you prefer us to use regular cement blocks for your project, we do that too.<\/p>\n<p>If you have a piece of land and would like to build, we facilitate the process by presenting you various house plans to choose from. We offer plans for two-, three- and four-bedroom houses. You also select the quality of house you want. We offer 3 categories of houses: standard, upscale and luxury. We have standard prices based on the size of the house and the level of quality you desire. Based on your choice, we will build your home for you &#8211; from the foundation to finishing &#8211; and hand you the keys. It&#8217;s that simple.<\/p>\n<div><\/div>\n<div class=\"mod-space\">Whether you opt for earth-blocks or regular cement blocks, our prices are several million francs less than what it would cost you to build your house yourself, or what it would cost to have it built by a contractor.<\/div>\n<div><\/div>\n<p>&nbsp;<\/p>\n<p>.<\/p>\n<\/div>\n<\/div>\n<div class=\"col-md-5 col-xs-3 col-sm-5\">\n<div class=\"bg-box-flush bg-box\" style=\"margin-top: -100px; margin-right: -35px; margin-left: -15px;\">\n<p class=\"mod-reset\"><img loading=\"lazy\" decoding=\"async\" width=\"272\" height=\"160\" class=\"bg-img alignnone wp-image-2050 size-medium\" style=\"margin-top: 35px; box-shadow: 1px 4px 5px 0px rgba(0,0,0,0.75);\" alt=\"\" src=\"http:\/\/ecoconstructioncameroon.com\/wp-content\/uploads\/2017\/07\/35_0_272_160_construction-in-progress-showing-blocks.png\" data-width=\"850\" data-height=\"500\"><\/p>\n<\/div>\n<\/div>\n<\/div>\n<\/div>\n<\/div>\n<p><\/p>","protected":false},"excerpt":{"rendered":"<p>who we are Eco Construction Cameroon is a privately owned company that was founded to provide affordable housing in Cameroon. We embrace an ecological approach to construction using earth, which ensures great prices for our clients.&nbsp; In addition to houses, we also offer a wide range of environmentally friendly products to complement our core product: [&hellip;]<\/p>\n","protected":false},"author":1,"featured_media":0,"parent":0,"menu_order":0,"comment_status":"closed","ping_status":"closed","template":"","meta":{"bgseo_title":"qui nous sommes :Eco Construction Cameroon est une soci\u00e9t\u00e9 priv\u00e9e","bgseo_description":"qui nous sommes : Eco Construction Cameroon est une soci\u00e9t\u00e9 priv\u00e9e qui a pour mission la construction de logements abordables. Nous adoptons une approche ..","bgseo_robots_index":"index","bgseo_robots_follow":"follow","om_disable_all_campaigns":false,"_monsterinsights_skip_tracking":false,"_monsterinsights_sitenote_active":false,"_monsterinsights_sitenote_note":"","_monsterinsights_sitenote_category":0,"footnotes":""},"aioseo_notices":[],"_links":{"self":[{"href":"https:\/\/ecoconstructioncameroon.com\/en\/wp-json\/wp\/v2\/pages\/13"}],"collection":[{"href":"https:\/\/ecoconstructioncameroon.com\/en\/wp-json\/wp\/v2\/pages"}],"about":[{"href":"https:\/\/ecoconstructioncameroon.com\/en\/wp-json\/wp\/v2\/types\/page"}],"author":[{"embeddable":true,"href":"https:\/\/ecoconstructioncameroon.com\/en\/wp-json\/wp\/v2\/users\/1"}],"replies":[{"embeddable":true,"href":"https:\/\/ecoconstructioncameroon.com\/en\/wp-json\/wp\/v2\/comments?post=13"}],"version-history":[{"count":39,"href":"https:\/\/ecoconstructioncameroon.com\/en\/wp-json\/wp\/v2\/pages\/13\/revisions"}],"predecessor-version":[{"id":5716,"href":"https:\/\/ecoconstructioncameroon.com\/en\/wp-json\/wp\/v2\/pages\/13\/revisions\/5716"}],"wp:attachment":[{"href":"https:\/\/ecoconstructioncameroon.com\/en\/wp-json\/wp\/v2\/media?parent=13"}],"curies":[{"name":"wp","href":"https:\/\/api.w.org\/{rel}","templated":true}]}}